{"id":168,"date":"2024-10-24T08:55:22","date_gmt":"2024-10-24T08:55:22","guid":{"rendered":"https:\/\/tasng-agriculture.com\/?page_id=168"},"modified":"2024-11-05T08:01:34","modified_gmt":"2024-11-05T08:01:34","slug":"refund-policy","status":"publish","type":"page","link":"https:\/\/tasng-agriculture.com\/es\/refund-policy\/","title":{"rendered":"Pol\u00edtica de devoluciones"},"content":{"rendered":"<div class=\"wp-block-greenshift-blocks-row alignfull gspb_row gspb_row-id-gsbp-3694c5a\" id=\"gspb_row-id-gsbp-3694c5a\"><div class=\"gspb_backgroundOverlay\"><\/div><div class=\"gspb_row__content\"> \n<div class=\"wp-block-greenshift-blocks-row-column gspb_row__col--6 gspb_col-id-gsbp-e148682\" id=\"gspb_col-id-gsbp-e148682\">\n<div class=\"gspb_button_wrapper gspb_button-id-gsbp-e7827f9\" id=\"gspb_button-id-gsbp-e7827f9\"><a class=\"wp-block-greenshift-blocks-buttonbox gspb-buttonbox wp-element-button\" href=\"https:\/\/tasng-agriculture.com\/es\/\" rel=\"noopener\"><span class=\"gspb-buttonbox-textwrap\"><span class=\"gspb-buttonbox-text\"><span class=\"gspb-buttonbox-title\">INICIO<\/span><\/span><span class=\"gspb-buttonbox-icon\"><svg class=\"\" style=\"display:inline-block;vertical-align:middle\" width=\"15\" height=\"15\" viewbox=\"0 0 384 1024\" xmlns=\"http:\/\/www.w3.org\/2000\/svg\"><path style=\"fill:#565D66\" d=\"M0 769.324v-514.648c0-35.636 43.086-53.482 68.284-28.284l257.324 257.324c15.62 15.62 15.62 40.948 0 56.568l-257.324 257.324c-25.198 25.2-68.284 7.352-68.284-28.284z\"><\/path><\/svg><\/span><\/span><\/a><\/div>\n\n\n\n<h1 id=\"gspb_heading-id-gsbp-bfa2e0c\" class=\"gspb_heading gspb_heading-id-gsbp-bfa2e0c\">Pol\u00edtica de devoluciones<\/h1>\n<\/div>\n\n\n\n<div class=\"wp-block-greenshift-blocks-row-column gspb_row__col--6 gspb_col-id-gsbp-2314e94\" id=\"gspb_col-id-gsbp-2314e94\"><\/div>\n <\/div><\/div>\n\n\n\n<div class=\"wp-block-greenshift-blocks-row gspb_row gspb_row-id-gsbp-85ad290\" id=\"gspb_row-id-gsbp-85ad290\"><div class=\"gspb_row__content\"> \n<div class=\"wp-block-greenshift-blocks-row-column gspb_row__col--12 gspb_col-id-gsbp-8a3d726\" id=\"gspb_col-id-gsbp-8a3d726\">\n<p>Qingdao Dashun Jingfeng Agricultural Machinery Co., Ltd. nos esforzamos por ofrecer productos de alta calidad y un excelente servicio al cliente. Entendemos que a veces un producto puede no cumplir con sus expectativas. En tal caso, ofrecemos una pol\u00edtica de reembolso que le permite devolver el producto dentro de un cierto per\u00edodo de tiempo a partir de la fecha de compra.<\/p>\n\n\n\n<p>Tenga en cuenta que no podemos prometer ni garantizar el resultado de ninguno de los productos que ofrecemos. Nos esforzamos por ofrecer productos de alta calidad, pero el \u00e9xito de cualquier producto depende de varios factores que est\u00e1n fuera de nuestro control. Por lo tanto, no podemos ofrecer reembolsos basados en el resultado de ning\u00fan producto.<\/p>\n\n\n\n<p>Nuestra pol\u00edtica de reembolso es la siguiente:<br>Si no est\u00e1 satisfecho con el producto, puede optar a una devoluci\u00f3n.<br>Para iniciar una devoluci\u00f3n, p\u00f3ngase en contacto con nosotros en <a href=\"mailto:postmaster@sdxnsw.cn\">cyq@dashunjingfeng.com<\/a><span style=\"font-size: revert; background-color: transparent; color: var(--theme-text-color); font-family: var(--theme-font-family); font-style: var(--theme-font-style, inherit); font-weight: var(--theme-font-weight); letter-spacing: var(--theme-letter-spacing); text-transform: var(--theme-text-transform);\">.<\/span>El producto debe estar en su embalaje original y en estado nuevo para poder ser devuelto.<br>Los gastos de env\u00edo no son reembolsables.<br>Una vez que recibamos el producto, lo evaluaremos y determinaremos si procede la devoluci\u00f3n.<br>Tenga en cuenta que nos reservamos el derecho a rechazar una devoluci\u00f3n si el producto no cumple los criterios de nuestra pol\u00edtica de devoluciones.<\/p>\n\n\n\n<p>Si tiene alguna pregunta o duda sobre nuestra pol\u00edtica de devoluciones, no dude en ponerse en contacto con nosotros en&nbsp;<a href=\"mailto:postmaster@sdxnsw.cn\">cyq@dashunjingfeng.com<\/a><span style=\"font-size: revert; background-color: transparent; color: var(--theme-text-color); font-family: var(--theme-font-family); font-style: var(--theme-font-style, inherit); font-weight: var(--theme-font-weight); letter-spacing: var(--theme-letter-spacing); text-transform: var(--theme-text-transform);\">.<\/span><\/p>\n<\/div>\n <\/div><\/div>","protected":false},"excerpt":{"rendered":"","protected":false},"author":1,"featured_media":0,"parent":0,"menu_order":0,"comment_status":"closed","ping_status":"closed","template":"","meta":{"_gspb_post_css":"#gspb_row-id-gsbp-3694c5a{justify-content:space-between;margin-top:0;margin-bottom:0;display:flex;flex-wrap:wrap;min-height:600px}#gspb_row-id-gsbp-3694c5a>.gspb_row__content{display:flex;justify-content:space-between;margin:0 auto;width:100%;flex-wrap:wrap;align-items:center}.gspb_row{position:relative}div[id^=gspb_col-id]{box-sizing:border-box;position:relative;padding:15px min(3vw,20px)}@media (max-width:991.98px){#gspb_row-id-gsbp-3694c5a{min-height:400px}}@media (max-width:575.98px){#gspb_row-id-gsbp-3694c5a{min-height:200px}}#gspb_row-id-gsbp-3694c5a{align-content:center;background-size:cover;background-image:url(https:\/\/tasng-agriculture.com\/wp-content\/uploads\/2024\/10\/59-1.jpg);isolation:isolate}#gspb_row-id-gsbp-3694c5a:hover{background-size:cover}#gspb_row-id-gsbp-3694c5a>.gspb_backgroundOverlay{position:absolute;top:0;left:0;width:100%;height:100%;z-index:-1;opacity:.4;background-color:#000}#gspb_col-id-gsbp-e148682.gspb_row__col--6{width:50%}@media (max-width:575.98px){#gspb_col-id-gsbp-e148682.gspb_row__col--6{width:100%}}#gspb_button-id-gsbp-e7827f9{display:flex;justify-content:flex-start}#gspb_button-id-gsbp-e7827f9 .gspb-buttonbox-text{display:flex;flex-direction:column}#gspb_button-id-gsbp-e7827f9>.gspb-buttonbox{box-sizing:border-box}#gspb_button-id-gsbp-e7827f9>.gspb-buttonbox>.gspb-buttonbox-textwrap>.gspb-buttonbox-icon{display:flex}#gspb_button-id-gsbp-e7827f9>.gspb-buttonbox .gspb-buttonbox-icon svg,#gspb_button-id-gsbp-e7827f9>.gspb-buttonbox .gspb-buttonbox-icon svg path{fill:var(--wp--preset--color--palette-color-8, var(--theme-palette-color-8, #ffffff))!important}#gspb_button-id-gsbp-e7827f9>.gspb-buttonbox .gspb-buttonbox-icon svg{margin:0!important}#gspb_button-id-gsbp-e7827f9>.gspb-buttonbox:hover .gspb-buttonbox-icon svg,#gspb_button-id-gsbp-e7827f9>.gspb-buttonbox:hover .gspb-buttonbox-icon svg path{fill:var(--wp--preset--color--palette-color-2, var(--theme-palette-color-2, #a0d9f6))!important}#gspb_button-id-gsbp-e7827f9>.gspb-buttonbox>.gspb-buttonbox-textwrap{display:flex;flex-direction:row;align-items:center}#gspb_button-id-gsbp-e7827f9 .gspb-buttonbox-icon{margin-left:13px}#gspb_button-id-gsbp-e7827f9>.gspb-buttonbox,#gspb_heading-id-gsbp-bfa2e0c{color:var(--wp--preset--color--palette-color-8, var(--theme-palette-color-8, #ffffff))}#gspb_button-id-gsbp-e7827f9>.gspb-buttonbox{padding-left:0;background-color:#ffffff00}#gspb_button-id-gsbp-e7827f9>.gspb-buttonbox:hover{color:var(--wp--preset--color--palette-color-2, var(--theme-palette-color-2, #a0d9f6))}#gspb_heading-id-gsbp-bfa2e0c{font-size:45px;margin-top:0}#gspb_col-id-gsbp-2314e94.gspb_row__col--6{width:50%}@media (max-width:575.98px){#gspb_col-id-gsbp-2314e94.gspb_row__col--6{width:100%}}#gspb_row-id-gsbp-85ad290{justify-content:space-between;margin-top:0;margin-bottom:0;display:flex;flex-wrap:wrap;padding-top:50px}#gspb_row-id-gsbp-85ad290>.gspb_row__content{display:flex;justify-content:space-between;margin:0 auto;width:100%;flex-wrap:wrap}body.gspb-bodyfront #gspb_row-id-gsbp-3694c5a>.gspb_row__content,body.gspb-bodyfront #gspb_row-id-gsbp-85ad290>.gspb_row__content{width:var(--theme-container-width, 1200px);max-width:var(--theme-normal-container-max-width, 1200px)}#gspb_col-id-gsbp-8a3d726.gspb_row__col--12{width:100%}@media (max-width:575.98px){#gspb_col-id-gsbp-8a3d726.gspb_row__col--12{width:100%}}","footnotes":""},"class_list":["post-168","page","type-page","status-publish","hentry"],"blocksy_meta":[],"_links":{"self":[{"href":"https:\/\/tasng-agriculture.com\/es\/wp-json\/wp\/v2\/pages\/168","targetHints":{"allow":["GET"]}}],"collection":[{"href":"https:\/\/tasng-agriculture.com\/es\/wp-json\/wp\/v2\/pages"}],"about":[{"href":"https:\/\/tasng-agriculture.com\/es\/wp-json\/wp\/v2\/types\/page"}],"author":[{"embeddable":true,"href":"https:\/\/tasng-agriculture.com\/es\/wp-json\/wp\/v2\/users\/1"}],"replies":[{"embeddable":true,"href":"https:\/\/tasng-agriculture.com\/es\/wp-json\/wp\/v2\/comments?post=168"}],"version-history":[{"count":0,"href":"https:\/\/tasng-agriculture.com\/es\/wp-json\/wp\/v2\/pages\/168\/revisions"}],"wp:attachment":[{"href":"https:\/\/tasng-agriculture.com\/es\/wp-json\/wp\/v2\/media?parent=168"}],"curies":[{"name":"wp","href":"https:\/\/api.w.org\/{rel}","templated":true}]}}