{"id":170,"date":"2024-10-24T08:55:59","date_gmt":"2024-10-24T08:55:59","guid":{"rendered":"https:\/\/tasng-agriculture.com\/?page_id=170"},"modified":"2024-11-05T08:02:05","modified_gmt":"2024-11-05T08:02:05","slug":"shipping-policy","status":"publish","type":"page","link":"https:\/\/tasng-agriculture.com\/es\/shipping-policy\/","title":{"rendered":"Pol\u00edtica de env\u00edos"},"content":{"rendered":"<div class=\"wp-block-greenshift-blocks-row alignfull gspb_row gspb_row-id-gsbp-3694c5a\" id=\"gspb_row-id-gsbp-3694c5a\"><div class=\"gspb_backgroundOverlay\"><\/div><div class=\"gspb_row__content\"> \n<div class=\"wp-block-greenshift-blocks-row-column gspb_row__col--6 gspb_col-id-gsbp-e148682\" id=\"gspb_col-id-gsbp-e148682\">\n<div class=\"gspb_button_wrapper gspb_button-id-gsbp-e7827f9\" id=\"gspb_button-id-gsbp-e7827f9\"><a class=\"wp-block-greenshift-blocks-buttonbox gspb-buttonbox wp-element-button\" href=\"https:\/\/tasng-agriculture.com\/es\/\" rel=\"noopener\"><span class=\"gspb-buttonbox-textwrap\"><span class=\"gspb-buttonbox-text\"><span class=\"gspb-buttonbox-title\">INICIO<\/span><\/span><span class=\"gspb-buttonbox-icon\"><svg class=\"\" style=\"display:inline-block;vertical-align:middle\" width=\"15\" height=\"15\" viewbox=\"0 0 384 1024\" xmlns=\"http:\/\/www.w3.org\/2000\/svg\"><path style=\"fill:#565D66\" d=\"M0 769.324v-514.648c0-35.636 43.086-53.482 68.284-28.284l257.324 257.324c15.62 15.62 15.62 40.948 0 56.568l-257.324 257.324c-25.198 25.2-68.284 7.352-68.284-28.284z\"><\/path><\/svg><\/span><\/span><\/a><\/div>\n\n\n\n<h1 id=\"gspb_heading-id-gsbp-bfa2e0c\" class=\"gspb_heading gspb_heading-id-gsbp-bfa2e0c\">Pol\u00edtica de privacidad<\/h1>\n<\/div>\n\n\n\n<div class=\"wp-block-greenshift-blocks-row-column gspb_row__col--6 gspb_col-id-gsbp-2314e94\" id=\"gspb_col-id-gsbp-2314e94\"><\/div>\n <\/div><\/div>\n\n\n\n<div class=\"wp-block-greenshift-blocks-row gspb_row gspb_row-id-gsbp-ae6b6fc\" id=\"gspb_row-id-gsbp-ae6b6fc\"><div class=\"gspb_row__content\"> \n<div class=\"wp-block-greenshift-blocks-row-column gspb_row__col--12 gspb_col-id-gsbp-6cd6686\" id=\"gspb_col-id-gsbp-6cd6686\">\n<p>En Qingdao Dashun Jingfeng Agricultural Machinery Co., Ltd. nos esforzamos por ofrecer una entrega oportuna y eficiente de nuestros productos a nuestros clientes. Enviamos nuestros productos a clientes tanto nacionales como internacionales.<\/p>\n\n\n\n<p><strong><em>Env\u00edo nacional:<\/em><\/strong><br>Enviamos nuestros productos dentro de China continental a trav\u00e9s de varios transportistas, seg\u00fan el producto y la ubicaci\u00f3n del cliente.<br>Los gastos de env\u00edo nacionales pueden variar en funci\u00f3n del peso y el tama\u00f1o del producto, as\u00ed como del destino del env\u00edo.<br>El plazo de entrega estimado para los env\u00edos nacionales suele ser de entre 3 y 7 d\u00edas laborables, en funci\u00f3n del transportista y del destino del env\u00edo.<\/p>\n\n\n\n<p><strong><em>Env\u00edos internacionales:<\/em><\/strong><br>Enviamos nuestros productos a clientes internacionales a trav\u00e9s de distintos transportistas, seg\u00fan el producto y la ubicaci\u00f3n del cliente.<br>Los gastos de env\u00edo internacionales pueden variar en funci\u00f3n del peso y el tama\u00f1o del producto, as\u00ed como del destino del env\u00edo.<br>El plazo de entrega estimado para los env\u00edos internacionales var\u00eda en funci\u00f3n del transportista y del destino del env\u00edo. Los plazos de entrega pueden verse afectados por aduanas y otros factores fuera de nuestro control.<br>Tenga en cuenta que no nos hacemos responsables de los derechos de aduana, impuestos o tasas que pueda imponer el pa\u00eds de destino. El cliente es responsable de dichas tasas.<\/p>\n\n\n\n<p>Si tiene alguna pregunta o duda sobre el env\u00edo, no dude en ponerse en contacto con nosotros en&nbsp;<a href=\"mailto:cyq@dashunjingfeng.com\">cyq@dashunjingfeng.com <\/a><span style=\"font-size: revert; background-color: transparent; color: var(--theme-text-color); font-family: var(--theme-font-family); font-style: var(--theme-font-style, inherit); font-weight: var(--theme-font-weight); letter-spacing: var(--theme-letter-spacing); text-transform: var(--theme-text-transform);\">.<\/span><\/p>\n\n\n\n<p><\/p>\n<\/div>\n <\/div><\/div>","protected":false},"excerpt":{"rendered":"","protected":false},"author":1,"featured_media":0,"parent":0,"menu_order":0,"comment_status":"closed","ping_status":"closed","template":"","meta":{"_gspb_post_css":"#gspb_row-id-gsbp-3694c5a{justify-content:space-between;margin-top:0;margin-bottom:0;display:flex;flex-wrap:wrap;min-height:600px}#gspb_row-id-gsbp-3694c5a>.gspb_row__content{display:flex;justify-content:space-between;margin:0 auto;width:100%;flex-wrap:wrap;align-items:center}.gspb_row{position:relative}div[id^=gspb_col-id]{box-sizing:border-box;position:relative;padding:15px min(3vw,20px)}@media (max-width:991.98px){#gspb_row-id-gsbp-3694c5a{min-height:400px}}@media (max-width:575.98px){#gspb_row-id-gsbp-3694c5a{min-height:200px}}#gspb_row-id-gsbp-3694c5a{align-content:center;background-size:cover;background-image:url(https:\/\/tasng-agriculture.com\/wp-content\/uploads\/2024\/10\/59-1.jpg);isolation:isolate}#gspb_row-id-gsbp-3694c5a:hover{background-size:cover}#gspb_row-id-gsbp-3694c5a>.gspb_backgroundOverlay{position:absolute;top:0;left:0;width:100%;height:100%;z-index:-1;opacity:.4;background-color:#000}#gspb_col-id-gsbp-e148682.gspb_row__col--6{width:50%}@media (max-width:575.98px){#gspb_col-id-gsbp-e148682.gspb_row__col--6{width:100%}}#gspb_button-id-gsbp-e7827f9{display:flex;justify-content:flex-start}#gspb_button-id-gsbp-e7827f9 .gspb-buttonbox-text{display:flex;flex-direction:column}#gspb_button-id-gsbp-e7827f9>.gspb-buttonbox{box-sizing:border-box}#gspb_button-id-gsbp-e7827f9>.gspb-buttonbox>.gspb-buttonbox-textwrap>.gspb-buttonbox-icon{display:flex}#gspb_button-id-gsbp-e7827f9>.gspb-buttonbox .gspb-buttonbox-icon svg,#gspb_button-id-gsbp-e7827f9>.gspb-buttonbox .gspb-buttonbox-icon svg path{fill:var(--wp--preset--color--palette-color-8, var(--theme-palette-color-8, #ffffff))!important}#gspb_button-id-gsbp-e7827f9>.gspb-buttonbox .gspb-buttonbox-icon svg{margin:0!important}#gspb_button-id-gsbp-e7827f9>.gspb-buttonbox:hover .gspb-buttonbox-icon svg,#gspb_button-id-gsbp-e7827f9>.gspb-buttonbox:hover .gspb-buttonbox-icon svg path{fill:var(--wp--preset--color--palette-color-2, var(--theme-palette-color-2, #a0d9f6))!important}#gspb_button-id-gsbp-e7827f9>.gspb-buttonbox>.gspb-buttonbox-textwrap{display:flex;flex-direction:row;align-items:center}#gspb_button-id-gsbp-e7827f9 .gspb-buttonbox-icon{margin-left:13px}#gspb_button-id-gsbp-e7827f9>.gspb-buttonbox,#gspb_heading-id-gsbp-bfa2e0c{color:var(--wp--preset--color--palette-color-8, var(--theme-palette-color-8, #ffffff))}#gspb_button-id-gsbp-e7827f9>.gspb-buttonbox{padding-left:0;background-color:#ffffff00}#gspb_button-id-gsbp-e7827f9>.gspb-buttonbox:hover{color:var(--wp--preset--color--palette-color-2, var(--theme-palette-color-2, #a0d9f6))}#gspb_heading-id-gsbp-bfa2e0c{font-size:45px;margin-top:0}#gspb_col-id-gsbp-2314e94.gspb_row__col--6{width:50%}@media (max-width:575.98px){#gspb_col-id-gsbp-2314e94.gspb_row__col--6{width:100%}}#gspb_row-id-gsbp-ae6b6fc{justify-content:space-between;display:flex;flex-wrap:wrap;margin-top:0;margin-bottom:98px;padding-top:50px}#gspb_row-id-gsbp-ae6b6fc>.gspb_row__content{display:flex;justify-content:space-between;margin:0 auto;width:100%;flex-wrap:wrap}body.gspb-bodyfront #gspb_row-id-gsbp-3694c5a>.gspb_row__content,body.gspb-bodyfront #gspb_row-id-gsbp-ae6b6fc>.gspb_row__content{width:var(--theme-container-width, 1200px);max-width:var(--theme-normal-container-max-width, 1200px)}#gspb_col-id-gsbp-6cd6686.gspb_row__col--12{width:100%}@media (max-width:575.98px){#gspb_col-id-gsbp-6cd6686.gspb_row__col--12{width:100%}}","footnotes":""},"class_list":["post-170","page","type-page","status-publish","hentry"],"blocksy_meta":[],"_links":{"self":[{"href":"https:\/\/tasng-agriculture.com\/es\/wp-json\/wp\/v2\/pages\/170","targetHints":{"allow":["GET"]}}],"collection":[{"href":"https:\/\/tasng-agriculture.com\/es\/wp-json\/wp\/v2\/pages"}],"about":[{"href":"https:\/\/tasng-agriculture.com\/es\/wp-json\/wp\/v2\/types\/page"}],"author":[{"embeddable":true,"href":"https:\/\/tasng-agriculture.com\/es\/wp-json\/wp\/v2\/users\/1"}],"replies":[{"embeddable":true,"href":"https:\/\/tasng-agriculture.com\/es\/wp-json\/wp\/v2\/comments?post=170"}],"version-history":[{"count":0,"href":"https:\/\/tasng-agriculture.com\/es\/wp-json\/wp\/v2\/pages\/170\/revisions"}],"wp:attachment":[{"href":"https:\/\/tasng-agriculture.com\/es\/wp-json\/wp\/v2\/media?parent=170"}],"curies":[{"name":"wp","href":"https:\/\/api.w.org\/{rel}","templated":true}]}}