{"id":3,"date":"2024-10-24T00:32:21","date_gmt":"2024-10-24T00:32:21","guid":{"rendered":"https:\/\/tasng-agriculture.com\/?page_id=3"},"modified":"2024-11-05T07:44:52","modified_gmt":"2024-11-05T07:44:52","slug":"privacy-policy","status":"publish","type":"page","link":"https:\/\/tasng-agriculture.com\/es\/privacy-policy\/","title":{"rendered":"Pol\u00edtica de privacidad"},"content":{"rendered":"<div class=\"wp-block-greenshift-blocks-row alignfull gspb_row gspb_row-id-gsbp-3694c5a\" id=\"gspb_row-id-gsbp-3694c5a\"><div class=\"gspb_backgroundOverlay\"><\/div><div class=\"gspb_row__content\"> \n<div class=\"wp-block-greenshift-blocks-row-column gspb_row__col--6 gspb_col-id-gsbp-e148682\" id=\"gspb_col-id-gsbp-e148682\">\n<div class=\"gspb_button_wrapper gspb_button-id-gsbp-e7827f9\" id=\"gspb_button-id-gsbp-e7827f9\"><a class=\"wp-block-greenshift-blocks-buttonbox gspb-buttonbox wp-element-button\" href=\"https:\/\/tasng-agriculture.com\/es\/\" rel=\"noopener\"><span class=\"gspb-buttonbox-textwrap\"><span class=\"gspb-buttonbox-text\"><span class=\"gspb-buttonbox-title\">INICIO<\/span><\/span><span class=\"gspb-buttonbox-icon\"><svg class=\"\" style=\"display:inline-block;vertical-align:middle\" width=\"15\" height=\"15\" viewbox=\"0 0 384 1024\" xmlns=\"http:\/\/www.w3.org\/2000\/svg\"><path style=\"fill:#565D66\" d=\"M0 769.324v-514.648c0-35.636 43.086-53.482 68.284-28.284l257.324 257.324c15.62 15.62 15.62 40.948 0 56.568l-257.324 257.324c-25.198 25.2-68.284 7.352-68.284-28.284z\"><\/path><\/svg><\/span><\/span><\/a><\/div>\n\n\n\n<h1 id=\"gspb_heading-id-gsbp-bfa2e0c\" class=\"gspb_heading gspb_heading-id-gsbp-bfa2e0c\">Pol\u00edtica de privacidad<\/h1>\n<\/div>\n\n\n\n<div class=\"wp-block-greenshift-blocks-row-column gspb_row__col--6 gspb_col-id-gsbp-2314e94\" id=\"gspb_col-id-gsbp-2314e94\"><\/div>\n <\/div><\/div>\n\n\n\n<div class=\"wp-block-greenshift-blocks-row gspb_row gspb_row-id-gsbp-7619460\" id=\"gspb_row-id-gsbp-7619460\"><div class=\"gspb_row__content\"> \n<div class=\"wp-block-greenshift-blocks-row-column gspb_row__col--12 gspb_col-id-gsbp-32b91fa\" id=\"gspb_col-id-gsbp-32b91fa\">\n<p>Qingdao Dashun Jingfeng Agricultural Machinery Co., Ltd. se compromete a proteger su privacidad y ganarse su confianza. Dashun Jingfeng no vende, comercia ni alquila su informaci\u00f3n personal a terceros. Esta pol\u00edtica revela las pr\u00e1cticas de privacidad para el sitio Web Dashun Jingfeng. Utilizamos la informaci\u00f3n que recopilamos sobre usted en el sitio Web de Dashun Jingfeng para procesar pedidos y mantener una relaci\u00f3n con usted durante el uso de nuestros productos y servicios. Esta pol\u00edtica explica c\u00f3mo se protege su informaci\u00f3n personal. Nuestra intenci\u00f3n es ofrecerle el mayor control posible sobre su privacidad e informaci\u00f3n personal y el uso que hacemos de ella en nuestro negocio.<\/p>\n\n\n\n<h4 class=\"wp-block-heading has-palette-color-3-color has-text-color has-link-color wp-elements-9ffad1dfd0024de35cf0c56e3dd14a3a\" id=\"gspb_heading-id-gsbp-ff65a8c\">\u00bfC\u00d3MO UTILIZA DASHUN JINGFENG MIS DATOS?<\/h4>\n\n\n\n<p>Recopilamos informaci\u00f3n personal para ayudarnos a proporcionar una experiencia de usuario de alta calidad y para ayudar a Dashun Jingfeng a comprender mejor a nuestros clientes. Dashun Jingfeng no vende, intercambia ni alquila su informaci\u00f3n personal a terceros. La informaci\u00f3n personal que usted decide darnos permite Dashun Jingfeng para procesar y satisfacer su solicitud de una prueba gratuita del Centro de Formaci\u00f3n Dashun Jingfeng. Tambi\u00e9n utilizamos esa informaci\u00f3n si decide pedir nuestros productos y servicios para procesar y completar su pedido y notificarle el estado de su pedido.<br>1. Utilizamos la informaci\u00f3n personal que nos facilita para proporcionarle informaci\u00f3n actualizada sobre los productos y servicios de Dashun Jingfeng.<br>2. Podemos utilizar la informaci\u00f3n que recopilamos para notificarle de vez en cuando cambios importantes en la funcionalidad del sitio Web, nuevos servicios y productos de Dashun Jingfeng y ofertas especiales que consideremos valiosas para usted.<br>3. Cuando nos proporciona informaci\u00f3n personal para participar en un concurso o promoci\u00f3n patrocinado por Dashun Jingfeng o sus socios, utilizamos esta informaci\u00f3n para administrar el concurso y notificar a los ganadores. Almacenamos toda la informaci\u00f3n relativa a dichos concursos y promociones.<br>4. Enviaremos publicidad o promociones a nuestros clientes utilizando la informaci\u00f3n personal que nos facilite. No permitimos que los anunciantes tengan acceso a la informaci\u00f3n de cuentas individuales. Estos anuncios suelen ser banners y correos electr\u00f3nicos promocionales.<br>5. Tambi\u00e9n investigamos los datos demogr\u00e1ficos, los intereses y el comportamiento de nuestros usuarios a partir de la informaci\u00f3n que nos facilitan en nuestra herramienta de encuestas en l\u00ednea. Recopilamos y analizamos esta informaci\u00f3n de forma agregada o an\u00f3nima.<br>6. Utilizamos las direcciones IP que recopilamos para proporcionar informaci\u00f3n agregada o an\u00f3nima a nuestros anunciantes.<\/p>\n\n\n\n<h4 class=\"wp-block-heading has-palette-color-3-color has-text-color has-link-color wp-elements-a593e121b4ebac67c66d04e817b46006\" id=\"gspb_heading-id-gsbp-de15d89\">\u00bfQUI\u00c9N RECOPILA LA INFORMACI\u00d3N?<\/h4>\n\n\n\n<p>Cuando usted facilita informaci\u00f3n personal en un sitio Web de Dashun Jingfeng, s\u00f3lo comparte esa informaci\u00f3n con Dashun Jingfeng, a menos que se le indique espec\u00edficamente lo contrario. Si una empresa distinta de Dashun Jingfeng recopila o mantiene sus datos personales desde nuestro sitio Web, se le informar\u00e1 antes de que se recopilen o transfieran. Siempre puede optar por no compartir la informaci\u00f3n. Cuando empresas distintas de Dashun Jingfeng patrocinan promociones, los datos recogidos en el sitio de Dashun Jingfeng en relaci\u00f3n con estas promociones pueden ser compartidos con el patrocinador. Una vez m\u00e1s, si este es el caso, se le notificar\u00e1 antes de que se recopilen o transfieran los datos, y podr\u00e1 decidir no participar. La mayor\u00eda de estas promociones est\u00e1n limitadas a residentes en Estados Unidos o Norteam\u00e9rica. Si abandona nuestro sitio web utilizando enlaces para ir a sitios web de terceros, esos terceros pueden recopilar informaci\u00f3n sobre usted. Esta pol\u00edtica de privacidad no cubre las pr\u00e1cticas de esas empresas.<\/p>\n\n\n\n<h4 class=\"wp-block-heading has-palette-color-3-color has-text-color has-link-color wp-elements-265c0f39c198bbb6cb6eb37d1e618e96\" id=\"gspb_heading-id-gsbp-fc6d8e4\">\u00bfCOMPARTE DASHUN JINGFENG MI INFORMACI\u00d3N?<\/h4>\n\n\n\n<p>Aparte de lo indicado en esta pol\u00edtica, Dashun Jingfeng no revela ninguna informaci\u00f3n personal suya a terceros sin su permiso. Lea las siguientes secciones para obtener m\u00e1s informaci\u00f3n.<\/p>\n\n\n\n<h4 class=\"wp-block-heading has-palette-color-3-color has-text-color has-link-color wp-elements-7be463cc53f256a761d0b8b7e0253f2d\" id=\"gspb_heading-id-gsbp-7d2bbee\">OTRAS SITUACIONES<\/h4>\n\n\n\n<p>Dashun Jingfeng tambi\u00e9n puede revelar su informaci\u00f3n cuando la divulgaci\u00f3n sea necesaria para identificar, contactar o emprender acciones legales contra alguien que pueda estar causando da\u00f1os o interfiriendo con nuestros derechos o derechos de propiedad, los derechos de los usuarios u otros derechos. Del mismo modo, Dashun Jingfeng revelar\u00e1 informaci\u00f3n cuando creamos razonablemente que la revelaci\u00f3n es requerida por la ley o para cumplir con un proceso legal notificado a Dashun Jingfeng o a su sitio Web. Podemos revelar su informaci\u00f3n personal en la creencia de buena fe que debemos actuar bajo circunstancias extremas para proteger la seguridad personal de los usuarios de Dashun Jingfeng su sitio Web, o el p\u00fablico.<\/p>\n\n\n\n<h4 class=\"wp-block-heading has-palette-color-3-color has-text-color has-link-color wp-elements-00de545e547fc6a9c69b0ab823d4c3aa\" id=\"gspb_heading-id-gsbp-13c3252\">\u00bfC\u00d3MO PROTEGE DASHUN JINGFENG LA INFORMACI\u00d3N FINANCIERA Y DE SU TARJETA DE CR\u00c9DITO?<\/h4>\n\n\n\n<p>Nos comprometemos a proteger la privacidad de los datos de su tarjeta de cr\u00e9dito y de su cuenta financiera. No vendemos, intercambiamos ni alquilamos la informaci\u00f3n financiera o de su tarjeta de cr\u00e9dito. No ponemos esta informaci\u00f3n a disposici\u00f3n de nadie sin su permiso. Podemos proporcionar datos estad\u00edsticos sobre nuestros clientes a anunciantes, socios, proveedores y otros terceros de confianza. Estos datos se componen \u00fanicamente de datos agregados o an\u00f3nimos, que no contienen ninguna informaci\u00f3n personal identificable. Por ejemplo, no revelaremos que usted ha comprado un producto espec\u00edfico, pero podr\u00edamos revelar estad\u00edsticas sobre cu\u00e1ntos clientes han comprado un producto espec\u00edfico. Cuando usted introduce datos de su tarjeta de cr\u00e9dito en nuestro sitio web, transmitimos la informaci\u00f3n en formato cifrado, utilizando el est\u00e1ndar industrial de cifrado de capa de conexi\u00f3n segura (SSL).<\/p>\n\n\n\n<h4 class=\"wp-block-heading has-palette-color-3-color has-text-color has-link-color wp-elements-d882406f621347758cc945c001c3648c\" id=\"gspb_heading-id-gsbp-f618240\">SUS DERECHOS EN RELACI\u00d3N CON SUS DATOS PERSONALES<\/h4>\n\n\n\n<p>Usted tiene derecho, en virtud de la presente Pol\u00edtica de Privacidad y Cookies, y por ley si se encuentra dentro de la UE, a:<br><br><em>-Solicitar acceso a sus Datos Personales.<\/em>&nbsp;Si se encuentra dentro de la UE, esto le permite recibir una copia de los Datos Personales que tenemos sobre usted y comprobar que los estamos procesando legalmente.<br><em>-Solicitar la correcci\u00f3n de los Datos Personales que tenemos sobre usted.<\/em>&nbsp;Esto le permite corregir cualquier informaci\u00f3n incompleta o inexacta que tengamos sobre usted.<br><em>-Solicitar la supresi\u00f3n de sus Datos Personales.&nbsp;<\/em>Esto le permite pedirnos que suprimamos o eliminemos sus Datos Personales cuando no haya una buena raz\u00f3n para que sigamos trat\u00e1ndolos. Si se encuentra en la UE, tambi\u00e9n tiene derecho a pedirnos que borremos o eliminemos sus Datos Personales cuando haya ejercido su derecho a oponerse al tratamiento (v\u00e9ase m\u00e1s abajo).<br><em>-Objetar el tratamiento de sus Datos Personales.<\/em>&nbsp;Este derecho existe cuando nos basamos en un inter\u00e9s leg\u00edtimo como base jur\u00eddica para nuestro tratamiento y hay algo en su situaci\u00f3n particular que le lleva a oponerse al tratamiento de sus Datos Personales por este motivo. Tambi\u00e9n tiene derecho a oponerse cuando tratemos sus Datos Personales con fines de marketing directo.<br><em>-Solicitar la limitaci\u00f3n del tratamiento de sus Datos Personales.<\/em>&nbsp;Esto le permite pedirnos que suspendamos el tratamiento de sus Datos Personales, por ejemplo si desea que establezcamos su exactitud o el motivo de su tratamiento.<br><em>-Solicitar la transferencia de sus Datos Personales.<\/em>&nbsp;Si se encuentra dentro de la UE, le proporcionaremos a usted, o a un tercero que usted haya elegido, sus Datos Personales en un formato estructurado, de uso com\u00fan y lectura mec\u00e1nica. Tenga en cuenta que este derecho solo se aplica a la informaci\u00f3n automatizada cuyo uso nos haya autorizado inicialmente o cuando hayamos utilizado la informaci\u00f3n para ejecutar un contrato con usted.<br><em>-Retirar el consentimiento.&nbsp;<\/em>Este derecho s\u00f3lo existe cuando nos basamos en el consentimiento para tratar sus Datos Personales (\"Retirada del consentimiento\"). Si retira su consentimiento, es posible que no podamos proporcionarle acceso a determinadas funcionalidades espec\u00edficas de nuestro Sitio. Le informaremos de ello en el momento en que retire su consentimiento.<\/p>\n\n\n\n<h4 class=\"wp-block-heading has-palette-color-3-color has-text-color has-link-color wp-elements-328878c30e428514b7e875e96d1c2e5b\" id=\"gspb_heading-id-gsbp-504bcd9\"><strong>QUEJAS<\/strong><\/h4>\n\n\n\n<p>Si desea presentar una reclamaci\u00f3n sobre esta Pol\u00edtica de Privacidad o sobre nuestras pr\u00e1cticas en relaci\u00f3n con sus Datos Personales, p\u00f3ngase en contacto con nosotros en<a href=\"mailto:postmaster@sdxnsw.cn\">cyq@dashunjingfeng.com<\/a><span style=\"font-size: revert; background-color: transparent; color: var(--theme-text-color); font-family: var(--theme-font-family); font-style: var(--theme-font-style, inherit); font-weight: var(--theme-font-weight); letter-spacing: var(--theme-letter-spacing); text-transform: var(--theme-text-transform);\">.<\/span><br>Responderemos a su queja lo antes posible.<br><br>Si considera que su reclamaci\u00f3n no se ha resuelto adecuadamente, tenga en cuenta que, si se encuentra en la UE, el GDPR le da derecho a ponerse en contacto con la autoridad supervisora de protecci\u00f3n de datos local.<br><br>Archivos de registro: La informaci\u00f3n de los archivos de registro es comunicada autom\u00e1ticamente por su navegador cada vez que accede a una p\u00e1gina web. Cuando usted utiliza los Servicios, nuestros servidores registran autom\u00e1ticamente cierta informaci\u00f3n que su navegador env\u00eda cada vez que visita cualquier p\u00e1gina web. Estos registros del servidor pueden incluir informaci\u00f3n como su solicitud web, direcci\u00f3n de protocolo de Internet, tipo de navegador, p\u00e1ginas y URL de referencia\/salida, n\u00famero de clics, nombres de dominio, p\u00e1ginas de destino, p\u00e1ginas visitadas y otra informaci\u00f3n similar.<\/p>\n\n\n\n<h4 class=\"wp-block-heading has-palette-color-3-color has-text-color has-link-color wp-elements-a7a60d7da97f0158ec9a989907681995\" id=\"gspb_heading-id-gsbp-253d81e\"><strong>CU\u00c1NTO TIEMPO CONSERVAMOS SUS DATOS PERSONALES<\/strong><\/h4>\n\n\n\n<p>Conservaremos su informaci\u00f3n mientras su cuenta est\u00e9 activa o sea razonablemente necesaria para los fines establecidos en C\u00f3mo utilizamos sus datos personales y por qu\u00e9, a menos que solicite que eliminemos sus datos personales tal y como se describe en Sus derechos en relaci\u00f3n con sus datos personales. S\u00f3lo conservaremos sus Datos Personales durante el tiempo que sea razonablemente necesario para utilizarlos con estos fines, a menos que la ley exija un per\u00edodo de conservaci\u00f3n m\u00e1s largo (por ejemplo, con fines reglamentarios). Esto puede incluir la conservaci\u00f3n de sus Datos Personales despu\u00e9s de que haya desactivado su cuenta durante el per\u00edodo de tiempo necesario para que podamos perseguir intereses comerciales leg\u00edtimos, realizar auditor\u00edas, cumplir (y demostrar el cumplimiento de) obligaciones legales, resolver disputas y hacer cumplir nuestros acuerdos.<\/p>\n\n\n\n<h4 class=\"wp-block-heading has-palette-color-3-color has-text-color has-link-color wp-elements-698d8191aa3d867f100acc2c402f1f9e\" id=\"gspb_heading-id-gsbp-fdf5979\"><strong>\u00bfQU\u00c9 SON LAS COOKIES Y C\u00d3MO LAS UTILIZA DASHUN JINGFENG?<\/strong><\/h4>\n\n\n\n<p>Algunas partes de nuestro sistema de gesti\u00f3n del aprendizaje utilizan \"cookies\" para poder reconocer inmediatamente a un usuario y atribuirle diferentes permisos asociados a las funciones del sistema. Una \"cookie\" es un fragmento de datos que se env\u00eda a su navegador desde un servidor web y que \u00e9ste almacena en el disco duro de su ordenador. La configuraci\u00f3n de su navegador debe estar configurada para aceptar cookies antes de que pueda iniciar sesi\u00f3n o personalizar. La mayor\u00eda de los navegadores est\u00e1n configurados para aceptar cookies, pero normalmente puede cambiar la configuraci\u00f3n de su navegador para rechazarlas. Dashun Jingfeng no utiliza cookies para recuperar informaci\u00f3n personal sobre usted de su ordenador. Esta pol\u00edtica no cubre el uso de cookies por parte de ning\u00fan anunciante en nuestro sitio Web. Dashun Jingfeng utiliza cookies para: Localizar su nombre e informaci\u00f3n de cuenta cuando inicia sesi\u00f3n en su Centro de Formaci\u00f3n Dashun Jingfeng para que pueda acceder a la informaci\u00f3n de su cuenta. Al iniciar sesi\u00f3n, se establece la cookie, y al cerrar sesi\u00f3n, se modifica la cookie. Estimar el tama\u00f1o de nuestra audiencia. Cada navegador que accede a Dashun Jingfeng recibe una cookie \u00fanica, que se utiliza para calcular cu\u00e1ntas personas vuelven a nuestro sitio Web, comparar el n\u00famero de visitantes registrados y no registrados en nuestro sitio y utilizar los intereses y el comportamiento de los clientes para orientar nuestros anuncios. Ayudar a los socios de Dashun Jingfeng a realizar un seguimiento de las visitas y completar las transacciones comerciales. Esta informaci\u00f3n se denomina a veces \"clickstream\" o \"rastro de clics\" y permite hacer un seguimiento del uso que usted hace de nuestras promociones, concursos y ventas. Cuando una promoci\u00f3n de Dashun Jingfeng utiliza cookies, la informaci\u00f3n escrita en la cookie realiza un seguimiento del progreso del usuario a trav\u00e9s de la promoci\u00f3n (por ejemplo, entradas, env\u00edos y estado en los sorteos de premios). Medir el tr\u00e1fico a diversas \u00e1reas del sitio Web de Dashun Jingfeng. Medimos las \u00e1reas de la red de sitios Web que visita y sus patrones de visita en conjunto. Esta investigaci\u00f3n nos ayuda a comprender en qu\u00e9 se parecen y en qu\u00e9 se diferencian nuestros clientes. Podemos utilizar esta informaci\u00f3n para personalizar la informaci\u00f3n y el dise\u00f1o de nuestro sitio web.<\/p>\n<\/div>\n <\/div><\/div>","protected":false},"excerpt":{"rendered":"","protected":false},"author":1,"featured_media":0,"parent":0,"menu_order":0,"comment_status":"closed","ping_status":"open","template":"","meta":{"_gspb_post_css":"#gspb_row-id-gsbp-3694c5a{justify-content:space-between;margin-top:0;margin-bottom:0;display:flex;flex-wrap:wrap;min-height:600px}#gspb_row-id-gsbp-3694c5a>.gspb_row__content{display:flex;justify-content:space-between;margin:0 auto;width:100%;flex-wrap:wrap;align-items:center}.gspb_row{position:relative}div[id^=gspb_col-id]{box-sizing:border-box;position:relative;padding:15px min(3vw,20px)}@media (max-width:991.98px){#gspb_row-id-gsbp-3694c5a{min-height:400px}}@media (max-width:575.98px){#gspb_row-id-gsbp-3694c5a{min-height:200px}}#gspb_row-id-gsbp-3694c5a{align-content:center;background-size:cover;background-image:url(https:\/\/tasng-agriculture.com\/wp-content\/uploads\/2024\/10\/59-1.jpg);isolation:isolate}#gspb_row-id-gsbp-3694c5a:hover{background-size:cover}#gspb_row-id-gsbp-3694c5a>.gspb_backgroundOverlay{position:absolute;top:0;left:0;width:100%;height:100%;z-index:-1;opacity:.4;background-color:#000}#gspb_col-id-gsbp-e148682.gspb_row__col--6{width:50%}@media (max-width:575.98px){#gspb_col-id-gsbp-e148682.gspb_row__col--6{width:100%}}#gspb_button-id-gsbp-e7827f9{display:flex;justify-content:flex-start}#gspb_button-id-gsbp-e7827f9 .gspb-buttonbox-text{display:flex;flex-direction:column}#gspb_button-id-gsbp-e7827f9>.gspb-buttonbox{box-sizing:border-box}#gspb_button-id-gsbp-e7827f9>.gspb-buttonbox>.gspb-buttonbox-textwrap>.gspb-buttonbox-icon{display:flex}#gspb_button-id-gsbp-e7827f9>.gspb-buttonbox .gspb-buttonbox-icon svg,#gspb_button-id-gsbp-e7827f9>.gspb-buttonbox .gspb-buttonbox-icon svg path{fill:var(--wp--preset--color--palette-color-8, var(--theme-palette-color-8, #ffffff))!important}#gspb_button-id-gsbp-e7827f9>.gspb-buttonbox .gspb-buttonbox-icon svg{margin:0!important}#gspb_button-id-gsbp-e7827f9>.gspb-buttonbox:hover .gspb-buttonbox-icon svg,#gspb_button-id-gsbp-e7827f9>.gspb-buttonbox:hover .gspb-buttonbox-icon svg path{fill:var(--wp--preset--color--palette-color-2, var(--theme-palette-color-2, #a0d9f6))!important}#gspb_button-id-gsbp-e7827f9>.gspb-buttonbox>.gspb-buttonbox-textwrap{display:flex;flex-direction:row;align-items:center}#gspb_button-id-gsbp-e7827f9 .gspb-buttonbox-icon{margin-left:13px}#gspb_button-id-gsbp-e7827f9>.gspb-buttonbox,#gspb_heading-id-gsbp-bfa2e0c{color:var(--wp--preset--color--palette-color-8, var(--theme-palette-color-8, #ffffff))}#gspb_button-id-gsbp-e7827f9>.gspb-buttonbox{padding-left:0;background-color:#ffffff00}#gspb_button-id-gsbp-e7827f9>.gspb-buttonbox:hover{color:var(--wp--preset--color--palette-color-2, var(--theme-palette-color-2, #a0d9f6))}#gspb_heading-id-gsbp-bfa2e0c{font-size:45px;margin-top:0}#gspb_col-id-gsbp-2314e94.gspb_row__col--6{width:50%}@media (max-width:575.98px){#gspb_col-id-gsbp-2314e94.gspb_row__col--6{width:100%}}#gspb_row-id-gsbp-7619460{justify-content:space-between;margin-top:0;margin-bottom:0;display:flex;flex-wrap:wrap}#gspb_row-id-gsbp-7619460>.gspb_row__content{display:flex;justify-content:space-between;margin:0 auto;width:100%;flex-wrap:wrap}body.gspb-bodyfront #gspb_row-id-gsbp-3694c5a>.gspb_row__content,body.gspb-bodyfront #gspb_row-id-gsbp-7619460>.gspb_row__content{width:var(--theme-container-width, 1200px);max-width:var(--theme-normal-container-max-width, 1200px)}#gspb_col-id-gsbp-32b91fa.gspb_row__col--12{width:100%}@media (max-width:575.98px){#gspb_col-id-gsbp-32b91fa.gspb_row__col--12{width:100%}}.gspb_row #gspb_col-id-gsbp-32b91fa.gspb_row__col--12{padding-top:60px}","footnotes":""},"class_list":["post-3","page","type-page","status-publish","hentry"],"blocksy_meta":[],"_links":{"self":[{"href":"https:\/\/tasng-agriculture.com\/es\/wp-json\/wp\/v2\/pages\/3","targetHints":{"allow":["GET"]}}],"collection":[{"href":"https:\/\/tasng-agriculture.com\/es\/wp-json\/wp\/v2\/pages"}],"about":[{"href":"https:\/\/tasng-agriculture.com\/es\/wp-json\/wp\/v2\/types\/page"}],"author":[{"embeddable":true,"href":"https:\/\/tasng-agriculture.com\/es\/wp-json\/wp\/v2\/users\/1"}],"replies":[{"embeddable":true,"href":"https:\/\/tasng-agriculture.com\/es\/wp-json\/wp\/v2\/comments?post=3"}],"version-history":[{"count":0,"href":"https:\/\/tasng-agriculture.com\/es\/wp-json\/wp\/v2\/pages\/3\/revisions"}],"wp:attachment":[{"href":"https:\/\/tasng-agriculture.com\/es\/wp-json\/wp\/v2\/media?parent=3"}],"curies":[{"name":"wp","href":"https:\/\/api.w.org\/{rel}","templated":true}]}}