{"id":289,"date":"2024-10-26T03:11:33","date_gmt":"2024-10-26T03:11:33","guid":{"rendered":"https:\/\/tasng-agriculture.com\/?post_type=product&#038;p=289"},"modified":"2025-09-28T06:16:02","modified_gmt":"2025-09-28T06:16:02","slug":"4-ridge-8-row-radish-and-cabbage-pneumatic-seeder","status":"publish","type":"product","link":"https:\/\/tasng-agriculture.com\/es\/product\/4-ridge-8-row-radish-and-cabbage-pneumatic-seeder\/","title":{"rendered":"Potente Sembradora Neum\u00e1tica de Zanahorias de 8 Hileras"},"content":{"rendered":"<h2>Sembradora neum\u00e1tica de zanahorias de 8 hileras<\/h2>\n<p><img loading=\"lazy\" decoding=\"async\" class=\"alignnone size-medium wp-image-1333\" src=\"https:\/\/tasng-agriculture.com\/wp-content\/uploads\/2024\/10\/8-Rows-Pneumatic-Carrot-Seeder-2-300x300.jpg\" alt=\"\" width=\"300\" height=\"300\" srcset=\"https:\/\/tasng-agriculture.com\/wp-content\/uploads\/2024\/10\/8-Rows-Pneumatic-Carrot-Seeder-2-300x300.jpg 300w, https:\/\/tasng-agriculture.com\/wp-content\/uploads\/2024\/10\/8-Rows-Pneumatic-Carrot-Seeder-2-1024x1024.jpg 1024w, https:\/\/tasng-agriculture.com\/wp-content\/uploads\/2024\/10\/8-Rows-Pneumatic-Carrot-Seeder-2-150x150.jpg 150w, https:\/\/tasng-agriculture.com\/wp-content\/uploads\/2024\/10\/8-Rows-Pneumatic-Carrot-Seeder-2-768x768.jpg 768w, https:\/\/tasng-agriculture.com\/wp-content\/uploads\/2024\/10\/8-Rows-Pneumatic-Carrot-Seeder-2-12x12.jpg 12w, https:\/\/tasng-agriculture.com\/wp-content\/uploads\/2024\/10\/8-Rows-Pneumatic-Carrot-Seeder-2-500x500.jpg 500w, https:\/\/tasng-agriculture.com\/wp-content\/uploads\/2024\/10\/8-Rows-Pneumatic-Carrot-Seeder-2.jpg 1512w\" sizes=\"auto, (max-width: 300px) 100vw, 300px\" \/><\/p>\n<p>Con los avances tecnol\u00f3gicos, las sembradoras autom\u00e1ticas de hortalizas se han convertido en una valiosa herramienta que automatiza el proceso de siembra para aumentar la velocidad, la precisi\u00f3n y la productividad general, especialmente en las explotaciones agr\u00edcolas a gran escala.<a href=\"https:\/\/tasng-agriculture.com\/es\/product\/flatland-6-row-air-absorbent-baby-cabbage-planter\/\">.<\/a><\/p>\n<p>Una sembradora arrastrada por tractor es un equipo agr\u00edcola dise\u00f1ado para acoplarse a un tractor con el fin de plantar semillas en un campo.<a href=\"http:\/\/www.dsseeder.com\" rel=\"nofollow noopener\" target=\"_blank\">. T<\/a>ste tipo de sembradora se utiliza habitualmente en operaciones agr\u00edcolas a gran escala para mejorar la eficacia y la precisi\u00f3n de la siembra, garantizando una distribuci\u00f3n uniforme de las semillas y una profundidad de siembra \u00f3ptima.<\/p>\n<p><img loading=\"lazy\" decoding=\"async\" class=\"alignnone size-medium wp-image-1334\" src=\"https:\/\/tasng-agriculture.com\/wp-content\/uploads\/2024\/10\/8-Rows-Pneumatic-Carrot-Seeder-3-300x300.jpg\" alt=\"\" width=\"300\" height=\"300\" srcset=\"https:\/\/tasng-agriculture.com\/wp-content\/uploads\/2024\/10\/8-Rows-Pneumatic-Carrot-Seeder-3-300x300.jpg 300w, https:\/\/tasng-agriculture.com\/wp-content\/uploads\/2024\/10\/8-Rows-Pneumatic-Carrot-Seeder-3-1024x1024.jpg 1024w, https:\/\/tasng-agriculture.com\/wp-content\/uploads\/2024\/10\/8-Rows-Pneumatic-Carrot-Seeder-3-150x150.jpg 150w, https:\/\/tasng-agriculture.com\/wp-content\/uploads\/2024\/10\/8-Rows-Pneumatic-Carrot-Seeder-3-768x768.jpg 768w, https:\/\/tasng-agriculture.com\/wp-content\/uploads\/2024\/10\/8-Rows-Pneumatic-Carrot-Seeder-3-12x12.jpg 12w, https:\/\/tasng-agriculture.com\/wp-content\/uploads\/2024\/10\/8-Rows-Pneumatic-Carrot-Seeder-3-500x500.jpg 500w, https:\/\/tasng-agriculture.com\/wp-content\/uploads\/2024\/10\/8-Rows-Pneumatic-Carrot-Seeder-3.jpg 1512w\" sizes=\"auto, (max-width: 300px) 100vw, 300px\" \/><\/p>\n<p>La sembradora de succi\u00f3n de aire utiliza el principio de flujo de aire para transportar las semillas desde el dep\u00f3sito de semillas hasta el apero de siembra y garantizar que las semillas se distribuyan uniformemente en el suelo, reduciendo el desperdicio de semillas y mejorando la precisi\u00f3n y la eficacia de la siembra.<\/p>\n<h2><strong>Sembradora de zanahorias neum\u00e1tica de 8 hileras Ventajas del producto<\/strong><\/h2>\n<p>1\u3001Siembra neum\u00e1tica por succi\u00f3n, posicionamiento y cuantificaci\u00f3n, grano a grano, ahorrando costes de mano de obra entre siembras;<\/p>\n<p>2\u3001 Labranza rotativa, aporcado, riego por goteo, siembra neum\u00e1tica y supervisi\u00f3n en tiempo real;<\/p>\n<p>3\u3001La distancia entre filas es ajustable y el n\u00famero de filas es opcional;<\/p>\n<p>4\u3001Equipado con caja de engranajes de ajuste de espaciado, para que el ajuste de espaciado sea m\u00e1s preciso;<\/p>\n<p>5\u3001Adoptando una estructura de cuatro eslabones, se puede ajustar libremente seg\u00fan la altura del caball\u00f3n, con una profundidad de siembra consistente y una mejor emergencia de las pl\u00e1ntulas.<\/p>\n<h2><strong>Par\u00e1metros de producto de la sembradora neum\u00e1tica de zanahorias de 8 hileras<\/strong><\/h2>\n<table>\n<tbody>\n<tr>\n<td style=\"text-align: center;\" colspan=\"4\" width=\"600\"><strong><b>Sembradora neum\u00e1tica de zanahorias de 8 hileras<\/b><\/strong><\/td>\n<\/tr>\n<tr>\n<td width=\"150\">N\u00ba de modelo<\/td>\n<td width=\"150\">2BS-8H<\/td>\n<td width=\"150\">Funci\u00f3n<\/td>\n<td width=\"150\">Labranza rotativa, surcado, riego por goteo, siembra por aspiraci\u00f3n de aire, control en tiempo real<\/td>\n<\/tr>\n<tr>\n<td width=\"150\">Potencia (Kw\/CV)<\/td>\n<td width=\"150\">1504-2204<\/td>\n<td width=\"150\">Formulario de correspondencia<\/td>\n<td width=\"150\">Suspensi\u00f3n de tres puntos<\/td>\n<\/tr>\n<tr>\n<td width=\"150\">Anchura de la cresta (mm)<\/td>\n<td width=\"150\">800\/900\/1000<\/td>\n<td width=\"150\">Dimensiones (mm)<\/td>\n<td width=\"150\">2500*\/3400\/3800\/4200*1450<\/td>\n<\/tr>\n<tr>\n<td width=\"150\">L\u00edneas de trabajo<\/td>\n<td width=\"150\">8<\/td>\n<td width=\"150\">Distancia entre hileras<\/td>\n<td width=\"150\">180-400<\/td>\n<\/tr>\n<tr>\n<td width=\"150\">Distancia entre plantas (dentro de una hilera)<\/td>\n<td width=\"150\">20-600<\/td>\n<td width=\"150\">Profundidad de siembra<\/td>\n<td width=\"150\">0-20<\/td>\n<\/tr>\n<tr>\n<td width=\"150\">L\u00edneas de riego por goteo<\/td>\n<td width=\"150\">4<\/td>\n<td width=\"150\">Profundidad de riego por goteo (mm)<\/td>\n<td width=\"150\">0-20<\/td>\n<\/tr>\n<tr>\n<td width=\"150\">\u00c1mbito de aplicaci\u00f3n<\/td>\n<td colspan=\"3\" width=\"450\">Verduras: Zanahoria, cebolla, remolacha, r\u00e1bano blanco, col, col china peque\u00f1a, etc.<\/td>\n<\/tr>\n<tr>\n<td width=\"150\"><\/td>\n<td colspan=\"3\" width=\"450\">Materiales medicinales: Danshen, Scutellaria, Achyranthes, Bardana, Atractylodes, Saposhnikovia, Platycodon, etc.<\/td>\n<\/tr>\n<\/tbody>\n<\/table>","protected":false},"excerpt":{"rendered":"<p>Una sembradora de hortalizas es una pieza fundamental del equipo para plantar cultivos de forma eficaz. A menudo denominada sembradora, esta m\u00e1quina ayuda a distribuir las semillas uniformemente en el suelo, garantizando un espaciado adecuado para un crecimiento \u00f3ptimo.<\/p>\n<p><strong>\u00c1mbito de aplicaci\u00f3n<\/strong><\/p>\n<p>Verduras: Zanahoria, cebolla, remolacha, r\u00e1bano blanco, col, col china peque\u00f1a, etc.<\/p>\n<p>Materiales medicinales: Danshen, Scutellaria, Achyranthes, Bardana, Atractylodes, Saposhnikovia, Platycodon, etc.<\/p>","protected":false},"featured_media":290,"template":"","meta":{"_gspb_post_css":""},"product_brand":[],"product_cat":[21],"product_tag":[],"class_list":{"0":"post-289","1":"product","2":"type-product","3":"status-publish","4":"has-post-thumbnail","6":"product_cat-pheumatic-carrot-seeder","8":"first","9":"instock","10":"shipping-taxable","11":"product-type-simple"},"_links":{"self":[{"href":"https:\/\/tasng-agriculture.com\/es\/wp-json\/wp\/v2\/product\/289","targetHints":{"allow":["GET"]}}],"collection":[{"href":"https:\/\/tasng-agriculture.com\/es\/wp-json\/wp\/v2\/product"}],"about":[{"href":"https:\/\/tasng-agriculture.com\/es\/wp-json\/wp\/v2\/types\/product"}],"wp:featuredmedia":[{"embeddable":true,"href":"https:\/\/tasng-agriculture.com\/es\/wp-json\/wp\/v2\/media\/290"}],"wp:attachment":[{"href":"https:\/\/tasng-agriculture.com\/es\/wp-json\/wp\/v2\/media?parent=289"}],"wp:term":[{"taxonomy":"product_brand","embeddable":true,"href":"https:\/\/tasng-agriculture.com\/es\/wp-json\/wp\/v2\/product_brand?post=289"},{"taxonomy":"product_cat","embeddable":true,"href":"https:\/\/tasng-agriculture.com\/es\/wp-json\/wp\/v2\/product_cat?post=289"},{"taxonomy":"product_tag","embeddable":true,"href":"https:\/\/tasng-agriculture.com\/es\/wp-json\/wp\/v2\/product_tag?post=289"}],"curies":[{"name":"wp","href":"https:\/\/api.w.org\/{rel}","templated":true}]}}