{"id":367,"date":"2024-10-26T07:20:16","date_gmt":"2024-10-26T07:20:16","guid":{"rendered":"https:\/\/tasng-agriculture.com\/?post_type=product&#038;p=367"},"modified":"2024-12-25T05:50:56","modified_gmt":"2024-12-25T05:50:56","slug":"4-row-8-row-carrot-air-absorption-seeder","status":"publish","type":"product","link":"https:\/\/tasng-agriculture.com\/es\/product\/4-row-8-row-carrot-air-absorption-seeder\/","title":{"rendered":"Robusta sembradora neum\u00e1tica de zanahorias de 8 hileras duradera"},"content":{"rendered":"<h2>Sembradora de zanahorias neum\u00e1tica de 8 hileras Descripci\u00f3n del producto<\/h2>\n<p><img loading=\"lazy\" decoding=\"async\" class=\"alignnone size-medium wp-image-1296\" src=\"https:\/\/tasng-agriculture.com\/wp-content\/uploads\/2024\/10\/8-Rows-Pneumatic-Carrot-Seeder-300x300.jpg\" alt=\"\" width=\"300\" height=\"300\" srcset=\"https:\/\/tasng-agriculture.com\/wp-content\/uploads\/2024\/10\/8-Rows-Pneumatic-Carrot-Seeder-300x300.jpg 300w, https:\/\/tasng-agriculture.com\/wp-content\/uploads\/2024\/10\/8-Rows-Pneumatic-Carrot-Seeder-1024x1024.jpg 1024w, https:\/\/tasng-agriculture.com\/wp-content\/uploads\/2024\/10\/8-Rows-Pneumatic-Carrot-Seeder-150x150.jpg 150w, https:\/\/tasng-agriculture.com\/wp-content\/uploads\/2024\/10\/8-Rows-Pneumatic-Carrot-Seeder-768x768.jpg 768w, https:\/\/tasng-agriculture.com\/wp-content\/uploads\/2024\/10\/8-Rows-Pneumatic-Carrot-Seeder-12x12.jpg 12w, https:\/\/tasng-agriculture.com\/wp-content\/uploads\/2024\/10\/8-Rows-Pneumatic-Carrot-Seeder-500x500.jpg 500w, https:\/\/tasng-agriculture.com\/wp-content\/uploads\/2024\/10\/8-Rows-Pneumatic-Carrot-Seeder.jpg 1512w\" sizes=\"auto, (max-width: 300px) 100vw, 300px\" \/><\/p>\n<p>Gracias a su avanzada tecnolog\u00eda de dosificaci\u00f3n de semillas, esta sembradora de zanahorias para agricultura coloca las semillas en hileras espaciadas con precisi\u00f3n a la profundidad \u00f3ptima, lo que favorece una germinaci\u00f3n uniforme y un desarrollo sano de las ra\u00edces.<a href=\"http:\/\/www.dsseeder.com\" rel=\"nofollow noopener\" target=\"_blank\">.<\/a><\/p>\n<p><img loading=\"lazy\" decoding=\"async\" class=\"alignnone size-medium wp-image-1297\" src=\"https:\/\/tasng-agriculture.com\/wp-content\/uploads\/2024\/10\/8-Rows-Pneumatic-Carrot-Seeder-1-300x300.jpg\" alt=\"\" width=\"300\" height=\"300\" srcset=\"https:\/\/tasng-agriculture.com\/wp-content\/uploads\/2024\/10\/8-Rows-Pneumatic-Carrot-Seeder-1-300x300.jpg 300w, https:\/\/tasng-agriculture.com\/wp-content\/uploads\/2024\/10\/8-Rows-Pneumatic-Carrot-Seeder-1-1024x1024.jpg 1024w, https:\/\/tasng-agriculture.com\/wp-content\/uploads\/2024\/10\/8-Rows-Pneumatic-Carrot-Seeder-1-150x150.jpg 150w, https:\/\/tasng-agriculture.com\/wp-content\/uploads\/2024\/10\/8-Rows-Pneumatic-Carrot-Seeder-1-768x768.jpg 768w, https:\/\/tasng-agriculture.com\/wp-content\/uploads\/2024\/10\/8-Rows-Pneumatic-Carrot-Seeder-1-12x12.jpg 12w, https:\/\/tasng-agriculture.com\/wp-content\/uploads\/2024\/10\/8-Rows-Pneumatic-Carrot-Seeder-1-500x500.jpg 500w, https:\/\/tasng-agriculture.com\/wp-content\/uploads\/2024\/10\/8-Rows-Pneumatic-Carrot-Seeder-1.jpg 1512w\" sizes=\"auto, (max-width: 300px) 100vw, 300px\" \/><\/p>\n<p>Una sembradora de zanahorias neum\u00e1tica de 8 hileras arrastrada por tractor es un equipo agr\u00edcola dise\u00f1ado para acoplarse a un tractor con el fin de plantar semillas en un campo. Este tipo de sembradora se utiliza habitualmente en explotaciones agr\u00edcolas a gran escala para mejorar la eficiencia y la precisi\u00f3n de la siembra, garantizando una distribuci\u00f3n uniforme de las semillas y una profundidad de siembra \u00f3ptima.<a href=\"https:\/\/tasng-agriculture.com\/es\/product-category\/multi-row-vegetable-seeder\/\">.<\/a><\/p>\n<p>La sembradora neum\u00e1tica de zanahorias de 8 hileras por succi\u00f3n de aire utiliza el principio de flujo de aire para transportar las semillas desde el dep\u00f3sito de semillas hasta el apero de siembra y garantizar que las semillas se esparzan uniformemente por el suelo, reduciendo el desperdicio de semillas y mejorando la precisi\u00f3n y la eficacia de la siembra.<\/p>\n<h2><strong>Sembradora de zanahorias neum\u00e1tica de 8 hileras Ventajas del producto<\/strong><\/h2>\n<ol>\n<li>Plantaci\u00f3n de alta eficiencia<br \/>\n- Completa cuatro caballones y ocho hileras de siembra en una sola operaci\u00f3n, mejorando enormemente la eficiencia del trabajo de campo. Ideal para tierras de cultivo a gran escala.<\/li>\n<li>\u00a0Siembra de precisi\u00f3n<br \/>\n- Equipado con un sistema de siembra por succi\u00f3n de aire que garantiza una distribuci\u00f3n uniforme de las semillas, reduciendo las siembras dobles y err\u00f3neas y aumentando el porcentaje de germinaci\u00f3n.<\/li>\n<li>Dise\u00f1o multifuncional<br \/>\n- Integra el surcado, la siembra, la cobertura del suelo y la compactaci\u00f3n, reduciendo los pasos operativos y el desgaste de la maquinaria a la vez que disminuye la intensidad de trabajo.<\/li>\n<li>Amplia aplicabilidad<br \/>\n- Admite la siembra de diversos cultivos. Adem\u00e1s de zanahorias, es adecuado para r\u00e1banos, remolachas, cebollas, espinacas y otros cultivos de semillas peque\u00f1as.<\/li>\n<li>\u00a0F\u00e1cil ajuste<br \/>\n- La distancia entre hileras, la distancia entre plantas y la profundidad de siembra pueden ajustarse con flexibilidad para adaptarse a diferentes est\u00e1ndares de cultivo y condiciones de campo.<\/li>\n<li>\u00a0Duradero y robusto<br \/>\n- Construido con materiales de alta resistencia, soporta terrenos complejos y entornos duros, lo que garantiza su durabilidad a largo plazo.<\/li>\n<\/ol>\n<h2><strong>Par\u00e1metros de producto de la sembradora neum\u00e1tica de zanahorias de 8 hileras<\/strong><\/h2>\n<table>\n<tbody>\n<tr>\n<td style=\"text-align: center\" colspan=\"4\" width=\"600\">Sembradora neum\u00e1tica de zanahorias de 8 hileras<\/td>\n<\/tr>\n<tr>\n<td width=\"150\">N\u00ba de modelo<\/td>\n<td width=\"150\">2BSX-8H<\/td>\n<td width=\"150\">Funci\u00f3n<\/td>\n<td width=\"150\">Labranza rotativa, surcado, riego por goteo, siembra por aspiraci\u00f3n de aire, control en tiempo real<\/td>\n<\/tr>\n<tr>\n<td width=\"150\">Potencia (Kw\/CV)<\/td>\n<td width=\"150\">1404-2004<\/td>\n<td width=\"150\">Formulario de correspondencia<\/td>\n<td width=\"150\">Suspensi\u00f3n de tres puntos<\/td>\n<\/tr>\n<tr>\n<td width=\"150\">Anchura de trabajo (mm)<\/td>\n<td width=\"150\">2800<\/td>\n<td width=\"150\">Dimensiones (mm)<\/td>\n<td width=\"150\">2430*3100*1550<\/td>\n<\/tr>\n<tr>\n<td width=\"150\">L\u00edneas de trabajo<\/td>\n<td width=\"150\">8<\/td>\n<td width=\"150\">Distancia entre hileras<\/td>\n<td width=\"150\">150-175<\/td>\n<\/tr>\n<tr>\n<td width=\"150\">Distancia entre plantas (dentro de una hilera)<\/td>\n<td width=\"150\">20-600<\/td>\n<td width=\"150\">Profundidad de siembra<\/td>\n<td width=\"150\">0-20<\/td>\n<\/tr>\n<tr>\n<td width=\"150\">L\u00edneas de riego por goteo<\/td>\n<td width=\"150\">4<\/td>\n<td width=\"150\">Eficacia del trabajo (hect\u00e1reas)<\/td>\n<td width=\"150\">5-7<\/td>\n<\/tr>\n<tr>\n<td width=\"150\">\u00c1mbito de aplicaci\u00f3n<\/td>\n<td colspan=\"3\" width=\"450\">Verduras: Zanahorias, cebolla, remolacha, r\u00e1bano, etc.<\/td>\n<\/tr>\n<tr>\n<td width=\"150\"><\/td>\n<td colspan=\"3\" width=\"450\">Materiales medicinales: Danshen, Scutellaria, Achyranthes, Bardana, Atractylodes, Saposhnikovia, Platycodon, etc.<\/td>\n<\/tr>\n<\/tbody>\n<\/table>\n<h2><strong>Sembradora neum\u00e1tica de zanahorias de 8 hileras <\/strong>Perfil de la empresa<\/h2>\n<p>Qingdao Dashun Jingfeng Industry and Trade Co, Ltd fue fundada en junio de 2014, la empresa se encuentra en Laixi, Qingdao. Nos dedicamos principalmente a la sembradora de succi\u00f3n neum\u00e1tica de hortalizas transportada por tractor, sembradora de succi\u00f3n neum\u00e1tica de hortalizas autopropulsada, sembradora de succi\u00f3n neum\u00e1tica de hortalizas de suelo plano y otros productos.<\/p>\n<p>La empresa tiene una superficie de 3,2 acres y la f\u00e1brica de 1,5 acres. La empresa tiene 80 empleados, con un departamento independiente de I+D y 6 dise\u00f1adores de I+D. Los activos fijos totales de la empresa han alcanzado m\u00e1s de$1,42 millones, con una facturaci\u00f3n anual de m\u00e1s de $2,85 millones. Nuestros productos y servicios cubren m\u00e1s de 30 provincias de China y se exportan al extranjero.<\/p>\n<p>Desde su creaci\u00f3n, Qingdao Dashun ha dominado la tecnolog\u00eda de base de la m\u00e1quina de siembra, y establecer la investigaci\u00f3n y el desarrollo de maquinaria agr\u00edcola y equipos, producci\u00f3n, ventas y servicio en la integraci\u00f3n de las empresas. Y siempre se adhieren a la \"innovaci\u00f3n cient\u00edfica y tecnol\u00f3gica\" como la fuerza impulsora principal, despu\u00e9s de m\u00e1s de una d\u00e9cada de desarrollo, se ha convertido en una empresa l\u00edder en el campo de la m\u00e1quina de siembra de hortalizas nacional. Por otra parte, la empresa tambi\u00e9n se centra en la cooperaci\u00f3n entre la industria, la academia y la investigaci\u00f3n, y ha establecido la relaci\u00f3n de cooperaci\u00f3n con m\u00e1s de diez unidades de investigaci\u00f3n cient\u00edfica y colegios y universidades, que constantemente mejora la capacidad creativa de la empresa y el nivel t\u00e9cnico.<\/p>\n<p>Qingdao Dashun se adhiere a la cultura empresarial de \"confianza en uno mismo, progreso, esfuerzo y trabajo duro\", y se dedica a la investigaci\u00f3n y desarrollo de la plantadora de hortalizas, que puede reducir un tercio del coste y aumentar un tercio de los ingresos de cada acre de tierra, y resuelve de ra\u00edz los problemas de dificultad para plantar, lentitud para plantar y alto coste de la plantaci\u00f3n.<\/p>\n<p>En el campo de las sembradoras de hortalizas, Qingdao Dashun posee m\u00e1s de 50 tecnolog\u00edas b\u00e1sicas patentadas, y su cuota de mercado ha sido l\u00edder del sector durante tres a\u00f1os consecutivos.<\/p>\n<p>La empresa participa activamente en empresas de bienestar social, realiza regularmente actividades de ciencia y tecnolog\u00eda en escuelas, apoya el desarrollo de la educaci\u00f3n y est\u00e1 comprometida con la protecci\u00f3n del medio ambiente y el desarrollo sostenible.<\/p>\n<h2><strong>Sembradora neum\u00e1tica de zanahorias de 8 hileras <\/strong>Producto postventa<\/h2>\n<p>Gracias por elegir nuestra Sembradora Neum\u00e1tica de Zanahorias de 8 Hileras.<\/p>\n<p>Siempre insistimos en centrarnos en el cliente y ofrecerle un servicio posventa de alta calidad, eficiente y completo. A continuaci\u00f3n se detallan los contenidos espec\u00edficos de nuestro servicio posventa:<\/p>\n<p>Nuestra empresa se compromete a ofrecer un servicio posventa perfecto para los productos vendidos de acuerdo con las leyes y normativas nacionales y de los fabricantes.<\/p>\n<p>Adherirse al prop\u00f3sito de servicio basado en la integridad y centrado en el cliente, para garantizar los derechos e intereses leg\u00edtimos de cada cliente.<\/p>\n<p>En segundo lugar, el alcance del servicio posventa<\/p>\n<p>Garant\u00eda del producto: Desde la fecha de compra, de acuerdo con la especificaci\u00f3n del producto o contrato de venta acordado per\u00edodo de garant\u00eda, para proporcionar servicio de garant\u00eda gratuito.<\/p>\n<p>Mantenimiento del producto: m\u00e1s all\u00e1 del periodo de garant\u00eda o debido a problemas no relacionados con la calidad del producto causados por la no prestaci\u00f3n de servicios de mantenimiento de pago.<\/p>\n<p>Asistencia t\u00e9cnica: proporcionar asesoramiento t\u00e9cnico y orientaci\u00f3n sobre el uso, funcionamiento y mantenimiento del producto.<\/p>\n<p>En tercer lugar, el proceso de servicio posventa<\/p>\n<p>Llame al servicio de atenci\u00f3n al cliente: Cuando tenga problemas, llame a nuestra l\u00ednea de atenci\u00f3n al cliente, nuestro personal de atenci\u00f3n al cliente responder\u00e1 a sus preguntas.<\/p>\n<p>Presentar una solicitud de servicio: Si necesita mantenimiento, sustituci\u00f3n y otros servicios, env\u00ede una solicitud de servicio a trav\u00e9s de la l\u00ednea de atenci\u00f3n al cliente.<\/p>\n<p>Organizar el servicio: Despu\u00e9s de recibir la solicitud de servicio, organizaremos personal profesional para prestarle servicios lo antes posible.<\/p>\n<p>Servicio de seguimiento: Una vez finalizado el servicio, realizaremos un seguimiento de la calidad del servicio para asegurarnos de que el problema se ha resuelto correctamente.<\/p>\n<p>Cuarto, tiempo de servicio posventa Nuestra l\u00ednea de atenci\u00f3n al cliente est\u00e1 abierta todo el a\u00f1o, 24 horas al d\u00eda, para ofrecerle servicios.<\/p>\n<p>&nbsp;<\/p>","protected":false},"excerpt":{"rendered":"<p>La m\u00e1quina sembradora de zanahorias, tambi\u00e9n conocida como sembradora en hilera de zanahorias o equipo de siembra de precisi\u00f3n de zanahorias, es una herramienta agr\u00edcola altamente especializada dise\u00f1ada para garantizar la siembra precisa y eficiente de las semillas de zanahoria.<\/p>\n<p><strong>\u00c1mbito de aplicaci\u00f3n<\/strong><\/p>\n<p>Verduras: Zanahorias, cebolla, remolacha, r\u00e1bano, etc.<\/p>\n<p>Materiales medicinales: Salvia miltiorrhiza, Bupleurum, Achyranthes bidentata, Bardana, Scutellaria baicalensis, Platycodon grandiflorum, Semilla de Cassia, etc.<\/p>","protected":false},"featured_media":377,"template":"","meta":{"_gspb_post_css":""},"product_brand":[],"product_cat":[21],"product_tag":[],"class_list":{"0":"post-367","1":"product","2":"type-product","3":"status-publish","4":"has-post-thumbnail","6":"product_cat-pheumatic-carrot-seeder","8":"first","9":"instock","10":"shipping-taxable","11":"product-type-simple"},"_links":{"self":[{"href":"https:\/\/tasng-agriculture.com\/es\/wp-json\/wp\/v2\/product\/367","targetHints":{"allow":["GET"]}}],"collection":[{"href":"https:\/\/tasng-agriculture.com\/es\/wp-json\/wp\/v2\/product"}],"about":[{"href":"https:\/\/tasng-agriculture.com\/es\/wp-json\/wp\/v2\/types\/product"}],"wp:featuredmedia":[{"embeddable":true,"href":"https:\/\/tasng-agriculture.com\/es\/wp-json\/wp\/v2\/media\/377"}],"wp:attachment":[{"href":"https:\/\/tasng-agriculture.com\/es\/wp-json\/wp\/v2\/media?parent=367"}],"wp:term":[{"taxonomy":"product_brand","embeddable":true,"href":"https:\/\/tasng-agriculture.com\/es\/wp-json\/wp\/v2\/product_brand?post=367"},{"taxonomy":"product_cat","embeddable":true,"href":"https:\/\/tasng-agriculture.com\/es\/wp-json\/wp\/v2\/product_cat?post=367"},{"taxonomy":"product_tag","embeddable":true,"href":"https:\/\/tasng-agriculture.com\/es\/wp-json\/wp\/v2\/product_tag?post=367"}],"curies":[{"name":"wp","href":"https:\/\/api.w.org\/{rel}","templated":true}]}}