{"id":368,"date":"2024-10-26T08:55:35","date_gmt":"2024-10-26T08:55:35","guid":{"rendered":"https:\/\/tasng-agriculture.com\/?post_type=product&#038;p=368"},"modified":"2025-09-28T06:27:14","modified_gmt":"2025-09-28T06:27:14","slug":"dasun-2-row-air-seeder-on-ridges","status":"publish","type":"product","link":"https:\/\/tasng-agriculture.com\/es\/product\/dasun-2-row-air-seeder-on-ridges\/","title":{"rendered":"Sembradora neum\u00e1tica de r\u00e1banos y coles de 2 filas de alta calidad"},"content":{"rendered":"<h2>Sembradora neum\u00e1tica de r\u00e1banos y coles de 2 filas<\/h2>\n<p><img loading=\"lazy\" decoding=\"async\" class=\"alignnone size-medium wp-image-1293\" src=\"https:\/\/tasng-agriculture.com\/wp-content\/uploads\/2024\/10\/2-Rows-Pneumatic-Radish-and-Cabbage-Seeder-225x300.jpg\" alt=\"\" width=\"225\" height=\"300\" srcset=\"https:\/\/tasng-agriculture.com\/wp-content\/uploads\/2024\/10\/2-Rows-Pneumatic-Radish-and-Cabbage-Seeder-225x300.jpg 225w, https:\/\/tasng-agriculture.com\/wp-content\/uploads\/2024\/10\/2-Rows-Pneumatic-Radish-and-Cabbage-Seeder-768x1024.jpg 768w, https:\/\/tasng-agriculture.com\/wp-content\/uploads\/2024\/10\/2-Rows-Pneumatic-Radish-and-Cabbage-Seeder-1152x1536.jpg 1152w, https:\/\/tasng-agriculture.com\/wp-content\/uploads\/2024\/10\/2-Rows-Pneumatic-Radish-and-Cabbage-Seeder-9x12.jpg 9w, https:\/\/tasng-agriculture.com\/wp-content\/uploads\/2024\/10\/2-Rows-Pneumatic-Radish-and-Cabbage-Seeder-500x667.jpg 500w, https:\/\/tasng-agriculture.com\/wp-content\/uploads\/2024\/10\/2-Rows-Pneumatic-Radish-and-Cabbage-Seeder.jpg 1512w\" sizes=\"auto, (max-width: 225px) 100vw, 225px\" \/><\/p>\n<p>Con los avances tecnol\u00f3gicos, las sembradoras autom\u00e1ticas de hortalizas se han convertido en una valiosa herramienta que automatiza el proceso de siembra para aumentar la velocidad, la precisi\u00f3n y la productividad general, especialmente en las explotaciones agr\u00edcolas a gran escala.<a href=\"https:\/\/tasng-agriculture.com\/es\/product-category\/multi-row-vegetable-seeder\/\">.<\/a><\/p>\n<p><img loading=\"lazy\" decoding=\"async\" class=\"alignnone size-medium wp-image-1294\" src=\"https:\/\/tasng-agriculture.com\/wp-content\/uploads\/2024\/10\/2-Rows-Pneumatic-Radish-and-Cabbage-Seeder-1-225x300.jpg\" alt=\"\" width=\"225\" height=\"300\" srcset=\"https:\/\/tasng-agriculture.com\/wp-content\/uploads\/2024\/10\/2-Rows-Pneumatic-Radish-and-Cabbage-Seeder-1-225x300.jpg 225w, https:\/\/tasng-agriculture.com\/wp-content\/uploads\/2024\/10\/2-Rows-Pneumatic-Radish-and-Cabbage-Seeder-1-768x1024.jpg 768w, https:\/\/tasng-agriculture.com\/wp-content\/uploads\/2024\/10\/2-Rows-Pneumatic-Radish-and-Cabbage-Seeder-1-1152x1536.jpg 1152w, https:\/\/tasng-agriculture.com\/wp-content\/uploads\/2024\/10\/2-Rows-Pneumatic-Radish-and-Cabbage-Seeder-1-9x12.jpg 9w, https:\/\/tasng-agriculture.com\/wp-content\/uploads\/2024\/10\/2-Rows-Pneumatic-Radish-and-Cabbage-Seeder-1-500x667.jpg 500w, https:\/\/tasng-agriculture.com\/wp-content\/uploads\/2024\/10\/2-Rows-Pneumatic-Radish-and-Cabbage-Seeder-1.jpg 1512w\" sizes=\"auto, (max-width: 225px) 100vw, 225px\" \/>Sembradora autopropulsada Ridge A diferencia de las sembradoras tradicionales, que necesitan un tractor para desplazarse, una sembradora autopropulsada tiene un motor y un sistema de transmisi\u00f3n integrados que le permiten funcionar de forma independiente. Esta caracter\u00edstica la hace muy vers\u00e1til y eficiente, especialmente para explotaciones m\u00e1s peque\u00f1as o sistemas de cultivo especializados.<a href=\"http:\/\/www.dsseeder.com\" rel=\"nofollow noopener\" target=\"_blank\">.<\/a><\/p>\n<p>La sembradora de succi\u00f3n de aire utiliza el principio de flujo de aire para transportar las semillas desde el dep\u00f3sito de semillas hasta el apero de siembra y garantizar que las semillas se distribuyan uniformemente en el suelo, reduciendo el desperdicio de semillas y mejorando la precisi\u00f3n y la eficacia de la siembra.<\/p>\n<h2><strong>Sembradora neum\u00e1tica de r\u00e1banos y coles de 2 hileras Ventajas del producto<\/strong><\/h2>\n<ol>\n<li>- Siembra por succi\u00f3n de aire:<br \/>\nEquipado con tecnolog\u00eda de aspiraci\u00f3n de aire, garantiza una colocaci\u00f3n precisa y uniforme de las semillas, consiguiendo una semilla por hoyo y reduciendo los costes del aclareo manual.<\/li>\n<li>- Dise\u00f1o autopropulsado:<br \/>\nDispone de un sistema de tracci\u00f3n a las cuatro ruedas con un potente rendimiento y un chasis estable, lo que garantiza unas operaciones de siembra constantes y precisas.<\/li>\n<li>- Operaciones multifuncionales:<br \/>\nIntegra el surcado, la cobertura del suelo, la compactaci\u00f3n y el riego por goteo en una sola pasada, mejorando significativamente la eficiencia operativa.<\/li>\n<li>- Ajustabilidad:<br \/>\nLa distancia entre hileras y entre plantas puede ajustarse con precisi\u00f3n para satisfacer los requisitos de plantaci\u00f3n de diversos cultivos.<\/li>\n<\/ol>\n<h2><strong>Sembradora neum\u00e1tica de r\u00e1banos y coles de 2 hileras Par\u00e1metros de producto<\/strong><\/h2>\n<table>\n<tbody>\n<tr>\n<td style=\"text-align: center;\" colspan=\"4\" width=\"600\">Sembradora neum\u00e1tica de r\u00e1banos y coles de 2 filas<\/td>\n<\/tr>\n<tr>\n<td width=\"150\">N\u00ba de modelo<\/td>\n<td width=\"150\">2BSR-2H<\/td>\n<td width=\"150\">Funci\u00f3n<\/td>\n<td width=\"150\">Surcado, cultivo, compactaci\u00f3n, riego por goteo, siembra por succi\u00f3n de aire<\/td>\n<\/tr>\n<tr>\n<td width=\"150\">Anchura de trabajo<\/td>\n<td width=\"150\">1200 mm<\/td>\n<td width=\"150\">Dimensiones generales<\/td>\n<td width=\"150\">1750*800*780<\/td>\n<\/tr>\n<tr>\n<td width=\"150\">N\u00famero de l\u00edneas de trabajo (l\u00edneas)<\/td>\n<td width=\"150\">2<\/td>\n<td width=\"150\">Potencia auxiliar<\/td>\n<td width=\"150\">Motor de gasolina Huasheng Zhongtian de 163 cc<\/td>\n<\/tr>\n<tr>\n<td width=\"150\">Distancia entre plantas (dentro de una hilera)<\/td>\n<td width=\"150\">30-600<\/td>\n<td width=\"150\">Distancia entre hileras<\/td>\n<td width=\"150\">180-400<\/td>\n<\/tr>\n<tr>\n<td width=\"150\">Eficacia operativa (acres\/hora)<\/td>\n<td width=\"150\">3-4<\/td>\n<td width=\"150\">Profundidad de siembra<\/td>\n<td width=\"150\">0-20<\/td>\n<\/tr>\n<tr>\n<td width=\"150\">\u00c1mbito de aplicaci\u00f3n<\/td>\n<td colspan=\"3\" width=\"450\">Verduras: Zanahoria, cebolla, remolacha, r\u00e1bano blanco, col, etc;<\/td>\n<\/tr>\n<tr>\n<td width=\"150\"><\/td>\n<td colspan=\"3\" width=\"450\">Materias medicinales: Atractylodes, Atractylodes macrocephala, Platycodon grandiflorum, Scutellaria baicalensis, Saposhnikovia divaricata, Bupleurum chinense, Bardana, Achyranthes bidentata, Semilla de Cassia, etc.<\/td>\n<\/tr>\n<\/tbody>\n<\/table>","protected":false},"excerpt":{"rendered":"<p>Una sembradora de hortalizas es una pieza fundamental del equipo para plantar cultivos de forma eficaz. A menudo denominada sembradora, esta m\u00e1quina ayuda a distribuir las semillas uniformemente en el suelo, garantizando un espaciado adecuado para un crecimiento \u00f3ptimo.<\/p>\n<p><strong>\u00c1mbito de aplicaci\u00f3n<\/strong><\/p>\n<p>Verduras: Zanahoria, cebolla, remolacha, r\u00e1bano blanco, col, etc;<\/p>\n<p>Materias medicinales: Atractylodes, Atractylodes macrocephala, Platycodon grandiflorum, Scutellaria baicalensis, Saposhnikovia divaricata, Bupleurum chinense, Bardana, Achyranthes bidentata, Semilla de Cassia, etc.<\/p>","protected":false},"featured_media":370,"template":"","meta":{"_gspb_post_css":""},"product_brand":[],"product_cat":[21],"product_tag":[],"class_list":{"0":"post-368","1":"product","2":"type-product","3":"status-publish","4":"has-post-thumbnail","6":"product_cat-pheumatic-carrot-seeder","8":"first","9":"instock","10":"shipping-taxable","11":"product-type-simple"},"_links":{"self":[{"href":"https:\/\/tasng-agriculture.com\/es\/wp-json\/wp\/v2\/product\/368","targetHints":{"allow":["GET"]}}],"collection":[{"href":"https:\/\/tasng-agriculture.com\/es\/wp-json\/wp\/v2\/product"}],"about":[{"href":"https:\/\/tasng-agriculture.com\/es\/wp-json\/wp\/v2\/types\/product"}],"wp:featuredmedia":[{"embeddable":true,"href":"https:\/\/tasng-agriculture.com\/es\/wp-json\/wp\/v2\/media\/370"}],"wp:attachment":[{"href":"https:\/\/tasng-agriculture.com\/es\/wp-json\/wp\/v2\/media?parent=368"}],"wp:term":[{"taxonomy":"product_brand","embeddable":true,"href":"https:\/\/tasng-agriculture.com\/es\/wp-json\/wp\/v2\/product_brand?post=368"},{"taxonomy":"product_cat","embeddable":true,"href":"https:\/\/tasng-agriculture.com\/es\/wp-json\/wp\/v2\/product_cat?post=368"},{"taxonomy":"product_tag","embeddable":true,"href":"https:\/\/tasng-agriculture.com\/es\/wp-json\/wp\/v2\/product_tag?post=368"}],"curies":[{"name":"wp","href":"https:\/\/api.w.org\/{rel}","templated":true}]}}