{"id":382,"date":"2024-10-28T01:24:29","date_gmt":"2024-10-28T01:24:29","guid":{"rendered":"https:\/\/tasng-agriculture.com\/?post_type=product&#038;p=382"},"modified":"2025-09-28T06:26:33","modified_gmt":"2025-09-28T06:26:33","slug":"flatland-6-row-air-aspirated-planter","status":"publish","type":"product","link":"https:\/\/tasng-agriculture.com\/es\/product\/flatland-6-row-air-aspirated-planter\/","title":{"rendered":"Potente Sembradora Neum\u00e1tica de 6 Hileras"},"content":{"rendered":"<h2><strong>Sembradora de hortalizas neum\u00e1tica de 6 hileras\u00a0 <\/strong>Descripci\u00f3n del producto<\/h2>\n<p><img loading=\"lazy\" decoding=\"async\" class=\"alignnone size-medium wp-image-1289\" src=\"https:\/\/tasng-agriculture.com\/wp-content\/uploads\/2024\/10\/6-Rrows-Pneumatic-Vegetable-Seeder-225x300.jpg\" alt=\"\" width=\"225\" height=\"300\" srcset=\"https:\/\/tasng-agriculture.com\/wp-content\/uploads\/2024\/10\/6-Rrows-Pneumatic-Vegetable-Seeder-225x300.jpg 225w, https:\/\/tasng-agriculture.com\/wp-content\/uploads\/2024\/10\/6-Rrows-Pneumatic-Vegetable-Seeder-768x1024.jpg 768w, https:\/\/tasng-agriculture.com\/wp-content\/uploads\/2024\/10\/6-Rrows-Pneumatic-Vegetable-Seeder-1152x1536.jpg 1152w, https:\/\/tasng-agriculture.com\/wp-content\/uploads\/2024\/10\/6-Rrows-Pneumatic-Vegetable-Seeder-9x12.jpg 9w, https:\/\/tasng-agriculture.com\/wp-content\/uploads\/2024\/10\/6-Rrows-Pneumatic-Vegetable-Seeder-500x667.jpg 500w, https:\/\/tasng-agriculture.com\/wp-content\/uploads\/2024\/10\/6-Rrows-Pneumatic-Vegetable-Seeder.jpg 1512w\" sizes=\"auto, (max-width: 225px) 100vw, 225px\" \/><\/p>\n<p>La sembradora neum\u00e1tica de 6 hileras para hortalizas est\u00e1 dise\u00f1ada espec\u00edficamente para plantar semillas en hileras ordenadas y uniformes.<a href=\"https:\/\/tasng-agriculture.com\/es\/product-category\/multi-row-vegetable-seeder\/\">,<\/a> Con los avances tecnol\u00f3gicos, las plantadoras autom\u00e1ticas de hortalizas se han convertido en una valiosa herramienta que automatiza el proceso de plantaci\u00f3n para aumentar la velocidad, la precisi\u00f3n y la productividad.<a href=\"http:\/\/www.dsseeder.com\" rel=\"nofollow noopener\" target=\"_blank\">,<\/a> y la productividad global, especialmente en las explotaciones agr\u00edcolas a gran escala.<\/p>\n<p><img loading=\"lazy\" decoding=\"async\" class=\"alignnone size-medium wp-image-1290\" src=\"https:\/\/tasng-agriculture.com\/wp-content\/uploads\/2024\/10\/6-Rrows-Pneumatic-Vegetable-Seeder-1-300x300.jpg\" alt=\"\" width=\"300\" height=\"300\" srcset=\"https:\/\/tasng-agriculture.com\/wp-content\/uploads\/2024\/10\/6-Rrows-Pneumatic-Vegetable-Seeder-1-300x300.jpg 300w, https:\/\/tasng-agriculture.com\/wp-content\/uploads\/2024\/10\/6-Rrows-Pneumatic-Vegetable-Seeder-1-150x150.jpg 150w, https:\/\/tasng-agriculture.com\/wp-content\/uploads\/2024\/10\/6-Rrows-Pneumatic-Vegetable-Seeder-1-768x768.jpg 768w, https:\/\/tasng-agriculture.com\/wp-content\/uploads\/2024\/10\/6-Rrows-Pneumatic-Vegetable-Seeder-1-12x12.jpg 12w, https:\/\/tasng-agriculture.com\/wp-content\/uploads\/2024\/10\/6-Rrows-Pneumatic-Vegetable-Seeder-1-500x500.jpg 500w, https:\/\/tasng-agriculture.com\/wp-content\/uploads\/2024\/10\/6-Rrows-Pneumatic-Vegetable-Seeder-1.jpg 1008w\" sizes=\"auto, (max-width: 300px) 100vw, 300px\" \/><\/p>\n<p>Una sembradora en terreno llano es un tipo de equipo agr\u00edcola dise\u00f1ado espec\u00edficamente para sembrar semillas en superficies de suelo llanas y uniformes. A diferencia de las m\u00e1quinas utilizadas para sembrar en caballones o lechos elevados, este tipo de sembradora es ideal para campos que est\u00e1n nivelados y no requieren surcos o hileras elevadas.<\/p>\n<p>La sembradora neum\u00e1tica de hortalizas de 6 filas por succi\u00f3n de aire utiliza el principio de flujo de aire para transportar las semillas desde el dep\u00f3sito de semillas hasta el apero de siembra y garantizar que las semillas se esparzan uniformemente por el suelo, reduciendo el desperdicio de semillas y mejorando la precisi\u00f3n y la eficacia de la siembra.<\/p>\n<h2><strong>Sembradora de hortalizas neum\u00e1tica de 6 filas Ventajas del producto<\/strong><\/h2>\n<p>1.Siembra por succi\u00f3n de aire, posicionamiento y cuantificaci\u00f3n, un grano cada vez, ahorra costes de mano de obra entre siembras;<\/p>\n<p>2.line espaciamiento es ajustable, usted puede elegir la fila lo que usted quiere por la v\u00e1lvula independiente;<\/p>\n<p>3.Equipado con caja de engranajes de ajuste del espaciado de la planta, que hace que el ajuste del espaciado de la planta sea m\u00e1s preciso;<\/p>\n<p>4.Motor de gasolina, mejor estabilidad, bajo ruido y ahorro de energ\u00eda.<\/p>\n<h2><strong>Par\u00e1metros de producto de la sembradora neum\u00e1tica de hortalizas de 6 hileras<\/strong><\/h2>\n<table>\n<tbody>\n<tr>\n<td style=\"text-align: center;\" colspan=\"4\" width=\"450\">Sembradora de hortalizas neum\u00e1tica de 6 filas<\/td>\n<\/tr>\n<tr>\n<td width=\"225\">N\u00ba de modelo<\/td>\n<td width=\"225\">2BSG-6H<\/td>\n<td width=\"225\">Funci\u00f3n<\/td>\n<td width=\"225\">Surcado, cultivo, nivelaci\u00f3n, compactaci\u00f3n, riego por goteo, siembra por succi\u00f3n de aire<\/td>\n<\/tr>\n<tr>\n<td width=\"225\">Anchura de trabajo<\/td>\n<td width=\"225\">850 mm<\/td>\n<td width=\"225\">Dimensiones generales<\/td>\n<td width=\"225\">1500*1020*900<\/td>\n<\/tr>\n<tr>\n<td width=\"225\">N\u00famero de l\u00edneas de trabajo (l\u00edneas)<\/td>\n<td width=\"225\">6<\/td>\n<td width=\"225\">Potencia auxiliar<\/td>\n<td width=\"225\">Motor de gasolina Huasheng Zhongtian de 163 cc<\/td>\n<\/tr>\n<tr>\n<td width=\"225\">Distancia entre plantas (dentro de una hilera)<\/td>\n<td width=\"225\">20-500<\/td>\n<td width=\"225\">Distancia entre hileras<\/td>\n<td width=\"225\">135<\/td>\n<\/tr>\n<tr>\n<td width=\"225\">Eficacia operativa (acres\/hora)<\/td>\n<td width=\"225\">2.5-3<\/td>\n<td width=\"225\">Profundidad de siembra<\/td>\n<td width=\"225\">0-20<\/td>\n<\/tr>\n<tr>\n<td width=\"225\">\u00c1mbito de aplicaci\u00f3n<\/td>\n<td colspan=\"3\" width=\"675\">Verduras: Espinacas, cilantro, apio, lechuga, repollo, zanahoria, cebolla, remolacha, guindilla, etc.<\/td>\n<\/tr>\n<tr>\n<td width=\"225\"><\/td>\n<td colspan=\"3\" width=\"675\">Materias medicinales: Atractylodes, Atractylodes macrocephala, Platycodon grandiflorum, Scutellaria baicalensis, Saposhnikovia divaricata, Bupleurum chinense, Bardana, Achyranthes bidentata, Semilla de Cassia, etc.<\/td>\n<\/tr>\n<\/tbody>\n<\/table>\n<h2><strong>Sembradora de hortalizas neum\u00e1tica de 6 hileras <\/strong>Perfil de la empresa<\/h2>\n<p>Qingdao Dashun Jingfeng Industry and Trade Co, Ltd fue fundada en junio de 2014, la empresa se encuentra en Laixi, Qingdao. Nos dedicamos principalmente a la sembradora de succi\u00f3n neum\u00e1tica de hortalizas transportada por tractor, sembradora de succi\u00f3n neum\u00e1tica de hortalizas autopropulsada, sembradora de succi\u00f3n neum\u00e1tica de hortalizas de suelo plano y otros productos.<\/p>\n<p>La empresa tiene una superficie de 3,2 acres y la f\u00e1brica de 1,5 acres. La empresa tiene 80 empleados, con un departamento independiente de I+D y 6 dise\u00f1adores de I+D. Los activos fijos totales de la empresa han alcanzado m\u00e1s de$1,42 millones, con una facturaci\u00f3n anual de m\u00e1s de $2,85 millones. Nuestros productos y servicios cubren m\u00e1s de 30 provincias de China y se exportan al extranjero.<\/p>\n<p>Desde su creaci\u00f3n, Qingdao Dashun ha dominado la tecnolog\u00eda de base de la m\u00e1quina de siembra, y establecer la investigaci\u00f3n y el desarrollo de maquinaria agr\u00edcola y equipos, producci\u00f3n, ventas y servicio en la integraci\u00f3n de las empresas. Y siempre se adhieren a la \"innovaci\u00f3n cient\u00edfica y tecnol\u00f3gica\" como la fuerza impulsora principal, despu\u00e9s de m\u00e1s de una d\u00e9cada de desarrollo, se ha convertido en una empresa l\u00edder en el campo de la m\u00e1quina de siembra de hortalizas nacional. Por otra parte, la empresa tambi\u00e9n se centra en la cooperaci\u00f3n entre la industria, la academia y la investigaci\u00f3n, y ha establecido la relaci\u00f3n de cooperaci\u00f3n con m\u00e1s de diez unidades de investigaci\u00f3n cient\u00edfica y colegios y universidades, que constantemente mejora la capacidad creativa de la empresa y el nivel t\u00e9cnico.<\/p>\n<p>Qingdao Dashun se adhiere a la cultura empresarial de \"confianza en uno mismo, progreso, esfuerzo y trabajo duro\", y se dedica a la investigaci\u00f3n y desarrollo de la plantadora de hortalizas, que puede reducir un tercio del coste y aumentar un tercio de los ingresos de cada acre de tierra, y resuelve de ra\u00edz los problemas de dificultad para plantar, lentitud para plantar y alto coste de la plantaci\u00f3n.<\/p>\n<p>En el campo de las sembradoras de hortalizas, Qingdao Dashun posee m\u00e1s de 50 tecnolog\u00edas b\u00e1sicas patentadas, y su cuota de mercado ha sido l\u00edder del sector durante tres a\u00f1os consecutivos.<\/p>\n<p>La empresa participa activamente en empresas de bienestar social, realiza regularmente actividades de ciencia y tecnolog\u00eda en escuelas, apoya el desarrollo de la educaci\u00f3n y est\u00e1 comprometida con la protecci\u00f3n del medio ambiente y el desarrollo sostenible.<\/p>\n<h2><strong>Sembradora de hortalizas neum\u00e1tica de 6 hileras <\/strong>Producto postventa<\/h2>\n<p>Gracias por elegir nuestra sembradora de hortalizas. Siempre insistimos en centrarnos en el cliente y ofrecerle un servicio posventa de alta calidad, eficiente y completo. Los siguientes son los contenidos espec\u00edficos de nuestro servicio post-venta:<\/p>\n<p>Nuestra empresa se compromete a ofrecer un servicio posventa perfecto para los productos vendidos de acuerdo con las leyes y normativas nacionales y de los fabricantes.<\/p>\n<p>Adherirse al prop\u00f3sito de servicio basado en la integridad y centrado en el cliente, para garantizar los derechos e intereses leg\u00edtimos de cada cliente.<\/p>\n<p>En segundo lugar, el alcance del servicio posventa<\/p>\n<p>Garant\u00eda del producto: Desde la fecha de compra, de acuerdo con la especificaci\u00f3n del producto o contrato de venta acordado per\u00edodo de garant\u00eda, para proporcionar servicio de garant\u00eda gratuito.<\/p>\n<p>Mantenimiento del producto: m\u00e1s all\u00e1 del periodo de garant\u00eda o debido a problemas no relacionados con la calidad del producto causados por la no prestaci\u00f3n de servicios de mantenimiento de pago.<\/p>\n<p>Asistencia t\u00e9cnica: proporcionar asesoramiento t\u00e9cnico y orientaci\u00f3n sobre el uso, funcionamiento y mantenimiento del producto.<\/p>\n<p>En tercer lugar, el proceso de servicio posventa<\/p>\n<p>Llame al servicio de atenci\u00f3n al cliente: Cuando tenga problemas, llame a nuestra l\u00ednea de atenci\u00f3n al cliente, nuestro personal de atenci\u00f3n al cliente responder\u00e1 a sus preguntas.<\/p>\n<p>Presentar una solicitud de servicio: Si necesita mantenimiento, sustituci\u00f3n y otros servicios, env\u00ede una solicitud de servicio a trav\u00e9s de la l\u00ednea de atenci\u00f3n al cliente.<\/p>\n<p>Organizar el servicio: Despu\u00e9s de recibir la solicitud de servicio, organizaremos personal profesional para prestarle servicios lo antes posible.<\/p>\n<p>Servicio de seguimiento: Una vez finalizado el servicio, realizaremos un seguimiento de la calidad del servicio para asegurarnos de que el problema se ha resuelto correctamente.<\/p>\n<p>Cuarto, tiempo de servicio posventa Nuestra l\u00ednea de atenci\u00f3n al cliente est\u00e1 abierta todo el a\u00f1o, 24 horas al d\u00eda, para ofrecerle servicios.<\/p>\n<p>&nbsp;<\/p>","protected":false},"excerpt":{"rendered":"<p>Una sembradora de hortalizas es una pieza fundamental del equipo para plantar cultivos de forma eficaz. A menudo denominada sembradora, esta m\u00e1quina ayuda a distribuir las semillas uniformemente en el suelo, garantizando un espaciado adecuado para un crecimiento \u00f3ptimo.<\/p>\n<p><strong>\u00c1mbito de aplicaci\u00f3n<\/strong><\/p>\n<p>Verduras: Espinacas, cilantro, apio, lechuga, repollo, zanahoria, cebolla, remolacha, guindilla, etc.<\/p>\n<p>Materias medicinales: Atractylodes, Atractylodes macrocephala, Platycodon grandiflorum, Scutellaria baicalensis, Saposhnikovia divaricata, Bupleurum chinense, Bardana, Achyranthes bidentata, Semilla de Cassia, etc.<\/p>","protected":false},"featured_media":384,"template":"","meta":{"_gspb_post_css":""},"product_brand":[],"product_cat":[26],"product_tag":[],"class_list":{"0":"post-382","1":"product","2":"type-product","3":"status-publish","4":"has-post-thumbnail","6":"product_cat-pneumaticonion-seeder","8":"first","9":"instock","10":"shipping-taxable","11":"product-type-simple"},"_links":{"self":[{"href":"https:\/\/tasng-agriculture.com\/es\/wp-json\/wp\/v2\/product\/382","targetHints":{"allow":["GET"]}}],"collection":[{"href":"https:\/\/tasng-agriculture.com\/es\/wp-json\/wp\/v2\/product"}],"about":[{"href":"https:\/\/tasng-agriculture.com\/es\/wp-json\/wp\/v2\/types\/product"}],"wp:featuredmedia":[{"embeddable":true,"href":"https:\/\/tasng-agriculture.com\/es\/wp-json\/wp\/v2\/media\/384"}],"wp:attachment":[{"href":"https:\/\/tasng-agriculture.com\/es\/wp-json\/wp\/v2\/media?parent=382"}],"wp:term":[{"taxonomy":"product_brand","embeddable":true,"href":"https:\/\/tasng-agriculture.com\/es\/wp-json\/wp\/v2\/product_brand?post=382"},{"taxonomy":"product_cat","embeddable":true,"href":"https:\/\/tasng-agriculture.com\/es\/wp-json\/wp\/v2\/product_cat?post=382"},{"taxonomy":"product_tag","embeddable":true,"href":"https:\/\/tasng-agriculture.com\/es\/wp-json\/wp\/v2\/product_tag?post=382"}],"curies":[{"name":"wp","href":"https:\/\/api.w.org\/{rel}","templated":true}]}}