{"id":390,"date":"2024-10-28T01:33:16","date_gmt":"2024-10-28T01:33:16","guid":{"rendered":"https:\/\/tasng-agriculture.com\/?post_type=product&#038;p=390"},"modified":"2025-09-28T06:23:49","modified_gmt":"2025-09-28T06:23:49","slug":"flatland-8-row-air-aspirated-planter","status":"publish","type":"product","link":"https:\/\/tasng-agriculture.com\/es\/product\/flatland-8-row-air-aspirated-planter\/","title":{"rendered":"Sembradora de hortalizas neum\u00e1tica de 8 hileras fiable"},"content":{"rendered":"<h2>Sembradora Neum\u00e1tica de Hortalizas Reliable 8 FilasDescripci\u00f3n del producto<\/h2>\n<h2><img loading=\"lazy\" decoding=\"async\" class=\"alignnone size-medium wp-image-1241\" src=\"https:\/\/tasng-agriculture.com\/wp-content\/uploads\/2024\/10\/8-Rows-Reliably-Pneumatic-Vegetable-Seeder-300x257.jpg\" alt=\"\" width=\"300\" height=\"257\" srcset=\"https:\/\/tasng-agriculture.com\/wp-content\/uploads\/2024\/10\/8-Rows-Reliably-Pneumatic-Vegetable-Seeder-300x257.jpg 300w, https:\/\/tasng-agriculture.com\/wp-content\/uploads\/2024\/10\/8-Rows-Reliably-Pneumatic-Vegetable-Seeder-1024x876.jpg 1024w, https:\/\/tasng-agriculture.com\/wp-content\/uploads\/2024\/10\/8-Rows-Reliably-Pneumatic-Vegetable-Seeder-768x657.jpg 768w, https:\/\/tasng-agriculture.com\/wp-content\/uploads\/2024\/10\/8-Rows-Reliably-Pneumatic-Vegetable-Seeder-14x12.jpg 14w, https:\/\/tasng-agriculture.com\/wp-content\/uploads\/2024\/10\/8-Rows-Reliably-Pneumatic-Vegetable-Seeder-500x428.jpg 500w, https:\/\/tasng-agriculture.com\/wp-content\/uploads\/2024\/10\/8-Rows-Reliably-Pneumatic-Vegetable-Seeder.jpg 1064w\" sizes=\"auto, (max-width: 300px) 100vw, 300px\" \/><\/h2>\n<p>En <a href=\"http:\/\/www.dsseeder.com\" rel=\"nofollow noopener\" target=\"_blank\">Qingdao Dashun<\/a> La sembradora neum\u00e1tica de hortalizas de 8 hileras est\u00e1 dise\u00f1ada espec\u00edficamente para cultivos de hortalizas de hoja, como lechuga, espinaca, bok choy, cilantro y otros. Utilizando tecnolog\u00eda avanzada de succi\u00f3n de aire y un sistema de siembra de m\u00faltiples filas, permite una siembra precisa, una distribuci\u00f3n uniforme y un funcionamiento de alta velocidad, por lo que es adecuada para la siembra a gran escala. Compacta y multifuncional, la m\u00e1quina mejora significativamente la eficiencia de la siembra, reduce el desperdicio de semillas, y es una excelente opci\u00f3n para la agricultura mecanizadaUna sembradora en hileras para hortalizas est\u00e1 dise\u00f1ada espec\u00edficamente para plantar semillas en hileras ordenadas y uniformes, lo que es ideal para una variedad de cultivos de hortalizas.Con los avances en la tecnolog\u00eda, una sembradora autom\u00e1tica de hortalizas se ha convertido en una herramienta valiosa, automatizando el proceso de siembra para aumentar la velocidad, la precisi\u00f3n y la productividad general, especialmente en las operaciones agr\u00edcolas a gran escala.<\/p>\n<blockquote class=\"wp-embedded-content\" data-secret=\"oNNtCYWnrt\"><p><a href=\"https:\/\/tasng-agriculture.com\/es\/product\/flatland-8-row-air-aspirated-planter\/\">Sembradora de hortalizas neum\u00e1tica de 8 hileras fiable<\/a><\/p><\/blockquote>\n<p><iframe loading=\"lazy\" class=\"wp-embedded-content\" sandbox=\"allow-scripts\" security=\"restricted\" style=\"position: absolute; visibility: hidden;\" title=\"&quot;Sembradora Neum\u00e1tica de 8 Hileras&quot; - Sembradora de Hortalizas | Sembradora de Zanahorias | Sembradora de Remolachas | Sembradora de Cebollas\" src=\"https:\/\/tasng-agriculture.com\/product\/flatland-8-row-air-aspirated-planter\/embed\/#?secret=mK6MsBEAaH#?secret=oNNtCYWnrt\" data-secret=\"oNNtCYWnrt\" width=\"600\" height=\"338\" frameborder=\"0\" marginwidth=\"0\" marginheight=\"0\" scrolling=\"no\"><\/iframe><\/p>\n<p><img loading=\"lazy\" decoding=\"async\" class=\"alignnone size-medium wp-image-1242\" src=\"https:\/\/tasng-agriculture.com\/wp-content\/uploads\/2024\/10\/8-Rows-Reliably-Pneumatic-Vegetable-Seeder-1-300x293.jpg\" alt=\"\" width=\"300\" height=\"293\" srcset=\"https:\/\/tasng-agriculture.com\/wp-content\/uploads\/2024\/10\/8-Rows-Reliably-Pneumatic-Vegetable-Seeder-1-300x293.jpg 300w, https:\/\/tasng-agriculture.com\/wp-content\/uploads\/2024\/10\/8-Rows-Reliably-Pneumatic-Vegetable-Seeder-1-768x751.jpg 768w, https:\/\/tasng-agriculture.com\/wp-content\/uploads\/2024\/10\/8-Rows-Reliably-Pneumatic-Vegetable-Seeder-1-12x12.jpg 12w, https:\/\/tasng-agriculture.com\/wp-content\/uploads\/2024\/10\/8-Rows-Reliably-Pneumatic-Vegetable-Seeder-1-500x489.jpg 500w, https:\/\/tasng-agriculture.com\/wp-content\/uploads\/2024\/10\/8-Rows-Reliably-Pneumatic-Vegetable-Seeder-1.jpg 1015w\" sizes=\"auto, (max-width: 300px) 100vw, 300px\" \/><\/p>\n<p>La sembradora neum\u00e1tica de hortalizas es un tipo de equipo agr\u00edcola dise\u00f1ado espec\u00edficamente para sembrar semillas en superficies de suelo planas y uniformes. A diferencia de las m\u00e1quinas utilizadas para sembrar en caballones o lechos elevados, este tipo de sembradora es ideal para campos que est\u00e1n nivelados y no requieren surcos o hileras elevadas.<\/p>\n<p>La sembradora neum\u00e1tica de hortalizas utiliza el principio de flujo de aire para transportar las semillas desde el dep\u00f3sito de semillas hasta el apero de siembra y garantizar que las semillas se distribuyan uniformemente en el suelo, reduciendo el desperdicio de semillas y mejorando la precisi\u00f3n y la eficacia de la siembra.<\/p>\n<h2><strong>Sembradora Neum\u00e1tica de Hortalizas de 8 Hileras Ventajas del producto<\/strong><\/h2>\n<ol>\n<li>\u00a0Siembra precisa: La tecnolog\u00eda de siembra por succi\u00f3n de aire utiliza un sistema de succi\u00f3n por vac\u00edo para garantizar que cada orificio de siembra recoge una sola semilla, evitando que se pierdan o se superpongan semillas.<\/li>\n<li>\u00a0Alta eficacia: Con su dise\u00f1o de siembra en 8 hileras, la m\u00e1quina puede sembrar ocho hileras simult\u00e1neamente, cubriendo un \u00e1rea mayor en una sola operaci\u00f3n y ahorrando un tiempo significativo.<\/li>\n<li>\u00a0Distribuci\u00f3n uniforme: Equipado con un avanzado sistema de distribuci\u00f3n de semillas, garantiza una profundidad de siembra y un espaciado entre hileras uniformes, lo que favorece el crecimiento uniforme de los cultivos y un mayor rendimiento.<\/li>\n<li>Facilidad de manejo: La m\u00e1quina presenta un dise\u00f1o f\u00e1cil de usar, lo que facilita su manejo y el ajuste de par\u00e1metros como el espaciado entre hileras y la profundidad de siembra para satisfacer diversas necesidades de siembra.<\/li>\n<li>Ahorro de costes: La siembra de precisi\u00f3n minimiza el desperdicio de semillas, reduciendo los costes de plantaci\u00f3n, a la vez que disminuye las necesidades de mano de obra, lo que se traduce en un mayor rendimiento econ\u00f3mico.<\/li>\n<li>Gran adaptabilidad: Adecuada para llanuras y diversas condiciones de suelo, la m\u00e1quina satisface las demandas de plantaci\u00f3n de diferentes regiones<\/li>\n<\/ol>\n<h2><strong>Par\u00e1metros del producto<\/strong><\/h2>\n<table>\n<tbody>\n<tr>\n<td style=\"text-align: center\" colspan=\"4\" width=\"450\">Sembradora de hortalizas neum\u00e1tica de 8 filas<\/td>\n<\/tr>\n<tr>\n<td width=\"225\">N\u00ba de modelo<\/td>\n<td width=\"225\">2BSG-8H<\/td>\n<td width=\"225\">Funci\u00f3n<\/td>\n<td width=\"225\">Surcado, cultivo, nivelaci\u00f3n, compactaci\u00f3n, riego por goteo, siembra por succi\u00f3n de aire<\/td>\n<\/tr>\n<tr>\n<td width=\"225\">Anchura de trabajo<\/td>\n<td width=\"225\">850 mm<\/td>\n<td width=\"225\">Dimensiones generales<\/td>\n<td width=\"225\">1500*1020*900<\/td>\n<\/tr>\n<tr>\n<td width=\"225\">N\u00famero de l\u00edneas de trabajo (l\u00edneas)<\/td>\n<td width=\"225\">8<\/td>\n<td width=\"225\">Potencia auxiliar<\/td>\n<td width=\"225\">Motor de gasolina Huasheng Zhongtian de 163 cc<\/td>\n<\/tr>\n<tr>\n<td width=\"225\">Distancia entre plantas (dentro de una hilera)<\/td>\n<td width=\"225\">20-500<\/td>\n<td width=\"225\">Distancia entre hileras<\/td>\n<td width=\"225\">110<\/td>\n<\/tr>\n<tr>\n<td width=\"225\">Eficacia operativa (acres\/hora)<\/td>\n<td width=\"225\">2.5-3<\/td>\n<td width=\"225\">Profundidad de siembra<\/td>\n<td width=\"225\">0-20<\/td>\n<\/tr>\n<tr>\n<td width=\"225\">\u00c1mbito de aplicaci\u00f3n<\/td>\n<td colspan=\"3\" width=\"675\">Verduras: Espinacas, cilantro, apio, lechuga, repollo, zanahoria, cebolla, remolacha, guindilla, etc.<\/td>\n<\/tr>\n<tr>\n<td width=\"225\"><\/td>\n<td colspan=\"3\" width=\"675\">Materias medicinales: Atractylodes, Atractylodes macrocephala, Platycodon grandiflorum, Scutellaria baicalensis, Saposhnikovia divaricata, Bupleurum chinense, Bardana, Achyranthes bidentata, Semilla de Cassia, etc.<\/td>\n<\/tr>\n<\/tbody>\n<\/table>\n<h2>Perfil de la empresa<\/h2>\n<p><a href=\"https:\/\/tasng-agriculture.com\/es\/product\/flatland-8-row-air-aspirated-planter\/\">Qingdao Dashun Jingfeng<\/a> Industry and Trade Co, Ltd fue fundada en junio de 2014, la empresa se encuentra en Laixi, Qingdao. Nos dedicamos principalmente a la sembradora de succi\u00f3n neum\u00e1tica de hortalizas transportada por tractor, sembradora de succi\u00f3n neum\u00e1tica de hortalizas autopropulsada, sembradora de succi\u00f3n neum\u00e1tica de hortalizas de suelo plano y otros productos.<\/p>\n<p>La empresa tiene una superficie de 3,2 acres y la f\u00e1brica de 1,5 acres. La empresa tiene 80 empleados, con un departamento independiente de I+D y 6 dise\u00f1adores de I+D. Los activos fijos totales de la empresa han alcanzado m\u00e1s de$1,42 millones, con una facturaci\u00f3n anual de m\u00e1s de $2,85 millones. Nuestros productos y servicios cubren m\u00e1s de 30 provincias de China y se exportan al extranjero.<\/p>\n<p>Desde su creaci\u00f3n, Qingdao Dashun ha dominado la tecnolog\u00eda de base de la m\u00e1quina de siembra, y establecer la investigaci\u00f3n y el desarrollo de maquinaria agr\u00edcola y equipos, producci\u00f3n, ventas y servicio en la integraci\u00f3n de las empresas. Y siempre se adhieren a la \"innovaci\u00f3n cient\u00edfica y tecnol\u00f3gica\" como la fuerza impulsora principal, despu\u00e9s de m\u00e1s de una d\u00e9cada de desarrollo, se ha convertido en una empresa l\u00edder en el campo de la m\u00e1quina de siembra de hortalizas nacional. Por otra parte, la empresa tambi\u00e9n se centra en la cooperaci\u00f3n entre la industria, la academia y la investigaci\u00f3n, y ha establecido la relaci\u00f3n de cooperaci\u00f3n con m\u00e1s de diez unidades de investigaci\u00f3n cient\u00edfica y colegios y universidades, que constantemente mejora la capacidad creativa de la empresa y el nivel t\u00e9cnico.<\/p>\n<p>Qingdao Dashun se adhiere a la cultura empresarial de \"confianza en uno mismo, progreso, esfuerzo y trabajo duro\", y se dedica a la investigaci\u00f3n y desarrollo de la plantadora de hortalizas, que puede reducir un tercio del coste y aumentar un tercio de los ingresos de cada acre de tierra, y resuelve de ra\u00edz los problemas de dificultad para plantar, lentitud para plantar y alto coste de la plantaci\u00f3n.<\/p>\n<p>En el campo de las sembradoras de hortalizas, Qingdao Dashun posee m\u00e1s de 50 tecnolog\u00edas b\u00e1sicas patentadas, y su cuota de mercado ha sido l\u00edder del sector durante tres a\u00f1os consecutivos.<\/p>\n<p>La empresa participa activamente en empresas de bienestar social, realiza regularmente actividades de ciencia y tecnolog\u00eda en escuelas, apoya el desarrollo de la educaci\u00f3n y est\u00e1 comprometida con la protecci\u00f3n del medio ambiente y el desarrollo sostenible.<\/p>\n<p>&nbsp;<\/p>\n<p>&nbsp;<\/p>","protected":false},"excerpt":{"rendered":"<p>Una sembradora de hortalizas es una pieza fundamental del equipo para plantar cultivos de forma eficaz. A menudo denominada sembradora, esta m\u00e1quina ayuda a distribuir las semillas uniformemente en el suelo, garantizando un espaciado adecuado para un crecimiento \u00f3ptimo.<\/p>\n<p><strong>\u00c1mbito de aplicaci\u00f3n<\/strong><\/p>\n<p>Verduras: Espinacas, cilantro, apio, lechuga, repollo, zanahoria, cebolla, remolacha, guindilla, etc.<\/p>\n<p>Materias medicinales: Atractylodes, Atractylodes macrocephala, Platycodon grandiflorum, Scutellaria baicalensis, Saposhnikovia divaricata, Bupleurum chinense, Bardana, Achyranthes bidentata, Semilla de Cassia, etc.<\/p>","protected":false},"featured_media":394,"template":"","meta":{"_gspb_post_css":""},"product_brand":[],"product_cat":[26],"product_tag":[],"class_list":{"0":"post-390","1":"product","2":"type-product","3":"status-publish","4":"has-post-thumbnail","6":"product_cat-pneumaticonion-seeder","8":"first","9":"instock","10":"shipping-taxable","11":"product-type-simple"},"_links":{"self":[{"href":"https:\/\/tasng-agriculture.com\/es\/wp-json\/wp\/v2\/product\/390","targetHints":{"allow":["GET"]}}],"collection":[{"href":"https:\/\/tasng-agriculture.com\/es\/wp-json\/wp\/v2\/product"}],"about":[{"href":"https:\/\/tasng-agriculture.com\/es\/wp-json\/wp\/v2\/types\/product"}],"wp:featuredmedia":[{"embeddable":true,"href":"https:\/\/tasng-agriculture.com\/es\/wp-json\/wp\/v2\/media\/394"}],"wp:attachment":[{"href":"https:\/\/tasng-agriculture.com\/es\/wp-json\/wp\/v2\/media?parent=390"}],"wp:term":[{"taxonomy":"product_brand","embeddable":true,"href":"https:\/\/tasng-agriculture.com\/es\/wp-json\/wp\/v2\/product_brand?post=390"},{"taxonomy":"product_cat","embeddable":true,"href":"https:\/\/tasng-agriculture.com\/es\/wp-json\/wp\/v2\/product_cat?post=390"},{"taxonomy":"product_tag","embeddable":true,"href":"https:\/\/tasng-agriculture.com\/es\/wp-json\/wp\/v2\/product_tag?post=390"}],"curies":[{"name":"wp","href":"https:\/\/api.w.org\/{rel}","templated":true}]}}