{"id":398,"date":"2024-10-28T01:49:20","date_gmt":"2024-10-28T01:49:20","guid":{"rendered":"https:\/\/tasng-agriculture.com\/?post_type=product&#038;p=398"},"modified":"2025-09-28T06:22:50","modified_gmt":"2025-09-28T06:22:50","slug":"flatland-10-row-air-aspirated-planter","status":"publish","type":"product","link":"https:\/\/tasng-agriculture.com\/es\/product\/flatland-10-row-air-aspirated-planter\/","title":{"rendered":"Sembradora de hortalizas neum\u00e1tica precisa y potente de 10 filas"},"content":{"rendered":"<h2><strong>Sembradora de hortalizas neum\u00e1tica de 10 filas <\/strong>Descripci\u00f3n del producto<\/h2>\n<p><img loading=\"lazy\" decoding=\"async\" class=\"alignnone size-medium wp-image-1286\" src=\"https:\/\/tasng-agriculture.com\/wp-content\/uploads\/2024\/10\/10-Rows-Pneumatic-Vegetable-Seeder.pic_-300x289.jpg\" alt=\"\" width=\"300\" height=\"289\" srcset=\"https:\/\/tasng-agriculture.com\/wp-content\/uploads\/2024\/10\/10-Rows-Pneumatic-Vegetable-Seeder.pic_-300x289.jpg 300w, https:\/\/tasng-agriculture.com\/wp-content\/uploads\/2024\/10\/10-Rows-Pneumatic-Vegetable-Seeder.pic_-1024x987.jpg 1024w, https:\/\/tasng-agriculture.com\/wp-content\/uploads\/2024\/10\/10-Rows-Pneumatic-Vegetable-Seeder.pic_-768x740.jpg 768w, https:\/\/tasng-agriculture.com\/wp-content\/uploads\/2024\/10\/10-Rows-Pneumatic-Vegetable-Seeder.pic_-12x12.jpg 12w, https:\/\/tasng-agriculture.com\/wp-content\/uploads\/2024\/10\/10-Rows-Pneumatic-Vegetable-Seeder.pic_-500x482.jpg 500w, https:\/\/tasng-agriculture.com\/wp-content\/uploads\/2024\/10\/10-Rows-Pneumatic-Vegetable-Seeder.pic_.jpg 1234w\" sizes=\"auto, (max-width: 300px) 100vw, 300px\" \/><\/p>\n<p>Con los avances tecnol\u00f3gicos, las sembradoras autom\u00e1ticas de hortalizas se han convertido en una valiosa herramienta que automatiza el proceso de siembra para aumentar la velocidad, la precisi\u00f3n y la productividad general, especialmente en las explotaciones agr\u00edcolas a gran escala.<a href=\"http:\/\/www.dsseeder.com\" rel=\"nofollow noopener\" target=\"_blank\">.<\/a><\/p>\n<p><img loading=\"lazy\" decoding=\"async\" class=\"alignnone size-medium wp-image-1287\" src=\"https:\/\/tasng-agriculture.com\/wp-content\/uploads\/2024\/10\/10-Rows-Pneumatic-Vegetable-Seeder.pic_-1-298x300.jpg\" alt=\"\" width=\"298\" height=\"300\" srcset=\"https:\/\/tasng-agriculture.com\/wp-content\/uploads\/2024\/10\/10-Rows-Pneumatic-Vegetable-Seeder.pic_-1-298x300.jpg 298w, https:\/\/tasng-agriculture.com\/wp-content\/uploads\/2024\/10\/10-Rows-Pneumatic-Vegetable-Seeder.pic_-1-1016x1024.jpg 1016w, https:\/\/tasng-agriculture.com\/wp-content\/uploads\/2024\/10\/10-Rows-Pneumatic-Vegetable-Seeder.pic_-1-150x150.jpg 150w, https:\/\/tasng-agriculture.com\/wp-content\/uploads\/2024\/10\/10-Rows-Pneumatic-Vegetable-Seeder.pic_-1-768x774.jpg 768w, https:\/\/tasng-agriculture.com\/wp-content\/uploads\/2024\/10\/10-Rows-Pneumatic-Vegetable-Seeder.pic_-1-1524x1536.jpg 1524w, https:\/\/tasng-agriculture.com\/wp-content\/uploads\/2024\/10\/10-Rows-Pneumatic-Vegetable-Seeder.pic_-1-12x12.jpg 12w, https:\/\/tasng-agriculture.com\/wp-content\/uploads\/2024\/10\/10-Rows-Pneumatic-Vegetable-Seeder.pic_-1-500x504.jpg 500w, https:\/\/tasng-agriculture.com\/wp-content\/uploads\/2024\/10\/10-Rows-Pneumatic-Vegetable-Seeder.pic_-1.jpg 1707w\" sizes=\"auto, (max-width: 298px) 100vw, 298px\" \/><\/p>\n<p>Una sembradora en terreno llano es un tipo de equipo agr\u00edcola dise\u00f1ado espec\u00edficamente para sembrar semillas en superficies de suelo llanas y uniformes. A diferencia de las m\u00e1quinas utilizadas para la siembra en caballones o lechos elevados, este tipo de sembradora es ideal para campos que est\u00e1n nivelados y no requieren surcos o hileras elevadas<a href=\"https:\/\/tasng-agriculture.com\/es\/\">.<\/a><\/p>\n<p>La sembradora de succi\u00f3n de aire utiliza el principio de flujo de aire para transportar las semillas desde el dep\u00f3sito de semillas hasta el apero de siembra y garantizar que las semillas se distribuyan uniformemente en el suelo, reduciendo el desperdicio de semillas y mejorando la precisi\u00f3n y la eficacia de la siembra.<\/p>\n<h2><strong>Sembradora de hortalizas neum\u00e1tica de 10 filas Ventajas del producto<\/strong><\/h2>\n<ol>\n<li>- Funcionamiento multi-hilera: Capaz de formar tres caballones en una sola pasada, lo que mejora la eficiencia operativa y la hace adecuada para explotaciones de mediana y gran escala.<\/li>\n<li>- Ajustabilidad: La m\u00e1quina permite ajustes para adaptarse a diversos requisitos de espaciado entre hileras de cultivo, satisfaciendo diversas necesidades agron\u00f3micas.<\/li>\n<li>- Construcci\u00f3n robusta: Construida con un bastidor robusto y discos o arados de alta calidad, que garantizan un rendimiento fiable en diferentes condiciones del suelo.<\/li>\n<\/ol>\n<p>&nbsp;<\/p>\n<h2><strong>Sembradora de hortalizas neum\u00e1tica de 10 hileras Par\u00e1metros del producto<\/strong><\/h2>\n<table>\n<tbody>\n<tr>\n<td style=\"text-align: center;\" colspan=\"4\" width=\"450\">Sembradora de hortalizas neum\u00e1tica de 10 filas<\/td>\n<\/tr>\n<tr>\n<td width=\"225\">N\u00ba de modelo<\/td>\n<td width=\"225\">2BSG-10H<\/td>\n<td width=\"225\">Funci\u00f3n<\/td>\n<td width=\"225\">Surcado, cultivo, nivelaci\u00f3n, compactaci\u00f3n, riego por goteo, siembra por succi\u00f3n de aire<\/td>\n<\/tr>\n<tr>\n<td width=\"225\">Anchura de trabajo<\/td>\n<td width=\"225\">850 mm<\/td>\n<td width=\"225\">Dimensiones generales<\/td>\n<td width=\"225\">1500*1020*900<\/td>\n<\/tr>\n<tr>\n<td width=\"225\">N\u00famero de l\u00edneas de trabajo (l\u00edneas)<\/td>\n<td width=\"225\">10<\/td>\n<td width=\"225\">Potencia auxiliar<\/td>\n<td width=\"225\">Motor de gasolina Huasheng Zhongtian de 163 cc<\/td>\n<\/tr>\n<tr>\n<td width=\"225\">Distancia entre plantas (dentro de una hilera)<\/td>\n<td width=\"225\">20-500<\/td>\n<td width=\"225\">Distancia entre hileras<\/td>\n<td width=\"225\">85<\/td>\n<\/tr>\n<tr>\n<td width=\"225\">Eficacia operativa (acres\/hora)<\/td>\n<td width=\"225\">2.5-3<\/td>\n<td width=\"225\">Profundidad de siembra<\/td>\n<td width=\"225\">0-20<\/td>\n<\/tr>\n<tr>\n<td width=\"225\">\u00c1mbito de aplicaci\u00f3n<\/td>\n<td colspan=\"3\" width=\"675\">Verduras: espinacas, cilantro, apio, lechuga, repollo, zanahoria, cebolla, remolacha, guindilla, etc.<\/td>\n<\/tr>\n<tr>\n<td width=\"225\"><\/td>\n<td colspan=\"3\" width=\"675\">Materias medicinales: Atractylodes, Atractylodes macrocephala, Platycodon grandiflorum, Scutellaria baicalensis, Saposhnikovia divaricata, Bupleurum chinense, Bardana, Achyranthes bidentata, Semilla de Cassia, etc.<\/td>\n<\/tr>\n<\/tbody>\n<\/table>\n<h2><strong>Sembradora de hortalizas neum\u00e1tica de 10 filas <\/strong>Perfil de la empresa<\/h2>\n<p>Qingdao Dashun Jingfeng Industry and Trade Co, Ltd fue fundada en junio de 2014, la empresa se encuentra en Laixi, Qingdao. Nos dedicamos principalmente a la sembradora de succi\u00f3n neum\u00e1tica de hortalizas transportada por tractor, sembradora de succi\u00f3n neum\u00e1tica de hortalizas autopropulsada, sembradora de succi\u00f3n neum\u00e1tica de hortalizas de suelo plano y otros productos.<\/p>\n<p>La empresa tiene una superficie de 3,2 acres y la f\u00e1brica de 1,5 acres. La empresa tiene 80 empleados, con un departamento independiente de I+D y 6 dise\u00f1adores de I+D. Los activos fijos totales de la empresa han alcanzado m\u00e1s de$1,42 millones, con una facturaci\u00f3n anual de m\u00e1s de $2,85 millones. Nuestros productos y servicios cubren m\u00e1s de 30 provincias de China y se exportan al extranjero.<\/p>\n<p>Desde su creaci\u00f3n, Qingdao Dashun ha dominado la tecnolog\u00eda de base de la m\u00e1quina de siembra, y establecer la investigaci\u00f3n y el desarrollo de maquinaria agr\u00edcola y equipos, producci\u00f3n, ventas y servicio en la integraci\u00f3n de las empresas. Y siempre se adhieren a la \"innovaci\u00f3n cient\u00edfica y tecnol\u00f3gica\" como la fuerza impulsora principal, despu\u00e9s de m\u00e1s de una d\u00e9cada de desarrollo, se ha convertido en una empresa l\u00edder en el campo de la m\u00e1quina de siembra de hortalizas nacional. Por otra parte, la empresa tambi\u00e9n se centra en la cooperaci\u00f3n entre la industria, la academia y la investigaci\u00f3n, y ha establecido la relaci\u00f3n de cooperaci\u00f3n con m\u00e1s de diez unidades de investigaci\u00f3n cient\u00edfica y colegios y universidades, que constantemente mejora la capacidad creativa de la empresa y el nivel t\u00e9cnico.<\/p>\n<p>Qingdao Dashun se adhiere a la cultura empresarial de \"confianza en uno mismo, progreso, esfuerzo y trabajo duro\", y se dedica a la investigaci\u00f3n y desarrollo de la plantadora de hortalizas, que puede reducir un tercio del coste y aumentar un tercio de los ingresos de cada acre de tierra, y resuelve de ra\u00edz los problemas de dificultad para plantar, lentitud para plantar y alto coste de la plantaci\u00f3n.<\/p>\n<p>En el campo de las sembradoras de hortalizas, Qingdao Dashun posee m\u00e1s de 50 tecnolog\u00edas b\u00e1sicas patentadas, y su cuota de mercado ha sido l\u00edder del sector durante tres a\u00f1os consecutivos.<\/p>\n<p>La empresa participa activamente en empresas de bienestar social, realiza regularmente actividades de ciencia y tecnolog\u00eda en escuelas, apoya el desarrollo de la educaci\u00f3n y est\u00e1 comprometida con la protecci\u00f3n del medio ambiente y el desarrollo sostenible.<\/p>\n<h2><strong>Sembradora de hortalizas neum\u00e1tica de 10 filas\u00a0 <\/strong>Producto postventa<\/h2>\n<p>Gracias por elegir nuestra Sembradora Neum\u00e1tica de Hortalizas de 10 Hileras. Siempre insistimos en centrarnos en el cliente y ofrecerle un servicio posventa de alta calidad, eficiente y completo. Los siguientes son los contenidos espec\u00edficos de nuestro servicio post-venta:<\/p>\n<p>Nuestra empresa se compromete a ofrecer un servicio posventa perfecto para los productos vendidos de acuerdo con las leyes y normativas nacionales y de los fabricantes.<\/p>\n<p>Adherirse al prop\u00f3sito de servicio basado en la integridad y centrado en el cliente, para garantizar los derechos e intereses leg\u00edtimos de cada cliente.<\/p>\n<p>En segundo lugar, el alcance del servicio posventa<\/p>\n<p>Garant\u00eda del producto: Desde la fecha de compra, de acuerdo con la especificaci\u00f3n del producto o contrato de venta acordado per\u00edodo de garant\u00eda, para proporcionar servicio de garant\u00eda gratuito.<\/p>\n<p>Mantenimiento del producto: m\u00e1s all\u00e1 del periodo de garant\u00eda o debido a problemas no relacionados con la calidad del producto causados por la no prestaci\u00f3n de servicios de mantenimiento de pago.<\/p>\n<p>Asistencia t\u00e9cnica: proporcionar asesoramiento t\u00e9cnico y orientaci\u00f3n sobre el uso, funcionamiento y mantenimiento del producto.<\/p>\n<p>En tercer lugar, el proceso de servicio posventa<\/p>\n<p>Llame al servicio de atenci\u00f3n al cliente: Cuando tenga problemas, llame a nuestra l\u00ednea de atenci\u00f3n al cliente, nuestro personal de atenci\u00f3n al cliente responder\u00e1 a sus preguntas.<\/p>\n<p>Presentar una solicitud de servicio: Si necesita mantenimiento, sustituci\u00f3n y otros servicios, env\u00ede una solicitud de servicio a trav\u00e9s de la l\u00ednea de atenci\u00f3n al cliente.<\/p>\n<p>Organizar el servicio: Despu\u00e9s de recibir la solicitud de servicio, organizaremos personal profesional para prestarle servicios lo antes posible.<\/p>\n<p>Servicio de seguimiento: Una vez finalizado el servicio, realizaremos un seguimiento de la calidad del servicio para asegurarnos de que el problema se ha resuelto correctamente.<\/p>\n<p>Cuarto, tiempo de servicio posventa Nuestra l\u00ednea de atenci\u00f3n al cliente est\u00e1 abierta todo el a\u00f1o, 24 horas al d\u00eda, para ofrecerle servicios.<\/p>\n<h2>Recomendaciones de uso:<\/h2>\n<ol>\n<li>Instalaci\u00f3n y ajuste: Ajuste el espaciado entre hileras, la profundidad de siembra y la cantidad de semillas seg\u00fan los requisitos del cultivo para cumplir con las normas agron\u00f3micas.<\/li>\n<li>M\u00e9todo operativo: Mantener una velocidad de trabajo adecuada durante el trabajo de campo para asegurar una distribuci\u00f3n uniforme de las semillas, evitando omisiones o dobles siembras.<\/li>\n<li>Mantenimiento: Inspeccione peri\u00f3dicamente el sistema de aspiraci\u00f3n de aire, las tuber\u00edas de siembra y los componentes clave para comprobar su correcto funcionamiento, eliminando r\u00e1pidamente cualquier obstrucci\u00f3n para garantizar un rendimiento \u00f3ptimo.<\/li>\n<\/ol>","protected":false},"excerpt":{"rendered":"<p>Una sembradora de hortalizas es una pieza fundamental del equipo para plantar cultivos de forma eficaz. A menudo denominada sembradora, esta m\u00e1quina ayuda a distribuir las semillas uniformemente en el suelo, garantizando un espaciado adecuado para un crecimiento \u00f3ptimo.<\/p>\n<p><strong>\u00c1mbito de aplicaci\u00f3n<\/strong><\/p>\n<p>Verduras: espinacas, cilantro, apio, lechuga, repollo, zanahoria, cebolla, remolacha, guindilla, etc.<\/p>\n<p>Materias medicinales: Atractylodes, Atractylodes macrocephala, Platycodon grandiflorum, Scutellaria baicalensis, Saposhnikovia divaricata, Bupleurum chinense, Bardana, Achyranthes bidentata, Semilla de Cassia, etc.<\/p>","protected":false},"featured_media":405,"template":"","meta":{"_gspb_post_css":""},"product_brand":[],"product_cat":[26],"product_tag":[],"class_list":{"0":"post-398","1":"product","2":"type-product","3":"status-publish","4":"has-post-thumbnail","6":"product_cat-pneumaticonion-seeder","8":"first","9":"instock","10":"shipping-taxable","11":"product-type-simple"},"_links":{"self":[{"href":"https:\/\/tasng-agriculture.com\/es\/wp-json\/wp\/v2\/product\/398","targetHints":{"allow":["GET"]}}],"collection":[{"href":"https:\/\/tasng-agriculture.com\/es\/wp-json\/wp\/v2\/product"}],"about":[{"href":"https:\/\/tasng-agriculture.com\/es\/wp-json\/wp\/v2\/types\/product"}],"wp:featuredmedia":[{"embeddable":true,"href":"https:\/\/tasng-agriculture.com\/es\/wp-json\/wp\/v2\/media\/405"}],"wp:attachment":[{"href":"https:\/\/tasng-agriculture.com\/es\/wp-json\/wp\/v2\/media?parent=398"}],"wp:term":[{"taxonomy":"product_brand","embeddable":true,"href":"https:\/\/tasng-agriculture.com\/es\/wp-json\/wp\/v2\/product_brand?post=398"},{"taxonomy":"product_cat","embeddable":true,"href":"https:\/\/tasng-agriculture.com\/es\/wp-json\/wp\/v2\/product_cat?post=398"},{"taxonomy":"product_tag","embeddable":true,"href":"https:\/\/tasng-agriculture.com\/es\/wp-json\/wp\/v2\/product_tag?post=398"}],"curies":[{"name":"wp","href":"https:\/\/api.w.org\/{rel}","templated":true}]}}