{"id":406,"date":"2024-10-28T02:00:51","date_gmt":"2024-10-28T02:00:51","guid":{"rendered":"https:\/\/tasng-agriculture.com\/?post_type=product&#038;p=406"},"modified":"2024-12-23T07:04:48","modified_gmt":"2024-12-23T07:04:48","slug":"rxf-7003100c-powerful-single-ridge-sidging-machine","status":"publish","type":"product","link":"https:\/\/tasng-agriculture.com\/es\/product\/rxf-7003100c-powerful-single-ridge-sidging-machine\/","title":{"rendered":"Potente RXF-700\\3100C Lateralizadora de una sola cresta"},"content":{"rendered":"<h2><strong>RXF-700\\3100C Single Ridge Sidging Machine Produce Descripciones<\/strong><\/h2>\n<p>En <a href=\"http:\/\/www.dsseeder.com\" rel=\"nofollow noopener\" target=\"_blank\">Qingdao Dashun<\/a> La m\u00e1quina de formaci\u00f3n de caballones simple es una m\u00e1quina altamente eficiente dise\u00f1ada espec\u00edficamente para operaciones de formaci\u00f3n de caballones en campos agr\u00edcolas. Esta m\u00e1quina es adecuada para plantar una amplia variedad de cultivos, como ma\u00edz, soja, zanahorias, cebollas, remolacha azucarera y hortalizas. Al incorporar conceptos de dise\u00f1o avanzados y cumplir los requisitos pr\u00e1cticos del campo, esta m\u00e1quina puede realizar varias tareas en una sola operaci\u00f3n, como zanjeo, formaci\u00f3n de caballones y perfilado. Reduce significativamente los costes de mano de obra y la carga de trabajo.<\/p>\n<h2><strong>RXF-700\\3100C M\u00e1quina canteadora de una sola cresta Ventajas del producto<\/strong><\/h2>\n<h2><strong><img loading=\"lazy\" decoding=\"async\" class=\"alignnone size-medium wp-image-1239\" src=\"https:\/\/tasng-agriculture.com\/wp-content\/uploads\/2024\/10\/Single-Ridge-Sidging-Machine-300x280.jpg\" alt=\"\" width=\"300\" height=\"280\" srcset=\"https:\/\/tasng-agriculture.com\/wp-content\/uploads\/2024\/10\/Single-Ridge-Sidging-Machine-300x280.jpg 300w, https:\/\/tasng-agriculture.com\/wp-content\/uploads\/2024\/10\/Single-Ridge-Sidging-Machine-768x716.jpg 768w, https:\/\/tasng-agriculture.com\/wp-content\/uploads\/2024\/10\/Single-Ridge-Sidging-Machine-13x12.jpg 13w, https:\/\/tasng-agriculture.com\/wp-content\/uploads\/2024\/10\/Single-Ridge-Sidging-Machine-500x466.jpg 500w, https:\/\/tasng-agriculture.com\/wp-content\/uploads\/2024\/10\/Single-Ridge-Sidging-Machine.jpg 1014w\" sizes=\"auto, (max-width: 300px) 100vw, 300px\" \/><\/strong><\/h2>\n<p>1. Funcionamiento de alta eficiencia: La m\u00e1quina de formaci\u00f3n de caballones simple est\u00e1 dise\u00f1ada con ingenier\u00eda precisa y adaptaci\u00f3n de potencia, logrando una formaci\u00f3n de caballones r\u00e1pida y uniforme. Puede cubrir docenas de acres en un solo d\u00eda, mejorando significativamente la eficiencia del trabajo.<\/p>\n<p>2.Rodillo de siembra: El rodillo de siembra est\u00e1 hecho de acero inoxidable, finamente pulido, soldado sin costuras, no mancha, no se oxida, duradero.<\/p>\n<p>3. M\u00e9todo de arranque: Adopta el tipo de extrusi\u00f3n de arranque, buena forma de la cresta, sin colapso, sin rotura de la cresta.<\/p>\n<p>4. Estructura duradera:La m\u00e1quina est\u00e1 construida con acero de alta calidad, y las piezas resistentes al desgaste se someten a un tratamiento especial para garantizar su estabilidad y durabilidad incluso en terrenos complejos y entornos dif\u00edciles.<\/p>\n<p>5. Operaci\u00f3n simple: Con un dise\u00f1o f\u00e1cil de usar, el equipo es f\u00e1cil de operar y s\u00f3lo requiere una formaci\u00f3n m\u00ednima, por lo que es adecuado para usuarios de todas las edades.<br \/>\n6. Gran adaptabilidad:La anchura y la profundidad del caball\u00f3n pueden ajustarse seg\u00fan los requisitos de los diferentes cultivos, satisfaciendo diversas necesidades operativas.<br \/>\n7. Ahorro de energ\u00eda y respetuoso con el medio ambiente:Equipado con un sistema de alimentaci\u00f3n de bajo consumo, garantiza una alta productividad al tiempo que reduce el consumo de combustible, ahorrando costes operativos a los usuarios.<\/p>\n<h2><strong>RXF-700\\3100C M\u00e1quina canteadora de una sola cresta Par\u00e1metros del producto<\/strong><\/h2>\n<table>\n<tbody>\n<tr>\n<td style=\"text-align: center\" colspan=\"4\" width=\"600\">Arista simple<\/td>\n<\/tr>\n<tr>\n<td width=\"150\">N\u00ba de modelo<\/td>\n<td width=\"150\">RXF-700C\/RXF-1100C<br \/>\nRXF-1200C\/RXF-1800C<br \/>\nRXF-3100C<\/td>\n<td width=\"150\">Funci\u00f3n<\/td>\n<td width=\"150\">Labranza rotativa, formaci\u00f3n de caballones, fertilizaci\u00f3n, compactaci\u00f3n<\/td>\n<\/tr>\n<tr>\n<td width=\"150\">N\u00famero de crestas<\/td>\n<td width=\"150\">1<\/td>\n<td width=\"150\">Altura de la cumbrera (mm)<\/td>\n<td width=\"150\">70\/100\/150\/200\/250<\/td>\n<\/tr>\n<tr>\n<td width=\"150\">Anchura de la cresta (mm)<\/td>\n<td width=\"150\">700\/1100\/1200\/1800\/3100<\/td>\n<td width=\"150\">Dimensiones (mm)<\/td>\n<td width=\"150\">1100*1000*900<br \/>\n1100*1200*900<br \/>\n1100*1300*900<br \/>\n1200*2000*1100<br \/>\n1500*3300*1400<\/td>\n<\/tr>\n<tr>\n<td width=\"150\">Velocidad de trabajo (km\/h)<\/td>\n<td width=\"150\">4-6.5<\/td>\n<td width=\"150\">N\u00famero de crestas de trabajo<\/td>\n<td width=\"150\">1<\/td>\n<\/tr>\n<tr>\n<td width=\"150\">Superficie de la cresta (mm)<\/td>\n<td width=\"150\">800\/900\/1000\/1600\/2700<\/td>\n<td width=\"150\">Potencia de adaptaci\u00f3n<\/td>\n<td width=\"150\">604\/704\/804\/1604\/2004<\/td>\n<\/tr>\n<tr>\n<td width=\"150\">\u00c1mbito de aplicaci\u00f3n<\/td>\n<td colspan=\"3\" width=\"450\">Ma\u00edz, soja, zanahorias, cebollas, remolacha azucarera, lechuga, espinacas, cilantro, colza, etc.<\/td>\n<\/tr>\n<\/tbody>\n<\/table>\n<h2>RXF-700\\3100C M\u00e1quina de canteado de una sola cresta \u00c1mbito de aplicaci\u00f3n<\/h2>\n<p>La maquina fresadora de una sola loma Qingdao Dashun es ampliamente utilizada en campos agricolas, incluyendo llanuras, colinas y algunas zonas monta\u00f1osas. Es especialmente adecuada para la agricultura de precisi\u00f3n de cultivos econ\u00f3micos.<\/p>\n<p>Ma\u00edz, soja, zanahorias, cebollas, remolacha azucarera, lechuga, espinacas, cilantro, colza, etc.<\/p>\n<h2>Perfil de la empresa<\/h2>\n<p><a href=\"https:\/\/tasng-agriculture.com\/es\/shop\/\">Qingdao Dashun Jingfeng<\/a> Industry and Trade Co., Ltd fue fundada en junio de 2014, la empresa se encuentra en Laixi, Qingdao. Nos dedicamos principalmente a la sembradora de succi\u00f3n de aire de hortalizas transportada por tractor, sembradora de succi\u00f3n de aire de hortalizas autopropulsada, sembradora de succi\u00f3n de aire de hortalizas de suelo plano y m\u00e1quina de cumbrera.<\/p>\n<p><img loading=\"lazy\" decoding=\"async\" class=\"alignnone size-medium wp-image-1244\" src=\"https:\/\/tasng-agriculture.com\/wp-content\/uploads\/2024\/10\/3100C-Powerful-Single-Ridge-Sidging-Machine-300x267.jpg\" alt=\"\" width=\"300\" height=\"267\" srcset=\"https:\/\/tasng-agriculture.com\/wp-content\/uploads\/2024\/10\/3100C-Powerful-Single-Ridge-Sidging-Machine-300x267.jpg 300w, https:\/\/tasng-agriculture.com\/wp-content\/uploads\/2024\/10\/3100C-Powerful-Single-Ridge-Sidging-Machine-1024x911.jpg 1024w, https:\/\/tasng-agriculture.com\/wp-content\/uploads\/2024\/10\/3100C-Powerful-Single-Ridge-Sidging-Machine-768x683.jpg 768w, https:\/\/tasng-agriculture.com\/wp-content\/uploads\/2024\/10\/3100C-Powerful-Single-Ridge-Sidging-Machine-13x12.jpg 13w, https:\/\/tasng-agriculture.com\/wp-content\/uploads\/2024\/10\/3100C-Powerful-Single-Ridge-Sidging-Machine-500x445.jpg 500w, https:\/\/tasng-agriculture.com\/wp-content\/uploads\/2024\/10\/3100C-Powerful-Single-Ridge-Sidging-Machine.jpg 1115w\" sizes=\"auto, (max-width: 300px) 100vw, 300px\" \/><\/p>\n<p>La empresa tiene una superficie de 3,2 acres y la f\u00e1brica de 1,5 acres. La empresa tiene 80 empleados, con un departamento independiente de I+D y 6 dise\u00f1adores de I+D. Los activos fijos totales de la empresa han alcanzado m\u00e1s de$1,42 millones, con una facturaci\u00f3n anual de m\u00e1s de $2,85 millones. Nuestros productos y servicios cubren m\u00e1s de 30 provincias de China y se exportan al extranjero.<\/p>\n<p>Desde su creaci\u00f3n, Qingdao Dashun ha dominado la tecnolog\u00eda de base de la m\u00e1quina de siembra, y establecer la investigaci\u00f3n y el desarrollo de maquinaria agr\u00edcola y equipos, producci\u00f3n, ventas y servicio en la integraci\u00f3n de las empresas. Y siempre se adhieren a la \"innovaci\u00f3n cient\u00edfica y tecnol\u00f3gica\" como la fuerza impulsora principal, despu\u00e9s de m\u00e1s de una d\u00e9cada de desarrollo, se ha convertido en una empresa l\u00edder en el campo de la m\u00e1quina de siembra de hortalizas nacional. Por otra parte, la empresa tambi\u00e9n se centra en la cooperaci\u00f3n entre la industria, la academia y la investigaci\u00f3n, y ha establecido la relaci\u00f3n de cooperaci\u00f3n con m\u00e1s de diez unidades de investigaci\u00f3n cient\u00edfica y colegios y universidades, que constantemente mejora la capacidad creativa de la empresa y el nivel t\u00e9cnico.<\/p>\n<p>Qingdao Dashun se adhiere a la cultura empresarial de \"confianza en uno mismo, progreso, esfuerzo y trabajo duro\", y se dedica a la investigaci\u00f3n y desarrollo de la plantadora de hortalizas, que puede reducir un tercio del coste y aumentar un tercio de los ingresos de cada acre de tierra, y resuelve de ra\u00edz los problemas de dificultad para plantar, lentitud para plantar y alto coste de la plantaci\u00f3n.<\/p>\n<p>En el campo de las sembradoras de hortalizas, Qingdao Dashun posee m\u00e1s de 50 tecnolog\u00edas b\u00e1sicas patentadas, y su cuota de mercado ha sido l\u00edder del sector durante tres a\u00f1os consecutivos.<\/p>\n<p>La empresa participa activamente en empresas de bienestar social, realiza regularmente actividades de ciencia y tecnolog\u00eda en escuelas, apoya el desarrollo de la educaci\u00f3n y est\u00e1 comprometida con la protecci\u00f3n del medio ambiente y el desarrollo sostenible.<\/p>\n<h2>Producto postventa<\/h2>\n<p>Gracias por elegir nuestra m\u00e1quina de canaleta simple. Siempre insistimos en centrarnos en el cliente y ofrecerle un servicio postventa de alta calidad, eficiente y completo. Los siguientes son los contenidos espec\u00edficos de nuestro servicio post-venta:<\/p>\n<p>Nuestra empresa se compromete a ofrecer un servicio posventa perfecto para los productos vendidos de acuerdo con las leyes y normativas nacionales y de los fabricantes.<\/p>\n<p>Adherirse al prop\u00f3sito de servicio basado en la integridad y centrado en el cliente, para garantizar los derechos e intereses leg\u00edtimos de cada cliente.<\/p>\n<p>En segundo lugar, el alcance del servicio posventa<\/p>\n<p>Garant\u00eda del producto: Desde la fecha de compra, de acuerdo con la especificaci\u00f3n del producto o contrato de venta acordado per\u00edodo de garant\u00eda, para proporcionar servicio de garant\u00eda gratuito.<\/p>\n<p>Mantenimiento del producto: m\u00e1s all\u00e1 del periodo de garant\u00eda o debido a problemas no relacionados con la calidad del producto causados por la no prestaci\u00f3n de servicios de mantenimiento de pago.<\/p>\n<p>Asistencia t\u00e9cnica: proporcionar asesoramiento t\u00e9cnico y orientaci\u00f3n sobre el uso, funcionamiento y mantenimiento del producto.<\/p>\n<p>En tercer lugar, el proceso de servicio posventa<\/p>\n<p>Llame al servicio de atenci\u00f3n al cliente: Cuando tenga problemas, llame a nuestra l\u00ednea de atenci\u00f3n al cliente, nuestro personal de atenci\u00f3n al cliente responder\u00e1 a sus preguntas.<\/p>\n<p>Presentar una solicitud de servicio: Si necesita mantenimiento, sustituci\u00f3n y otros servicios, env\u00ede una solicitud de servicio a trav\u00e9s de la l\u00ednea de atenci\u00f3n al cliente.<\/p>\n<p>Organizar el servicio: Despu\u00e9s de recibir la solicitud de servicio, organizaremos personal profesional para prestarle servicios lo antes posible.<\/p>\n<p>Servicio de seguimiento: Una vez finalizado el servicio, realizaremos un seguimiento de la calidad del servicio para asegurarnos de que el problema se ha resuelto correctamente.<\/p>\n<p>Cuarto, tiempo de servicio posventa Nuestra l\u00ednea de atenci\u00f3n al cliente est\u00e1 abierta todo el a\u00f1o, 24 horas al d\u00eda, para ofrecerle servicios.<\/p>","protected":false},"excerpt":{"rendered":"<p><strong>\u00c1mbito de aplicaci\u00f3n<\/strong><\/p>\n<p>Verduras: Lechuga, espinacas, cilantro, colza, cebolla, zanahoria, remolacha, etc.<\/p>","protected":false},"featured_media":412,"template":"","meta":{"_gspb_post_css":""},"product_brand":[],"product_cat":[24],"product_tag":[],"class_list":{"0":"post-406","1":"product","2":"type-product","3":"status-publish","4":"has-post-thumbnail","6":"product_cat-customized-ridging-machine","8":"first","9":"instock","10":"shipping-taxable","11":"product-type-simple"},"_links":{"self":[{"href":"https:\/\/tasng-agriculture.com\/es\/wp-json\/wp\/v2\/product\/406","targetHints":{"allow":["GET"]}}],"collection":[{"href":"https:\/\/tasng-agriculture.com\/es\/wp-json\/wp\/v2\/product"}],"about":[{"href":"https:\/\/tasng-agriculture.com\/es\/wp-json\/wp\/v2\/types\/product"}],"wp:featuredmedia":[{"embeddable":true,"href":"https:\/\/tasng-agriculture.com\/es\/wp-json\/wp\/v2\/media\/412"}],"wp:attachment":[{"href":"https:\/\/tasng-agriculture.com\/es\/wp-json\/wp\/v2\/media?parent=406"}],"wp:term":[{"taxonomy":"product_brand","embeddable":true,"href":"https:\/\/tasng-agriculture.com\/es\/wp-json\/wp\/v2\/product_brand?post=406"},{"taxonomy":"product_cat","embeddable":true,"href":"https:\/\/tasng-agriculture.com\/es\/wp-json\/wp\/v2\/product_cat?post=406"},{"taxonomy":"product_tag","embeddable":true,"href":"https:\/\/tasng-agriculture.com\/es\/wp-json\/wp\/v2\/product_tag?post=406"}],"curies":[{"name":"wp","href":"https:\/\/api.w.org\/{rel}","templated":true}]}}