{"id":414,"date":"2024-10-28T02:12:59","date_gmt":"2024-10-28T02:12:59","guid":{"rendered":"https:\/\/tasng-agriculture.com\/?post_type=product&#038;p=414"},"modified":"2024-12-25T02:19:56","modified_gmt":"2024-12-25T02:19:56","slug":"tractor-carried-two-ridges-ridging-machine","status":"publish","type":"product","link":"https:\/\/tasng-agriculture.com\/es\/product\/tractor-carried-two-ridges-ridging-machine\/","title":{"rendered":"Robusta y bonita m\u00e1quina de ranurar de 2 crestas"},"content":{"rendered":"<h2>Descripci\u00f3n del producto de la onduladora de cantos 2<\/h2>\n<p>Una m\u00e1quina de 2 caballones es un implemento agr\u00edcola dise\u00f1ado para crear simult\u00e1neamente dos caballones en el campo, facilitando el cultivo de cosechas como la patata y la mandioca.<\/p>\n<p><img loading=\"lazy\" decoding=\"async\" class=\"alignnone size-medium wp-image-1283\" src=\"https:\/\/tasng-agriculture.com\/wp-content\/uploads\/2024\/10\/2-Ridges-Ridging-Machine.pic_-288x300.jpg\" alt=\"\" width=\"288\" height=\"300\" srcset=\"https:\/\/tasng-agriculture.com\/wp-content\/uploads\/2024\/10\/2-Ridges-Ridging-Machine.pic_-288x300.jpg 288w, https:\/\/tasng-agriculture.com\/wp-content\/uploads\/2024\/10\/2-Ridges-Ridging-Machine.pic_-984x1024.jpg 984w, https:\/\/tasng-agriculture.com\/wp-content\/uploads\/2024\/10\/2-Ridges-Ridging-Machine.pic_-768x799.jpg 768w, https:\/\/tasng-agriculture.com\/wp-content\/uploads\/2024\/10\/2-Ridges-Ridging-Machine.pic_-1477x1536.jpg 1477w, https:\/\/tasng-agriculture.com\/wp-content\/uploads\/2024\/10\/2-Ridges-Ridging-Machine.pic_-12x12.jpg 12w, https:\/\/tasng-agriculture.com\/wp-content\/uploads\/2024\/10\/2-Ridges-Ridging-Machine.pic_-500x520.jpg 500w, https:\/\/tasng-agriculture.com\/wp-content\/uploads\/2024\/10\/2-Ridges-Ridging-Machine.pic_.jpg 1940w\" sizes=\"auto, (max-width: 288px) 100vw, 288px\" \/><\/p>\n<p>&nbsp;<\/p>\n<h2><strong>Arrastradora de 2 crestas <\/strong><strong>Ventajas del producto<\/strong><\/h2>\n<p>1.Fuselaje: la hileradora est\u00e1 integrada en el tim\u00f3n giratorio, el fuselaje es m\u00e1s corto y m\u00e1s peque\u00f1o, requiere menos caballos de fuerza del tractor, lo que facilita los giros y ahorra terreno.<a href=\"http:\/\/www.dsseeder.com\" rel=\"nofollow noopener\" target=\"_blank\">.<\/a><\/p>\n<p>2.Rodillo de siembra: El rodillo de siembra est\u00e1 hecho de acero inoxidable, finamente pulido, soldado sin costuras, no mancha, no se oxida, duradero.<\/p>\n<p>3.M\u00e9todo de arranque: Adopta el tipo de extrusi\u00f3n de arranque, buena forma de la cresta, sin colapso, sin rotura de la cresta.<a href=\"https:\/\/tasng-agriculture.com\/es\/\">.<\/a><\/p>\n<h2><strong>2 Par\u00e1metros de producto de la acanaladora<\/strong><\/h2>\n<table>\n<tbody>\n<tr>\n<td style=\"text-align: center\" colspan=\"4\" width=\"600\">Arrastradora de 2 crestas<\/td>\n<\/tr>\n<tr>\n<td width=\"150\">N\u00ba de modelo<\/td>\n<td width=\"150\">2RXF-600C\/2RXF-700C<br \/>\n2RXF-800C\/2RXF-900C<br \/>\n2RXF-1450C<\/td>\n<td width=\"150\">Funci\u00f3n<\/td>\n<td width=\"150\">Labranza rotativa, formaci\u00f3n de caballones, fertilizaci\u00f3n, compactaci\u00f3n<\/td>\n<\/tr>\n<tr>\n<td width=\"150\">N\u00famero de crestas<\/td>\n<td width=\"150\">2<\/td>\n<td width=\"150\">Altura de la cumbrera (mm)<\/td>\n<td width=\"150\">150\/200\/220\/250\/150<\/td>\n<\/tr>\n<tr>\n<td width=\"150\">Anchura de la cresta (mm)<\/td>\n<td width=\"150\">600\/700\/800\/900\/1450<\/td>\n<td width=\"150\">Dimensiones (mm)<\/td>\n<td width=\"150\">1100*1500*1100<br \/>\n1100*1600*1100<br \/>\n1100*1800*1200<br \/>\n1200*2000*1300<br \/>\n1350*3000*1300<\/td>\n<\/tr>\n<tr>\n<td width=\"150\">Velocidad de trabajo (km\/h)<\/td>\n<td width=\"150\">4-6.5<\/td>\n<td width=\"150\">N\u00famero de crestas de trabajo<\/td>\n<td width=\"150\">2<\/td>\n<\/tr>\n<tr>\n<td width=\"150\">Superficie de la cresta (mm)<\/td>\n<td width=\"150\">400\/350\/450\/550\/1100<\/td>\n<td width=\"150\">Potencia de adaptaci\u00f3n<\/td>\n<td width=\"150\">454\/504\/604\/704\/1004<\/td>\n<\/tr>\n<tr>\n<td width=\"150\">\u00c1mbito de aplicaci\u00f3n<\/td>\n<td colspan=\"3\" width=\"450\">Zanahorias, cebolla, remolacha, col, r\u00e1bano blanco, lechuga, r\u00e1banos, etc.<\/td>\n<\/tr>\n<\/tbody>\n<\/table>\n<h2><\/h2>\n<h2><strong>Recomendaciones de uso:<br \/>\n<\/strong><\/h2>\n<ol>\n<li>\u00a0Instalaci\u00f3n y ajuste: Ajuste la distancia entre hileras, la altura del caball\u00f3n y la anchura seg\u00fan las condiciones del cultivo y del campo para cumplir los requisitos agron\u00f3micos.<\/li>\n<li>M\u00e9todo operativo: Mantener una velocidad de operaci\u00f3n adecuada durante el trabajo de campo para asegurar la formaci\u00f3n uniforme de caballones y evitar el bloqueo del suelo o da\u00f1os al equipo.<\/li>\n<li>\u00a0Mantenimiento: Inspeccione peri\u00f3dicamente el desgaste de los componentes clave, como los discos de alisado y las tablas de prensado del suelo, y sustit\u00fayalos o rep\u00e1relos seg\u00fan sea necesario para garantizar un rendimiento \u00f3ptimo y una larga vida \u00fatil.<strong><br \/>\n<\/strong><\/li>\n<\/ol>\n<h2><strong>Perfil de la empresa 2 Ridges Ridging Machine<\/strong><\/h2>\n<p>Qingdao Dashun Jingfeng Industry and Trade Co, Ltd fue fundada en junio de 2014, la empresa se encuentra en Laixi, Qingdao. Nos dedicamos principalmente a la sembradora de succi\u00f3n neum\u00e1tica de hortalizas transportada por tractor, sembradora de succi\u00f3n neum\u00e1tica de hortalizas autopropulsada, sembradora de succi\u00f3n neum\u00e1tica de hortalizas de suelo plano y otros productos.<\/p>\n<p><img loading=\"lazy\" decoding=\"async\" class=\"alignnone size-medium wp-image-1284\" src=\"https:\/\/tasng-agriculture.com\/wp-content\/uploads\/2024\/10\/2-Ridges-Ridging-Machine.pic_-1-300x294.jpg\" alt=\"\" width=\"300\" height=\"294\" srcset=\"https:\/\/tasng-agriculture.com\/wp-content\/uploads\/2024\/10\/2-Ridges-Ridging-Machine.pic_-1-300x294.jpg 300w, https:\/\/tasng-agriculture.com\/wp-content\/uploads\/2024\/10\/2-Ridges-Ridging-Machine.pic_-1-1024x1003.jpg 1024w, https:\/\/tasng-agriculture.com\/wp-content\/uploads\/2024\/10\/2-Ridges-Ridging-Machine.pic_-1-768x753.jpg 768w, https:\/\/tasng-agriculture.com\/wp-content\/uploads\/2024\/10\/2-Ridges-Ridging-Machine.pic_-1-1536x1505.jpg 1536w, https:\/\/tasng-agriculture.com\/wp-content\/uploads\/2024\/10\/2-Ridges-Ridging-Machine.pic_-1-12x12.jpg 12w, https:\/\/tasng-agriculture.com\/wp-content\/uploads\/2024\/10\/2-Ridges-Ridging-Machine.pic_-1-500x490.jpg 500w, https:\/\/tasng-agriculture.com\/wp-content\/uploads\/2024\/10\/2-Ridges-Ridging-Machine.pic_-1.jpg 1798w\" sizes=\"auto, (max-width: 300px) 100vw, 300px\" \/><\/p>\n<p>La empresa tiene una superficie de 3,2 acres y la f\u00e1brica de 1,5 acres. La empresa tiene 80 empleados, con un departamento independiente de I+D y 6 dise\u00f1adores de I+D. Los activos fijos totales de la empresa han alcanzado m\u00e1s de$1,42 millones, con una facturaci\u00f3n anual de m\u00e1s de $2,85 millones. Nuestros productos y servicios cubren m\u00e1s de 30 provincias de China y se exportan al extranjero.<\/p>\n<p>Desde su creaci\u00f3n, Qingdao Dashun ha dominado la tecnolog\u00eda de base de la m\u00e1quina de siembra, y establecer la investigaci\u00f3n y el desarrollo de maquinaria agr\u00edcola y equipos, producci\u00f3n, ventas y servicio en la integraci\u00f3n de las empresas. Y siempre se adhieren a la \"innovaci\u00f3n cient\u00edfica y tecnol\u00f3gica\" como la fuerza impulsora principal, despu\u00e9s de m\u00e1s de una d\u00e9cada de desarrollo, se ha convertido en una empresa l\u00edder en el campo de la m\u00e1quina de siembra de hortalizas nacional. Por otra parte, la empresa tambi\u00e9n se centra en la cooperaci\u00f3n entre la industria, la academia y la investigaci\u00f3n, y ha establecido la relaci\u00f3n de cooperaci\u00f3n con m\u00e1s de diez unidades de investigaci\u00f3n cient\u00edfica y colegios y universidades, que constantemente mejora la capacidad creativa de la empresa y el nivel t\u00e9cnico.<\/p>\n<p>Qingdao Dashun se adhiere a la cultura empresarial de \"confianza en uno mismo, progreso, esfuerzo y trabajo duro\", y se dedica a la investigaci\u00f3n y desarrollo de la plantadora de hortalizas, que puede reducir un tercio del coste y aumentar un tercio de los ingresos de cada acre de tierra, y resuelve de ra\u00edz los problemas de dificultad para plantar, lentitud para plantar y alto coste de la plantaci\u00f3n.<\/p>\n<p>En el campo de las sembradoras de hortalizas, Qingdao Dashun posee m\u00e1s de 50 tecnolog\u00edas b\u00e1sicas patentadas, y su cuota de mercado ha sido l\u00edder del sector durante tres a\u00f1os consecutivos.<\/p>\n<p>La empresa participa activamente en empresas de bienestar social, realiza regularmente actividades de ciencia y tecnolog\u00eda en escuelas, apoya el desarrollo de la educaci\u00f3n y est\u00e1 comprometida con la protecci\u00f3n del medio ambiente y el desarrollo sostenible.<\/p>\n<h2><strong>Arrastradora de 2 crestas <\/strong>Producto postventa<\/h2>\n<p>Gracias por elegir nuestra sembradora de hortalizas. Siempre insistimos en centrarnos en el cliente y ofrecerle un servicio posventa de alta calidad, eficiente y completo. Los siguientes son los contenidos espec\u00edficos de nuestro servicio post-venta:<\/p>\n<p>Nuestra empresa se compromete a ofrecer un servicio posventa perfecto para los productos vendidos de acuerdo con las leyes y normativas nacionales y de los fabricantes.<\/p>\n<p>Adherirse al prop\u00f3sito de servicio basado en la integridad y centrado en el cliente, para garantizar los derechos e intereses leg\u00edtimos de cada cliente.<\/p>\n<p>En segundo lugar, el alcance del servicio posventa<\/p>\n<p>Garant\u00eda del producto: Desde la fecha de compra, de acuerdo con la especificaci\u00f3n del producto o contrato de venta acordado per\u00edodo de garant\u00eda, para proporcionar servicio de garant\u00eda gratuito.<\/p>\n<p>Mantenimiento del producto: m\u00e1s all\u00e1 del periodo de garant\u00eda o debido a problemas no relacionados con la calidad del producto causados por la no prestaci\u00f3n de servicios de mantenimiento de pago.<\/p>\n<p>Asistencia t\u00e9cnica: proporcionar asesoramiento t\u00e9cnico y orientaci\u00f3n sobre el uso, funcionamiento y mantenimiento del producto.<\/p>\n<p>En tercer lugar, el proceso de servicio posventa<\/p>\n<p>Llame al servicio de atenci\u00f3n al cliente: Cuando tenga problemas, llame a nuestra l\u00ednea de atenci\u00f3n al cliente, nuestro personal de atenci\u00f3n al cliente responder\u00e1 a sus preguntas.<\/p>\n<p>Presentar una solicitud de servicio: Si necesita mantenimiento, sustituci\u00f3n y otros servicios, env\u00ede una solicitud de servicio a trav\u00e9s de la l\u00ednea de atenci\u00f3n al cliente.<\/p>\n<p>Organizar el servicio: Despu\u00e9s de recibir la solicitud de servicio, organizaremos personal profesional para prestarle servicios lo antes posible.<\/p>\n<p>Servicio de seguimiento: Una vez finalizado el servicio, realizaremos un seguimiento de la calidad del servicio para asegurarnos de que el problema se ha resuelto correctamente.<\/p>\n<p>Cuarto, tiempo de servicio posventa Nuestra l\u00ednea de atenci\u00f3n al cliente est\u00e1 abierta todo el a\u00f1o, 24 horas al d\u00eda, para ofrecerle servicios.<\/p>\n<p>&nbsp;<\/p>","protected":false},"excerpt":{"rendered":"<p><strong>\u00c1mbito de aplicaci\u00f3n<\/strong><\/p>\n<p>Verduras: Zanahorias, cebolla, remolacha, col, r\u00e1bano blanco, lechuga, r\u00e1banos, etc.<\/p>","protected":false},"featured_media":415,"template":"","meta":{"_gspb_post_css":""},"product_brand":[],"product_cat":[24],"product_tag":[],"class_list":{"0":"post-414","1":"product","2":"type-product","3":"status-publish","4":"has-post-thumbnail","6":"product_cat-customized-ridging-machine","8":"first","9":"instock","10":"shipping-taxable","11":"product-type-simple"},"_links":{"self":[{"href":"https:\/\/tasng-agriculture.com\/es\/wp-json\/wp\/v2\/product\/414","targetHints":{"allow":["GET"]}}],"collection":[{"href":"https:\/\/tasng-agriculture.com\/es\/wp-json\/wp\/v2\/product"}],"about":[{"href":"https:\/\/tasng-agriculture.com\/es\/wp-json\/wp\/v2\/types\/product"}],"wp:featuredmedia":[{"embeddable":true,"href":"https:\/\/tasng-agriculture.com\/es\/wp-json\/wp\/v2\/media\/415"}],"wp:attachment":[{"href":"https:\/\/tasng-agriculture.com\/es\/wp-json\/wp\/v2\/media?parent=414"}],"wp:term":[{"taxonomy":"product_brand","embeddable":true,"href":"https:\/\/tasng-agriculture.com\/es\/wp-json\/wp\/v2\/product_brand?post=414"},{"taxonomy":"product_cat","embeddable":true,"href":"https:\/\/tasng-agriculture.com\/es\/wp-json\/wp\/v2\/product_cat?post=414"},{"taxonomy":"product_tag","embeddable":true,"href":"https:\/\/tasng-agriculture.com\/es\/wp-json\/wp\/v2\/product_tag?post=414"}],"curies":[{"name":"wp","href":"https:\/\/api.w.org\/{rel}","templated":true}]}}