{"id":422,"date":"2024-10-28T02:25:48","date_gmt":"2024-10-28T02:25:48","guid":{"rendered":"https:\/\/tasng-agriculture.com\/?post_type=product&#038;p=422"},"modified":"2024-12-24T08:28:23","modified_gmt":"2024-12-24T08:28:23","slug":"tractor-carried-three-ridges-ridging-machine","status":"publish","type":"product","link":"https:\/\/tasng-agriculture.com\/es\/product\/tractor-carried-three-ridges-ridging-machine\/","title":{"rendered":"Arrastradora de 3 crestas de excelente calidad"},"content":{"rendered":"<h2><strong>M\u00e1quina onduladora de 3 crestas Ventajas del producto<\/strong><\/h2>\n<p><img loading=\"lazy\" decoding=\"async\" class=\"alignnone size-medium wp-image-1278\" src=\"https:\/\/tasng-agriculture.com\/wp-content\/uploads\/2024\/10\/3-Ridges-Ridging-Machine-270x300.jpg\" alt=\"\" width=\"270\" height=\"300\" srcset=\"https:\/\/tasng-agriculture.com\/wp-content\/uploads\/2024\/10\/3-Ridges-Ridging-Machine-270x300.jpg 270w, https:\/\/tasng-agriculture.com\/wp-content\/uploads\/2024\/10\/3-Ridges-Ridging-Machine-921x1024.jpg 921w, https:\/\/tasng-agriculture.com\/wp-content\/uploads\/2024\/10\/3-Ridges-Ridging-Machine-768x854.jpg 768w, https:\/\/tasng-agriculture.com\/wp-content\/uploads\/2024\/10\/3-Ridges-Ridging-Machine-1381x1536.jpg 1381w, https:\/\/tasng-agriculture.com\/wp-content\/uploads\/2024\/10\/3-Ridges-Ridging-Machine-11x12.jpg 11w, https:\/\/tasng-agriculture.com\/wp-content\/uploads\/2024\/10\/3-Ridges-Ridging-Machine-500x556.jpg 500w, https:\/\/tasng-agriculture.com\/wp-content\/uploads\/2024\/10\/3-Ridges-Ridging-Machine.jpg 1510w\" sizes=\"auto, (max-width: 270px) 100vw, 270px\" \/><\/p>\n<p>1.Fuselaje: la onduladora de 3 crestas est\u00e1 integrada en el tim\u00f3n rotativo, el fuselaje es m\u00e1s corto y m\u00e1s peque\u00f1o, requiere menos caballos de fuerza del tractor, lo que facilita el giro y ahorra terreno.<a href=\"https:\/\/tasng-agriculture.com\/es\/product\/8-rows-pneumatic-carrot-seeder\/\">.<\/a><\/p>\n<p>2.Rodillo de siembra: El rodillo de siembra est\u00e1 hecho de acero inoxidable, finamente pulido, soldado sin costuras, no mancha, no se oxida, duradero.<\/p>\n<p><img loading=\"lazy\" decoding=\"async\" class=\"alignnone size-medium wp-image-1279\" src=\"https:\/\/tasng-agriculture.com\/wp-content\/uploads\/2024\/10\/3-Ridges-Ridging-Machine-1-300x291.jpg\" alt=\"\" width=\"300\" height=\"291\" srcset=\"https:\/\/tasng-agriculture.com\/wp-content\/uploads\/2024\/10\/3-Ridges-Ridging-Machine-1-300x291.jpg 300w, https:\/\/tasng-agriculture.com\/wp-content\/uploads\/2024\/10\/3-Ridges-Ridging-Machine-1-1024x993.jpg 1024w, https:\/\/tasng-agriculture.com\/wp-content\/uploads\/2024\/10\/3-Ridges-Ridging-Machine-1-768x745.jpg 768w, https:\/\/tasng-agriculture.com\/wp-content\/uploads\/2024\/10\/3-Ridges-Ridging-Machine-1-12x12.jpg 12w, https:\/\/tasng-agriculture.com\/wp-content\/uploads\/2024\/10\/3-Ridges-Ridging-Machine-1-500x485.jpg 500w, https:\/\/tasng-agriculture.com\/wp-content\/uploads\/2024\/10\/3-Ridges-Ridging-Machine-1.jpg 1510w\" sizes=\"auto, (max-width: 300px) 100vw, 300px\" \/><\/p>\n<p>3.M\u00e9todo de arranque: Adopta el tipo de extrusi\u00f3n de arranque, buena forma de la cresta, sin colapso, sin rotura de la cresta.<a href=\"http:\/\/www.dsseeder.com\" rel=\"nofollow noopener\" target=\"_blank\">.<\/a><\/p>\n<h2><strong>Par\u00e1metros de producto de la acanaladora 3 Ridges<\/strong><\/h2>\n<table>\n<tbody>\n<tr>\n<td colspan=\"4\" width=\"600\">\u00a0 \u00a0 \u00a0 \u00a0 \u00a0 \u00a0 \u00a0 \u00a0 \u00a0 \u00a0 \u00a0 \u00a0 \u00a0 \u00a0 \u00a0 \u00a0 \u00a0 \u00a0 \u00a0 \u00a0 \u00a0 \u00a0 \u00a0 \u00a0 \u00a0 \u00a0 \u00a0 \u00a0 \u00a0 M\u00e1quina onduladora de 3 crestas<\/td>\n<\/tr>\n<tr>\n<td width=\"150\">N\u00ba de modelo<\/td>\n<td width=\"150\">3RXF-700C\/3RXF-800C<br \/>\n3RXF-900C\/3RXF-1100C<\/td>\n<td width=\"150\">Funci\u00f3n<\/td>\n<td width=\"150\">Labranza rotativa, formaci\u00f3n de caballones, fertilizaci\u00f3n, compactaci\u00f3n<\/td>\n<\/tr>\n<tr>\n<td width=\"150\">N\u00famero de crestas<\/td>\n<td width=\"150\">3<\/td>\n<td width=\"150\">Altura de la cumbrera (mm)<\/td>\n<td width=\"150\">150\/200\/220\/250<\/td>\n<\/tr>\n<tr>\n<td width=\"150\">Anchura de la cresta (mm)<\/td>\n<td width=\"150\">700\/800\/900\/1100<\/td>\n<td width=\"150\">Dimensiones (mm)<\/td>\n<td width=\"150\">1250*2200*1400<br \/>\n1250*2300*1400<br \/>\n1300*3000*1500<br \/>\n1450*3500*1650<\/td>\n<\/tr>\n<tr>\n<td width=\"150\">Velocidad de trabajo (km\/h)<\/td>\n<td width=\"150\">4-6.5<\/td>\n<td width=\"150\">N\u00famero de crestas de trabajo<\/td>\n<td width=\"150\">3<\/td>\n<\/tr>\n<tr>\n<td width=\"150\">Superficie de la cresta (mm)<\/td>\n<td width=\"150\">350\/450\/550\/750<\/td>\n<td width=\"150\">Potencia de adaptaci\u00f3n<\/td>\n<td width=\"150\">804\/1004\/1204\/1804<\/td>\n<\/tr>\n<tr>\n<td width=\"150\">\u00c1mbito de aplicaci\u00f3n<\/td>\n<td colspan=\"3\" width=\"450\">Zanahorias, cebolla, remolacha, lechuga, col, r\u00e1bano blanco, lechuga, etc.<\/td>\n<\/tr>\n<\/tbody>\n<\/table>\n<h2><strong>M\u00e1quina onduladora de 3 crestas <\/strong>Perfil de la empresa<\/h2>\n<p>Qingdao Dashun Jingfeng Industry and Trade Co, Ltd fue fundada en junio de 2014, la empresa se encuentra en Laixi, Qingdao. Nos dedicamos principalmente a la sembradora de succi\u00f3n neum\u00e1tica de hortalizas transportada por tractor, sembradora de succi\u00f3n neum\u00e1tica de hortalizas autopropulsada, sembradora de succi\u00f3n neum\u00e1tica de hortalizas de suelo plano y otros productos.<\/p>\n<p>La empresa tiene una superficie de 3,2 acres y la f\u00e1brica de 1,5 acres. La empresa tiene 80 empleados, con un departamento independiente de I+D y 6 dise\u00f1adores de I+D. Los activos fijos totales de la empresa han alcanzado m\u00e1s de$1,42 millones, con una facturaci\u00f3n anual de m\u00e1s de $2,85 millones. Nuestros productos y servicios cubren m\u00e1s de 30 provincias de China y se exportan al extranjero.<\/p>\n<p>Desde su creaci\u00f3n, Qingdao Dashun ha dominado la tecnolog\u00eda de base de la m\u00e1quina de siembra, y establecer la investigaci\u00f3n y el desarrollo de maquinaria agr\u00edcola y equipos, producci\u00f3n, ventas y servicio en la integraci\u00f3n de las empresas. Y siempre se adhieren a la \"innovaci\u00f3n cient\u00edfica y tecnol\u00f3gica\" como la fuerza impulsora principal, despu\u00e9s de m\u00e1s de una d\u00e9cada de desarrollo, se ha convertido en una empresa l\u00edder en el campo de la m\u00e1quina de siembra de hortalizas nacional. Por otra parte, la empresa tambi\u00e9n se centra en la cooperaci\u00f3n entre la industria, la academia y la investigaci\u00f3n, y ha establecido la relaci\u00f3n de cooperaci\u00f3n con m\u00e1s de diez unidades de investigaci\u00f3n cient\u00edfica y colegios y universidades, que constantemente mejora la capacidad creativa de la empresa y el nivel t\u00e9cnico.<\/p>\n<p>Qingdao Dashun se adhiere a la cultura empresarial de \"confianza en uno mismo, progreso, esfuerzo y trabajo duro\", y se dedica a la investigaci\u00f3n y desarrollo de la plantadora de hortalizas, que puede reducir un tercio del coste y aumentar un tercio de los ingresos de cada acre de tierra, y resuelve de ra\u00edz los problemas de dificultad para plantar, lentitud para plantar y alto coste de la plantaci\u00f3n.<\/p>\n<p>En el campo de las sembradoras de hortalizas, Qingdao Dashun posee m\u00e1s de 50 tecnolog\u00edas b\u00e1sicas patentadas, y su cuota de mercado ha sido l\u00edder del sector durante tres a\u00f1os consecutivos.<\/p>\n<p>La empresa participa activamente en empresas de bienestar social, realiza regularmente actividades de ciencia y tecnolog\u00eda en escuelas, apoya el desarrollo de la educaci\u00f3n y est\u00e1 comprometida con la protecci\u00f3n del medio ambiente y el desarrollo sostenible.<\/p>\n<h2><strong>M\u00e1quina onduladora de 3 crestas <\/strong>Producto postventa<\/h2>\n<p>Gracias por elegir nuestra m\u00e1quina ranuradora de 3 crestas. Siempre insistimos en centrarnos en el cliente y ofrecerle un servicio postventa de alta calidad, eficiente y completo. Los siguientes son los contenidos espec\u00edficos de nuestro servicio post-venta:<\/p>\n<p>Nuestra empresa se compromete a ofrecer un servicio posventa perfecto para los productos vendidos de acuerdo con las leyes y normativas nacionales y de los fabricantes.<\/p>\n<p>Adherirse al prop\u00f3sito de servicio basado en la integridad y centrado en el cliente, para garantizar los derechos e intereses leg\u00edtimos de cada cliente.<\/p>\n<p>En segundo lugar, el alcance del servicio posventa<\/p>\n<p>Garant\u00eda del producto: Desde la fecha de compra, de acuerdo con la especificaci\u00f3n del producto o contrato de venta acordado per\u00edodo de garant\u00eda, para proporcionar servicio de garant\u00eda gratuito.<\/p>\n<p>Mantenimiento del producto: m\u00e1s all\u00e1 del periodo de garant\u00eda o debido a problemas no relacionados con la calidad del producto causados por la no prestaci\u00f3n de servicios de mantenimiento de pago.<\/p>\n<p>Asistencia t\u00e9cnica: proporcionar asesoramiento t\u00e9cnico y orientaci\u00f3n sobre el uso, funcionamiento y mantenimiento del producto.<\/p>\n<p>En tercer lugar, el proceso de servicio posventa<\/p>\n<p>Llame al servicio de atenci\u00f3n al cliente: Cuando tenga problemas, llame a nuestra l\u00ednea de atenci\u00f3n al cliente, nuestro personal de atenci\u00f3n al cliente responder\u00e1 a sus preguntas.<\/p>\n<p>Presentar una solicitud de servicio: Si necesita mantenimiento, sustituci\u00f3n y otros servicios, env\u00ede una solicitud de servicio a trav\u00e9s de la l\u00ednea de atenci\u00f3n al cliente.<\/p>\n<p>Organizar el servicio: Despu\u00e9s de recibir la solicitud de servicio, organizaremos personal profesional para prestarle servicios lo antes posible.<\/p>\n<p>Servicio de seguimiento: Una vez finalizado el servicio, realizaremos un seguimiento de la calidad del servicio para asegurarnos de que el problema se ha resuelto correctamente.<\/p>\n<p>Cuarto, tiempo de servicio posventa Nuestra l\u00ednea de atenci\u00f3n al cliente est\u00e1 abierta todo el a\u00f1o, 24 horas al d\u00eda, para ofrecerle servicios.<\/p>\n<p>&nbsp;<\/p>","protected":false},"excerpt":{"rendered":"<p><strong>\u00c1mbito de aplicaci\u00f3n<\/strong><\/p>\n<p>Verduras: Zanahorias, cebolla ,remolacha, lechuga, col, r\u00e1bano blanco, lechuga, etc.<\/p>","protected":false},"featured_media":423,"template":"","meta":{"_gspb_post_css":""},"product_brand":[],"product_cat":[24],"product_tag":[],"class_list":{"0":"post-422","1":"product","2":"type-product","3":"status-publish","4":"has-post-thumbnail","6":"product_cat-customized-ridging-machine","8":"first","9":"instock","10":"shipping-taxable","11":"product-type-simple"},"_links":{"self":[{"href":"https:\/\/tasng-agriculture.com\/es\/wp-json\/wp\/v2\/product\/422","targetHints":{"allow":["GET"]}}],"collection":[{"href":"https:\/\/tasng-agriculture.com\/es\/wp-json\/wp\/v2\/product"}],"about":[{"href":"https:\/\/tasng-agriculture.com\/es\/wp-json\/wp\/v2\/types\/product"}],"wp:featuredmedia":[{"embeddable":true,"href":"https:\/\/tasng-agriculture.com\/es\/wp-json\/wp\/v2\/media\/423"}],"wp:attachment":[{"href":"https:\/\/tasng-agriculture.com\/es\/wp-json\/wp\/v2\/media?parent=422"}],"wp:term":[{"taxonomy":"product_brand","embeddable":true,"href":"https:\/\/tasng-agriculture.com\/es\/wp-json\/wp\/v2\/product_brand?post=422"},{"taxonomy":"product_cat","embeddable":true,"href":"https:\/\/tasng-agriculture.com\/es\/wp-json\/wp\/v2\/product_cat?post=422"},{"taxonomy":"product_tag","embeddable":true,"href":"https:\/\/tasng-agriculture.com\/es\/wp-json\/wp\/v2\/product_tag?post=422"}],"curies":[{"name":"wp","href":"https:\/\/api.w.org\/{rel}","templated":true}]}}