{"id":430,"date":"2024-10-28T02:37:09","date_gmt":"2024-10-28T02:37:09","guid":{"rendered":"https:\/\/tasng-agriculture.com\/?post_type=product&#038;p=430"},"modified":"2024-12-24T06:52:15","modified_gmt":"2024-12-24T06:52:15","slug":"tractor-carried-four-ridges-ridging-machine","status":"publish","type":"product","link":"https:\/\/tasng-agriculture.com\/es\/product\/tractor-carried-four-ridges-ridging-machine\/","title":{"rendered":"Arrastradora eficaz de 4 crestas"},"content":{"rendered":"<h2><strong>Arrastradora de 4 crestas <\/strong>Descripci\u00f3n del producto<\/h2>\n<p>Una m\u00e1quina de 4 caballones es un implemento agr\u00edcola dise\u00f1ado para crear simult\u00e1neamente cuatro caballones en el campo, facilitando el cultivo de cosechas como patatas y verduras.<a href=\"https:\/\/tasng-agriculture.com\/es\/product\/8-rows-pneumatic-carrot-seeder\/\">.<\/a><\/p>\n<p><img loading=\"lazy\" decoding=\"async\" class=\"alignnone size-medium wp-image-1275\" src=\"https:\/\/tasng-agriculture.com\/wp-content\/uploads\/2024\/10\/4-Ridges-Ridging-Machine-300x300.jpg\" alt=\"\" width=\"300\" height=\"300\" srcset=\"https:\/\/tasng-agriculture.com\/wp-content\/uploads\/2024\/10\/4-Ridges-Ridging-Machine-300x300.jpg 300w, https:\/\/tasng-agriculture.com\/wp-content\/uploads\/2024\/10\/4-Ridges-Ridging-Machine-1024x1024.jpg 1024w, https:\/\/tasng-agriculture.com\/wp-content\/uploads\/2024\/10\/4-Ridges-Ridging-Machine-150x150.jpg 150w, https:\/\/tasng-agriculture.com\/wp-content\/uploads\/2024\/10\/4-Ridges-Ridging-Machine-768x768.jpg 768w, https:\/\/tasng-agriculture.com\/wp-content\/uploads\/2024\/10\/4-Ridges-Ridging-Machine-12x12.jpg 12w, https:\/\/tasng-agriculture.com\/wp-content\/uploads\/2024\/10\/4-Ridges-Ridging-Machine-500x500.jpg 500w, https:\/\/tasng-agriculture.com\/wp-content\/uploads\/2024\/10\/4-Ridges-Ridging-Machine.jpg 1512w\" sizes=\"auto, (max-width: 300px) 100vw, 300px\" \/><\/p>\n<h2><strong>M\u00e1quina de estriar de 4 crestas Ventajas del producto<\/strong><\/h2>\n<ol>\n<li>- Funcionamiento multi-hilera: Capaz de formar cuatro caballones en una sola pasada, mejorando la eficiencia operativa y haci\u00e9ndola adecuada para la agricultura a gran escala.<\/li>\n<li>- Ajustabilidad: La m\u00e1quina permite ajustes para adaptarse a diversos requisitos de espaciado entre hileras de cultivo, satisfaciendo diversas necesidades agron\u00f3micas.<\/li>\n<li>- Construcci\u00f3n robusta: Construida con un bastidor robusto y discos o arados de alta calidad, que garantizan un rendimiento fiable en diferentes condiciones del suelo.<img loading=\"lazy\" decoding=\"async\" class=\"alignnone size-medium wp-image-1276\" src=\"https:\/\/tasng-agriculture.com\/wp-content\/uploads\/2024\/10\/4-Ridges-Ridging-Machine-1-300x300.jpg\" alt=\"\" width=\"300\" height=\"300\" srcset=\"https:\/\/tasng-agriculture.com\/wp-content\/uploads\/2024\/10\/4-Ridges-Ridging-Machine-1-300x300.jpg 300w, https:\/\/tasng-agriculture.com\/wp-content\/uploads\/2024\/10\/4-Ridges-Ridging-Machine-1-1024x1024.jpg 1024w, https:\/\/tasng-agriculture.com\/wp-content\/uploads\/2024\/10\/4-Ridges-Ridging-Machine-1-150x150.jpg 150w, https:\/\/tasng-agriculture.com\/wp-content\/uploads\/2024\/10\/4-Ridges-Ridging-Machine-1-768x768.jpg 768w, https:\/\/tasng-agriculture.com\/wp-content\/uploads\/2024\/10\/4-Ridges-Ridging-Machine-1-12x12.jpg 12w, https:\/\/tasng-agriculture.com\/wp-content\/uploads\/2024\/10\/4-Ridges-Ridging-Machine-1-500x500.jpg 500w, https:\/\/tasng-agriculture.com\/wp-content\/uploads\/2024\/10\/4-Ridges-Ridging-Machine-1.jpg 1512w\" sizes=\"auto, (max-width: 300px) 100vw, 300px\" \/><\/li>\n<\/ol>\n<h2><strong>Par\u00e1metros de producto de la ranuradora 4 Ridges<\/strong><\/h2>\n<table>\n<tbody>\n<tr>\n<td style=\"text-align: center\" colspan=\"4\" width=\"600\">Arrastradora de 4 crestas<\/td>\n<\/tr>\n<tr>\n<td width=\"150\">N\u00ba de modelo<\/td>\n<td width=\"150\">4RXF-500C\/4RXF-600C<br \/>\n4RXF-700C\/4RXF-800C<\/td>\n<td width=\"150\">Funci\u00f3n<\/td>\n<td width=\"150\">Labranza rotativa, formaci\u00f3n de caballones, fertilizaci\u00f3n, compactaci\u00f3n<\/td>\n<\/tr>\n<tr>\n<td width=\"150\">N\u00famero de crestas<\/td>\n<td width=\"150\">4<\/td>\n<td width=\"150\">Altura de la cumbrera (mm)<\/td>\n<td width=\"150\">160\/180\/200\/220<\/td>\n<\/tr>\n<tr>\n<td width=\"150\">Anchura de la cresta (mm)<\/td>\n<td width=\"150\">500\/600\/700\/800<\/td>\n<td width=\"150\">Dimensiones (mm)<\/td>\n<td width=\"150\">1450*2500*1600<br \/>\n1450*2800*1600<br \/>\n1450*3000*1600<br \/>\n1650*3400*1800<\/td>\n<\/tr>\n<tr>\n<td width=\"150\">Velocidad de trabajo (km\/h)<\/td>\n<td width=\"150\">4-6.5<\/td>\n<td width=\"150\">N\u00famero de crestas de trabajo<\/td>\n<td width=\"150\">4<\/td>\n<\/tr>\n<tr>\n<td width=\"150\">Superficie de la cresta (mm)<\/td>\n<td width=\"150\">150\/250\/350\/450<\/td>\n<td width=\"150\">Potencia de adaptaci\u00f3n<\/td>\n<td width=\"150\">1004\/1204\/1404\/1804<\/td>\n<\/tr>\n<tr>\n<td width=\"150\">\u00c1mbito de aplicaci\u00f3n<\/td>\n<td colspan=\"3\" width=\"450\">Ma\u00edz, soja ,zanahoria, cebolla, remolacha, lechuga, col, r\u00e1bano blanco, lechuga, etc.<\/td>\n<\/tr>\n<\/tbody>\n<\/table>\n<h2><strong>Arrastradora de 4 crestas <\/strong>Perfil de la empresa<\/h2>\n<p><a href=\"http:\/\/www.dsseeder.com\" rel=\"nofollow noopener\" target=\"_blank\">Qingdao Dashun Jingfeng Industry and Trade Co., Ltd <\/a>fue fundada en junio de 2014, la empresa se encuentra en Laixi, Qingdao. Nos dedicamos principalmente a la sembradora de succi\u00f3n neum\u00e1tica de hortalizas transportada por tractor, sembradora de succi\u00f3n neum\u00e1tica de hortalizas autopropulsada, sembradora de succi\u00f3n neum\u00e1tica de hortalizas de suelo plano y otros productos.<\/p>\n<p>La empresa tiene una superficie de 3,2 acres y la f\u00e1brica de 1,5 acres. La empresa tiene 80 empleados, con un departamento independiente de I+D y 6 dise\u00f1adores de I+D. Los activos fijos totales de la empresa han alcanzado m\u00e1s de$1,42 millones, con una facturaci\u00f3n anual de m\u00e1s de $2,85 millones. Nuestros productos y servicios cubren m\u00e1s de 30 provincias de China y se exportan al extranjero.<\/p>\n<p>Desde su creaci\u00f3n, Qingdao Dashun ha dominado la tecnolog\u00eda de base de la m\u00e1quina de siembra, y establecer la investigaci\u00f3n y el desarrollo de maquinaria agr\u00edcola y equipos, producci\u00f3n, ventas y servicio en la integraci\u00f3n de las empresas. Y siempre se adhieren a la \"innovaci\u00f3n cient\u00edfica y tecnol\u00f3gica\" como la fuerza impulsora principal, despu\u00e9s de m\u00e1s de una d\u00e9cada de desarrollo, se ha convertido en una empresa l\u00edder en el campo de la m\u00e1quina de siembra de hortalizas nacional. Por otra parte, la empresa tambi\u00e9n se centra en la cooperaci\u00f3n entre la industria, la academia y la investigaci\u00f3n, y ha establecido la relaci\u00f3n de cooperaci\u00f3n con m\u00e1s de diez unidades de investigaci\u00f3n cient\u00edfica y colegios y universidades, que constantemente mejora la capacidad creativa de la empresa y el nivel t\u00e9cnico.<\/p>\n<p>Qingdao Dashun se adhiere a la cultura empresarial de \"confianza en uno mismo, progreso, esfuerzo y trabajo duro\", y se dedica a la investigaci\u00f3n y desarrollo de la plantadora de hortalizas, que puede reducir un tercio del coste y aumentar un tercio de los ingresos de cada acre de tierra, y resuelve de ra\u00edz los problemas de dificultad para plantar, lentitud para plantar y alto coste de la plantaci\u00f3n.<\/p>\n<p>En el campo de las sembradoras de hortalizas, Qingdao Dashun posee m\u00e1s de 50 tecnolog\u00edas b\u00e1sicas patentadas, y su cuota de mercado ha sido l\u00edder del sector durante tres a\u00f1os consecutivos.<\/p>\n<p>La empresa participa activamente en empresas de bienestar social, realiza regularmente actividades de ciencia y tecnolog\u00eda en escuelas, apoya el desarrollo de la educaci\u00f3n y est\u00e1 comprometida con la protecci\u00f3n del medio ambiente y el desarrollo sostenible.<\/p>\n<h2><strong>Arrastradora de 4 crestas <\/strong>Producto postventa<\/h2>\n<p>Gracias por elegir nuestra sembradora de hortalizas. Siempre insistimos en centrarnos en el cliente y ofrecerle un servicio posventa de alta calidad, eficiente y completo. Los siguientes son los contenidos espec\u00edficos de nuestro servicio post-venta:<\/p>\n<p>Nuestra empresa se compromete a ofrecer un servicio posventa perfecto para los productos vendidos de acuerdo con las leyes y normativas nacionales y de los fabricantes.<\/p>\n<p>Adherirse al prop\u00f3sito de servicio basado en la integridad y centrado en el cliente, para garantizar los derechos e intereses leg\u00edtimos de cada cliente.<\/p>\n<p>En segundo lugar, el alcance del servicio posventa<\/p>\n<p>Garant\u00eda del producto: Desde la fecha de compra, de acuerdo con la especificaci\u00f3n del producto o contrato de venta acordado per\u00edodo de garant\u00eda, para proporcionar servicio de garant\u00eda gratuito.<\/p>\n<p>Mantenimiento del producto: m\u00e1s all\u00e1 del periodo de garant\u00eda o debido a problemas no relacionados con la calidad del producto causados por la no prestaci\u00f3n de servicios de mantenimiento de pago.<\/p>\n<p>Asistencia t\u00e9cnica: proporcionar asesoramiento t\u00e9cnico y orientaci\u00f3n sobre el uso, funcionamiento y mantenimiento del producto.<\/p>\n<p>En tercer lugar, el proceso de servicio posventa<\/p>\n<p>Llame al servicio de atenci\u00f3n al cliente: Cuando tenga problemas, llame a nuestra l\u00ednea de atenci\u00f3n al cliente, nuestro personal de atenci\u00f3n al cliente responder\u00e1 a sus preguntas.<\/p>\n<p>Presentar una solicitud de servicio: Si necesita mantenimiento, sustituci\u00f3n y otros servicios, env\u00ede una solicitud de servicio a trav\u00e9s de la l\u00ednea de atenci\u00f3n al cliente.<\/p>\n<p>Organizar el servicio: Despu\u00e9s de recibir la solicitud de servicio, organizaremos personal profesional para prestarle servicios lo antes posible.<\/p>\n<p>Servicio de seguimiento: Una vez finalizado el servicio, realizaremos un seguimiento de la calidad del servicio para asegurarnos de que el problema se ha resuelto correctamente.<\/p>\n<p>Cuarto, tiempo de servicio posventa Nuestra l\u00ednea de atenci\u00f3n al cliente est\u00e1 abierta todo el a\u00f1o, 24 horas al d\u00eda, para ofrecerle servicios.<\/p>\n<p>Recomendaciones de uso:<br \/>\n1. Instalaci\u00f3n y ajuste: Fije firmemente el aporcador al tractor, asegur\u00e1ndose de que todas las conexiones est\u00e9n firmes. Ajuste la distancia entre hileras y la altura del caball\u00f3n seg\u00fan los requisitos espec\u00edficos del cultivo.<br \/>\n2. Directrices operativas: Mantener una velocidad operativa adecuada durante el trabajo de campo para asegurar que los caballones se forman con la profundidad y anchura deseadas, aline\u00e1ndose con las pr\u00e1cticas agron\u00f3micas.<br \/>\n3. Mantenimiento: Inspeccione peri\u00f3dicamente los componentes cr\u00edticos, como los discos o las rejas de arado, para comprobar si est\u00e1n desgastados. Sustituya r\u00e1pidamente cualquier pieza da\u00f1ada para mantener la eficiencia y longevidad de la m\u00e1quina.<\/p>\n<p>La implantaci\u00f3n de una aporcadora de cuatro hileras en la agricultura moderna aumenta la productividad y optimiza las condiciones de plantaci\u00f3n, lo que la convierte en una herramienta indispensable para las operaciones agr\u00edcolas contempor\u00e1neas.<\/p>","protected":false},"excerpt":{"rendered":"<p><strong>\u00c1mbito de aplicaci\u00f3n<\/strong><\/p>\n<p>Verduras: Zanahorias, cebolla, remolacha, lechuga, col, r\u00e1bano blanco, lechuga, etc.<\/p>","protected":false},"featured_media":436,"template":"","meta":{"_gspb_post_css":""},"product_brand":[],"product_cat":[24],"product_tag":[],"class_list":{"0":"post-430","1":"product","2":"type-product","3":"status-publish","4":"has-post-thumbnail","6":"product_cat-customized-ridging-machine","8":"first","9":"instock","10":"shipping-taxable","11":"product-type-simple"},"_links":{"self":[{"href":"https:\/\/tasng-agriculture.com\/es\/wp-json\/wp\/v2\/product\/430","targetHints":{"allow":["GET"]}}],"collection":[{"href":"https:\/\/tasng-agriculture.com\/es\/wp-json\/wp\/v2\/product"}],"about":[{"href":"https:\/\/tasng-agriculture.com\/es\/wp-json\/wp\/v2\/types\/product"}],"wp:featuredmedia":[{"embeddable":true,"href":"https:\/\/tasng-agriculture.com\/es\/wp-json\/wp\/v2\/media\/436"}],"wp:attachment":[{"href":"https:\/\/tasng-agriculture.com\/es\/wp-json\/wp\/v2\/media?parent=430"}],"wp:term":[{"taxonomy":"product_brand","embeddable":true,"href":"https:\/\/tasng-agriculture.com\/es\/wp-json\/wp\/v2\/product_brand?post=430"},{"taxonomy":"product_cat","embeddable":true,"href":"https:\/\/tasng-agriculture.com\/es\/wp-json\/wp\/v2\/product_cat?post=430"},{"taxonomy":"product_tag","embeddable":true,"href":"https:\/\/tasng-agriculture.com\/es\/wp-json\/wp\/v2\/product_tag?post=430"}],"curies":[{"name":"wp","href":"https:\/\/api.w.org\/{rel}","templated":true}]}}