{"id":453,"date":"2024-10-28T03:49:14","date_gmt":"2024-10-28T03:49:14","guid":{"rendered":"https:\/\/tasng-agriculture.com\/?post_type=product&#038;p=453"},"modified":"2024-12-24T02:26:14","modified_gmt":"2024-12-24T02:26:14","slug":"1-ridge-8-row-baby-cabbage-pneumatic-seeder","status":"publish","type":"product","link":"https:\/\/tasng-agriculture.com\/es\/product\/1-ridge-8-row-baby-cabbage-pneumatic-seeder\/","title":{"rendered":"Sembradora de repollo neum\u00e1tica de 8 filas extremadamente duradera"},"content":{"rendered":"<h2>Sembradora neum\u00e1tica de 8 filas Descripci\u00f3n del producto<\/h2>\n<p><img loading=\"lazy\" decoding=\"async\" class=\"alignnone size-medium wp-image-1267\" src=\"https:\/\/tasng-agriculture.com\/wp-content\/uploads\/2024\/10\/8-Rows-Pneumatic-Baby-cabbage-Seeder-300x300.jpg\" alt=\"\" width=\"300\" height=\"300\" srcset=\"https:\/\/tasng-agriculture.com\/wp-content\/uploads\/2024\/10\/8-Rows-Pneumatic-Baby-cabbage-Seeder-300x300.jpg 300w, https:\/\/tasng-agriculture.com\/wp-content\/uploads\/2024\/10\/8-Rows-Pneumatic-Baby-cabbage-Seeder-1024x1024.jpg 1024w, https:\/\/tasng-agriculture.com\/wp-content\/uploads\/2024\/10\/8-Rows-Pneumatic-Baby-cabbage-Seeder-150x150.jpg 150w, https:\/\/tasng-agriculture.com\/wp-content\/uploads\/2024\/10\/8-Rows-Pneumatic-Baby-cabbage-Seeder-768x768.jpg 768w, https:\/\/tasng-agriculture.com\/wp-content\/uploads\/2024\/10\/8-Rows-Pneumatic-Baby-cabbage-Seeder-1536x1536.jpg 1536w, https:\/\/tasng-agriculture.com\/wp-content\/uploads\/2024\/10\/8-Rows-Pneumatic-Baby-cabbage-Seeder-12x12.jpg 12w, https:\/\/tasng-agriculture.com\/wp-content\/uploads\/2024\/10\/8-Rows-Pneumatic-Baby-cabbage-Seeder-500x500.jpg 500w, https:\/\/tasng-agriculture.com\/wp-content\/uploads\/2024\/10\/8-Rows-Pneumatic-Baby-cabbage-Seeder.jpg 2016w\" sizes=\"auto, (max-width: 300px) 100vw, 300px\" \/><\/p>\n<p>Con los avances de la tecnolog\u00eda, una sembradora autom\u00e1tica de hortalizas se ha convertido en una herramienta valiosa, automatizando el proceso de siembra para aumentar la velocidad, la precisi\u00f3n y la productividad general, especialmente en las operaciones agr\u00edcolas a gran escala.<\/p>\n<p><img loading=\"lazy\" decoding=\"async\" class=\"alignnone size-medium wp-image-1268\" src=\"https:\/\/tasng-agriculture.com\/wp-content\/uploads\/2024\/10\/8-Rows-Pneumatic-Baby-cabbage-Seeder-1-300x300.jpg\" alt=\"\" width=\"300\" height=\"300\" srcset=\"https:\/\/tasng-agriculture.com\/wp-content\/uploads\/2024\/10\/8-Rows-Pneumatic-Baby-cabbage-Seeder-1-300x300.jpg 300w, https:\/\/tasng-agriculture.com\/wp-content\/uploads\/2024\/10\/8-Rows-Pneumatic-Baby-cabbage-Seeder-1-1024x1024.jpg 1024w, https:\/\/tasng-agriculture.com\/wp-content\/uploads\/2024\/10\/8-Rows-Pneumatic-Baby-cabbage-Seeder-1-150x150.jpg 150w, https:\/\/tasng-agriculture.com\/wp-content\/uploads\/2024\/10\/8-Rows-Pneumatic-Baby-cabbage-Seeder-1-768x768.jpg 768w, https:\/\/tasng-agriculture.com\/wp-content\/uploads\/2024\/10\/8-Rows-Pneumatic-Baby-cabbage-Seeder-1-12x12.jpg 12w, https:\/\/tasng-agriculture.com\/wp-content\/uploads\/2024\/10\/8-Rows-Pneumatic-Baby-cabbage-Seeder-1-500x500.jpg 500w, https:\/\/tasng-agriculture.com\/wp-content\/uploads\/2024\/10\/8-Rows-Pneumatic-Baby-cabbage-Seeder-1.jpg 1258w\" sizes=\"auto, (max-width: 300px) 100vw, 300px\" \/><\/p>\n<p>Una sembradora arrastrada por tractor 8 Filas Neum\u00e1tica Baby cabbage Seeder es un equipo agr\u00edcola dise\u00f1ado para acoplarse a un tractor con el fin de plantar semillas en un campo. Este tipo de sembradora se utiliza habitualmente en explotaciones agr\u00edcolas a gran escala para mejorar la eficacia y la precisi\u00f3n de la siembra, garantizando una distribuci\u00f3n uniforme de las semillas y una profundidad de siembra \u00f3ptima.<\/p>\n<p>La sembradora neum\u00e1tica de 8 hileras de repollitos utiliza el principio de flujo de aire para transportar las semillas desde el dep\u00f3sito de semillas hasta el apero de siembra y garantizar que las semillas se distribuyan uniformemente en el suelo, reduciendo el desperdicio de semillas y mejorando la precisi\u00f3n y la eficacia de la siembra.<a href=\"https:\/\/tasng-agriculture.com\/es\/product\/8-rows-pneumatic-carrot-seeder\/\">.<\/a><\/p>\n<h2><strong>Sembradora neum\u00e1tica de repollitos en 8 filas Ventajas del producto<\/strong><\/h2>\n<ol>\n<li>Siembra de precisi\u00f3n por succi\u00f3n de aire: Utiliza un mecanismo de succi\u00f3n de aire para asegurar la colocaci\u00f3n precisa de la semilla, entregando una semilla por agujero, lo que reduce la necesidad de aclareo manual y ahorra costes de mano de obra.<\/li>\n<li>Operaciones integradas: Combina m\u00faltiples funciones, como el laboreo rotativo, la formaci\u00f3n de bancales, la instalaci\u00f3n de riego por goteo y la siembra por aspiraci\u00f3n de aire, lo que permite agilizar el proceso de siembra.<\/li>\n<li>\u00a0Distancia entre hileras y entre plantas ajustable: El n\u00famero de hileras y el espaciado se pueden personalizar para satisfacer los requisitos espec\u00edficos del cultivo, garantizando unas condiciones de crecimiento \u00f3ptimas.<\/li>\n<li>\u00a0Sistema de presi\u00f3n de aire estable: Equipado con un sistema independiente que proporciona una presi\u00f3n de aire constante, garantizando un rendimiento de siembra fiable.<\/li>\n<li>\u00a0Construcci\u00f3n duradera: Construido con materiales de alta calidad para soportar diversas condiciones de campo, lo que garantiza la longevidad y un funcionamiento fiable.<\/li>\n<\/ol>\n<h2><strong>Sembradora neum\u00e1tica de repollitos en 8 filas Par\u00e1metros del producto<\/strong><\/h2>\n<table>\n<tbody>\n<tr>\n<td style=\"text-align: center\" colspan=\"4\" width=\"600\">Sembradora neum\u00e1tica de 8 filas de repollitos<\/td>\n<\/tr>\n<tr>\n<td width=\"150\">N\u00ba de modelo<\/td>\n<td width=\"150\">2QS-8H<\/td>\n<td width=\"150\">Funci\u00f3n<\/td>\n<td width=\"150\">Labranza rotativa, surcado, riego por goteo, siembra por aspiraci\u00f3n de aire, control en tiempo real<\/td>\n<\/tr>\n<tr>\n<td width=\"150\">Anchura de trabajo (mm)<\/td>\n<td width=\"150\">2100<\/td>\n<td width=\"150\">Dimensiones (mm)<\/td>\n<td width=\"150\">2400*2650*1350<\/td>\n<\/tr>\n<tr>\n<td width=\"150\">L\u00edneas de trabajo<\/td>\n<td width=\"150\">8<\/td>\n<td width=\"150\">Distancia entre hileras<\/td>\n<td width=\"150\">250 (soporte de personalizaci\u00f3n)<\/td>\n<\/tr>\n<tr>\n<td width=\"150\">Distancia entre plantas (dentro de una hilera)<\/td>\n<td width=\"150\">20-600<\/td>\n<td width=\"150\">Profundidad de siembra<\/td>\n<td width=\"150\">0-20<\/td>\n<\/tr>\n<tr>\n<td width=\"150\">Potencia (Kw\/CV)<\/td>\n<td width=\"150\">804-1304<\/td>\n<td width=\"150\">Eficacia del trabajo (hect\u00e1reas)<\/td>\n<td width=\"150\">6.5-8<\/td>\n<\/tr>\n<tr>\n<td width=\"150\">\u00c1mbito de aplicaci\u00f3n<\/td>\n<td colspan=\"3\" width=\"450\">Verduras: Repollo, espinacas, cilantro, apio, lechuga, zanahorias, r\u00e1banos, cebolla, remolacha, etc.<\/td>\n<\/tr>\n<tr>\n<td width=\"150\"><\/td>\n<td colspan=\"3\" width=\"450\">Materiales medicinales: Danshen, Scutellaria, Achyranthes, Bardana, Atractylodes, Saposhnikovia, Platycodon, etc.<\/td>\n<\/tr>\n<\/tbody>\n<\/table>\n<h2>Sembradora neum\u00e1tica de repollitos en 8 filas Perfil de la empresa<\/h2>\n<p><a href=\"http:\/\/www.dsseeder.com\" rel=\"nofollow noopener\" target=\"_blank\">Qingdao Dashun Jingfeng Industry and Trade Co., Ltd<\/a> fue fundada en junio de 2014, la empresa se encuentra en Laixi, Qingdao. Nos dedicamos principalmente a la sembradora de succi\u00f3n neum\u00e1tica de hortalizas transportada por tractor, sembradora de succi\u00f3n neum\u00e1tica de hortalizas autopropulsada, sembradora de succi\u00f3n neum\u00e1tica de hortalizas de suelo plano y otros productos.<\/p>\n<p>La empresa tiene una superficie de 3,2 acres y la f\u00e1brica de 1,5 acres. La empresa tiene 80 empleados, con un departamento independiente de I+D y 6 dise\u00f1adores de I+D. Los activos fijos totales de la empresa han alcanzado m\u00e1s de$1,42 millones, con una facturaci\u00f3n anual de m\u00e1s de $2,85 millones. Nuestros productos y servicios cubren m\u00e1s de 30 provincias de China y se exportan al extranjero.<\/p>\n<p>Desde su creaci\u00f3n, Qingdao Dashun ha dominado la tecnolog\u00eda de base de la m\u00e1quina de siembra, y establecer la investigaci\u00f3n y el desarrollo de maquinaria agr\u00edcola y equipos, producci\u00f3n, ventas y servicio en la integraci\u00f3n de las empresas. Y siempre se adhieren a la \"innovaci\u00f3n cient\u00edfica y tecnol\u00f3gica\" como la fuerza impulsora principal, despu\u00e9s de m\u00e1s de una d\u00e9cada de desarrollo, se ha convertido en una empresa l\u00edder en el campo de la m\u00e1quina de siembra de hortalizas nacional. Por otra parte, la empresa tambi\u00e9n se centra en la cooperaci\u00f3n entre la industria, la academia y la investigaci\u00f3n, y ha establecido la relaci\u00f3n de cooperaci\u00f3n con m\u00e1s de diez unidades de investigaci\u00f3n cient\u00edfica y colegios y universidades, que constantemente mejora la capacidad creativa de la empresa y el nivel t\u00e9cnico.<\/p>\n<p>Qingdao Dashun se adhiere a la cultura empresarial de \"confianza en uno mismo, progreso, esfuerzo y trabajo duro\", y se dedica a la investigaci\u00f3n y desarrollo de la plantadora de hortalizas, que puede reducir un tercio del coste y aumentar un tercio de los ingresos de cada acre de tierra, y resuelve de ra\u00edz los problemas de dificultad para plantar, lentitud para plantar y alto coste de la plantaci\u00f3n.<\/p>\n<p>En el campo de las sembradoras de hortalizas, Qingdao Dashun posee m\u00e1s de 50 tecnolog\u00edas b\u00e1sicas patentadas, y su cuota de mercado ha sido l\u00edder del sector durante tres a\u00f1os consecutivos.<\/p>\n<p>La empresa participa activamente en empresas de bienestar social, realiza regularmente actividades de ciencia y tecnolog\u00eda en escuelas, apoya el desarrollo de la educaci\u00f3n y est\u00e1 comprometida con la protecci\u00f3n del medio ambiente y el desarrollo sostenible.<\/p>\n<h2>Sembradora de repollitos neum\u00e1tica de 8 filas Producto postventa<\/h2>\n<p>Gracias por elegir nuestra Sembradora Neum\u00e1tica de Repollitos de 8 Hileras.<\/p>\n<p>Siempre insistimos en centrarnos en el cliente y ofrecerle un servicio posventa de alta calidad, eficiente y completo. A continuaci\u00f3n se detallan los contenidos espec\u00edficos de nuestro servicio posventa:<\/p>\n<p>Nuestra empresa se compromete a ofrecer un servicio posventa perfecto para los productos vendidos de acuerdo con las leyes y normativas nacionales y de los fabricantes.<\/p>\n<p>Adherirse al prop\u00f3sito de servicio basado en la integridad y centrado en el cliente, para garantizar los derechos e intereses leg\u00edtimos de cada cliente.<\/p>\n<p>En segundo lugar, el alcance del servicio posventa<\/p>\n<p>Garant\u00eda del producto: Desde la fecha de compra, de acuerdo con la especificaci\u00f3n del producto o contrato de venta acordado per\u00edodo de garant\u00eda, para proporcionar servicio de garant\u00eda gratuito.<\/p>\n<p>Mantenimiento del producto: m\u00e1s all\u00e1 del periodo de garant\u00eda o debido a problemas no relacionados con la calidad del producto causados por la no prestaci\u00f3n de servicios de mantenimiento de pago.<\/p>\n<p>Asistencia t\u00e9cnica: proporcionar asesoramiento t\u00e9cnico y orientaci\u00f3n sobre el uso, funcionamiento y mantenimiento del producto.<\/p>\n<p>En tercer lugar, el proceso de servicio posventa<\/p>\n<p>&nbsp;<\/p>\n<p>Llame al servicio de atenci\u00f3n al cliente: Cuando tenga problemas, llame a nuestra l\u00ednea de atenci\u00f3n al cliente, nuestro personal de atenci\u00f3n al cliente responder\u00e1 a sus preguntas.<\/p>\n<p>Presentar una solicitud de servicio: Si necesita mantenimiento, sustituci\u00f3n y otros servicios, env\u00ede una solicitud de servicio a trav\u00e9s de la l\u00ednea de atenci\u00f3n al cliente.<\/p>\n<p>Organizar el servicio: Despu\u00e9s de recibir la solicitud de servicio, organizaremos personal profesional para prestarle servicios lo antes posible.<\/p>\n<p>Servicio de seguimiento: Una vez finalizado el servicio, realizaremos un seguimiento de la calidad del servicio para asegurarnos de que el problema se ha resuelto correctamente.<\/p>\n<p>Cuarto, tiempo de servicio posventa Nuestra l\u00ednea de atenci\u00f3n al cliente est\u00e1 abierta todo el a\u00f1o, 24 horas al d\u00eda, para ofrecerle servicios.<\/p>","protected":false},"excerpt":{"rendered":"<p>Una sembradora de hortalizas es una pieza fundamental del equipo para plantar cultivos de forma eficaz. A menudo denominada sembradora, esta m\u00e1quina ayuda a distribuir las semillas uniformemente en el suelo, garantizando un espaciado adecuado para un crecimiento \u00f3ptimo.<\/p>\n<p><strong>\u00c1mbito de aplicaci\u00f3n<\/strong><\/p>\n<p>Verduras: Repollo, espinacas, cilantro, apio, lechuga, zanahorias, r\u00e1banos, cebolla, remolacha, etc.<\/p>\n<p>Materiales medicinales: Danshen, Scutellaria, Achyranthes, Bardana, Atractylodes, Saposhnikovia, Platycodon, etc.<\/p>","protected":false},"featured_media":456,"template":"","meta":{"_gspb_post_css":""},"product_brand":[],"product_cat":[26],"product_tag":[],"class_list":{"0":"post-453","1":"product","2":"type-product","3":"status-publish","4":"has-post-thumbnail","6":"product_cat-pneumaticonion-seeder","8":"first","9":"instock","10":"shipping-taxable","11":"product-type-simple"},"_links":{"self":[{"href":"https:\/\/tasng-agriculture.com\/es\/wp-json\/wp\/v2\/product\/453","targetHints":{"allow":["GET"]}}],"collection":[{"href":"https:\/\/tasng-agriculture.com\/es\/wp-json\/wp\/v2\/product"}],"about":[{"href":"https:\/\/tasng-agriculture.com\/es\/wp-json\/wp\/v2\/types\/product"}],"wp:featuredmedia":[{"embeddable":true,"href":"https:\/\/tasng-agriculture.com\/es\/wp-json\/wp\/v2\/media\/456"}],"wp:attachment":[{"href":"https:\/\/tasng-agriculture.com\/es\/wp-json\/wp\/v2\/media?parent=453"}],"wp:term":[{"taxonomy":"product_brand","embeddable":true,"href":"https:\/\/tasng-agriculture.com\/es\/wp-json\/wp\/v2\/product_brand?post=453"},{"taxonomy":"product_cat","embeddable":true,"href":"https:\/\/tasng-agriculture.com\/es\/wp-json\/wp\/v2\/product_cat?post=453"},{"taxonomy":"product_tag","embeddable":true,"href":"https:\/\/tasng-agriculture.com\/es\/wp-json\/wp\/v2\/product_tag?post=453"}],"curies":[{"name":"wp","href":"https:\/\/api.w.org\/{rel}","templated":true}]}}